{"id":1021,"date":"2023-06-09T07:09:21","date_gmt":"2023-06-09T07:09:21","guid":{"rendered":"https:\/\/analvn.com\/?post_type=product&#038;p=1021"},"modified":"2024-02-18T14:28:12","modified_gmt":"2024-02-18T14:28:12","slug":"goi-khoa-tay-chan-co-dem-lot","status":"publish","type":"product","link":"https:\/\/analvn.com\/?product=goi-khoa-tay-chan-co-dem-lot","title":{"rendered":"G\u1ed1i kh\u00f3a tay ch\u00e2n c\u00f3 \u0111\u1ec7m l\u00f3t"},"content":{"rendered":"<p><img loading=\"lazy\" decoding=\"async\" class=\"alignnone size-medium wp-image-1031\" src=\"https:\/\/analvn.com\/wp-content\/uploads\/2023\/06\/z2191408379209_ca410bf3bc6eaae40acf31f5ab41b65e-300x211.jpg\" alt=\"\" width=\"300\" height=\"211\" srcset=\"https:\/\/analvn.com\/wp-content\/uploads\/2023\/06\/z2191408379209_ca410bf3bc6eaae40acf31f5ab41b65e-300x211.jpg 300w, https:\/\/analvn.com\/wp-content\/uploads\/2023\/06\/z2191408379209_ca410bf3bc6eaae40acf31f5ab41b65e-768x541.jpg 768w, https:\/\/analvn.com\/wp-content\/uploads\/2023\/06\/z2191408379209_ca410bf3bc6eaae40acf31f5ab41b65e-600x423.jpg 600w, https:\/\/analvn.com\/wp-content\/uploads\/2023\/06\/z2191408379209_ca410bf3bc6eaae40acf31f5ab41b65e.jpg 877w\" sizes=\"auto, (max-width: 300px) 100vw, 300px\" \/> \u00a0\u00a0\u1ed1i<\/p>\n","protected":false},"excerpt":{"rendered":"<p>G\u1ed1i v\u1ecf nhung b\u00ean tr\u00f4ng nh\u1ed3i b\u00f4ng m\u1ec1m<br \/>\nPh\u1ea7n d\u00e2y kh\u00f3a c\u1ed5 tay\/c\u1ed5 ch\u00e2n c\u00f3 \u0111\u1ec7m l\u00f4ng m\u1ec1m<br \/>\nD\u00e2y c\u00f3 th\u1ec3 \u0111i\u1ec1u ch\u1ec9nh d\u00e0i\/ng\u1eafn<\/p>\n","protected":false},"featured_media":1029,"template":"","meta":[],"product_cat":[20],"product_tag":[128,146,144],"class_list":{"0":"post-1021","1":"product","2":"type-product","3":"status-publish","4":"has-post-thumbnail","6":"product_cat-bdsm","7":"product_tag-bdsm","8":"product_tag-goi","9":"product_tag-khoa","11":"first","12":"instock","13":"shipping-taxable","14":"purchasable","15":"product-type-variable"},"jetpack_sharing_enabled":true,"_links":{"self":[{"href":"https:\/\/analvn.com\/index.php?rest_route=\/wp\/v2\/product\/1021","targetHints":{"allow":["GET"]}}],"collection":[{"href":"https:\/\/analvn.com\/index.php?rest_route=\/wp\/v2\/product"}],"about":[{"href":"https:\/\/analvn.com\/index.php?rest_route=\/wp\/v2\/types\/product"}],"wp:featuredmedia":[{"embeddable":true,"href":"https:\/\/analvn.com\/index.php?rest_route=\/wp\/v2\/media\/1029"}],"wp:attachment":[{"href":"https:\/\/analvn.com\/index.php?rest_route=%2Fwp%2Fv2%2Fmedia&parent=1021"}],"wp:term":[{"taxonomy":"product_cat","embeddable":true,"href":"https:\/\/analvn.com\/index.php?rest_route=%2Fwp%2Fv2%2Fproduct_cat&post=1021"},{"taxonomy":"product_tag","embeddable":true,"href":"https:\/\/analvn.com\/index.php?rest_route=%2Fwp%2Fv2%2Fproduct_tag&post=1021"}],"curies":[{"name":"wp","href":"https:\/\/api.w.org\/{rel}","templated":true}]}}