{"id":1030,"date":"2023-06-09T07:10:32","date_gmt":"2023-06-09T07:10:32","guid":{"rendered":"https:\/\/analvn.com\/?post_type=product&#038;p=1030"},"modified":"2024-02-18T14:29:26","modified_gmt":"2024-02-18T14:29:26","slug":"paddie-duc-lo-chan-meo","status":"publish","type":"product","link":"https:\/\/analvn.com\/?product=paddie-duc-lo-chan-meo","title":{"rendered":"Paddie \u0111\u1ee5c l\u1ed7 ch\u00e2n m\u00e8o"},"content":{"rendered":"<p><img loading=\"lazy\" decoding=\"async\" class=\"alignnone size-medium wp-image-1037\" src=\"https:\/\/analvn.com\/wp-content\/uploads\/2023\/06\/z1756803681953_ad3a1ddefcee21d33add8f149de9c96a-300x202.jpg\" alt=\"\" width=\"300\" height=\"202\" srcset=\"https:\/\/analvn.com\/wp-content\/uploads\/2023\/06\/z1756803681953_ad3a1ddefcee21d33add8f149de9c96a-300x202.jpg 300w, https:\/\/analvn.com\/wp-content\/uploads\/2023\/06\/z1756803681953_ad3a1ddefcee21d33add8f149de9c96a-600x404.jpg 600w, https:\/\/analvn.com\/wp-content\/uploads\/2023\/06\/z1756803681953_ad3a1ddefcee21d33add8f149de9c96a.jpg 759w\" sizes=\"auto, (max-width: 300px) 100vw, 300px\" \/><\/p>\n","protected":false},"excerpt":{"rendered":"<p>Ch\u1ea5t li\u1ec7u da PU<br \/>\nS\u1ea3n ph\u1ea9m ch\u1ec9 mang t\u00ednh trang tr\u00ed, \u0111\u00e1nh kh\u00f4ng \u0111au<\/p>\n","protected":false},"featured_media":1035,"template":"","meta":[],"product_cat":[20],"product_tag":[128,147,148],"class_list":{"0":"post-1030","1":"product","2":"type-product","3":"status-publish","4":"has-post-thumbnail","6":"product_cat-bdsm","7":"product_tag-bdsm","8":"product_tag-paddie","9":"product_tag-spark","11":"first","12":"instock","13":"shipping-taxable","14":"purchasable","15":"product-type-simple"},"jetpack_sharing_enabled":true,"_links":{"self":[{"href":"https:\/\/analvn.com\/index.php?rest_route=\/wp\/v2\/product\/1030","targetHints":{"allow":["GET"]}}],"collection":[{"href":"https:\/\/analvn.com\/index.php?rest_route=\/wp\/v2\/product"}],"about":[{"href":"https:\/\/analvn.com\/index.php?rest_route=\/wp\/v2\/types\/product"}],"wp:featuredmedia":[{"embeddable":true,"href":"https:\/\/analvn.com\/index.php?rest_route=\/wp\/v2\/media\/1035"}],"wp:attachment":[{"href":"https:\/\/analvn.com\/index.php?rest_route=%2Fwp%2Fv2%2Fmedia&parent=1030"}],"wp:term":[{"taxonomy":"product_cat","embeddable":true,"href":"https:\/\/analvn.com\/index.php?rest_route=%2Fwp%2Fv2%2Fproduct_cat&post=1030"},{"taxonomy":"product_tag","embeddable":true,"href":"https:\/\/analvn.com\/index.php?rest_route=%2Fwp%2Fv2%2Fproduct_tag&post=1030"}],"curies":[{"name":"wp","href":"https:\/\/api.w.org\/{rel}","templated":true}]}}