{"id":1152,"date":"2023-06-13T08:30:25","date_gmt":"2023-06-13T08:30:25","guid":{"rendered":"https:\/\/analvn.com\/?post_type=product&#038;p=1152"},"modified":"2024-02-18T14:26:27","modified_gmt":"2024-02-18T14:26:27","slug":"khoa-troi-tay-chan-dung-cho-dem-day","status":"publish","type":"product","link":"https:\/\/analvn.com\/?product=khoa-troi-tay-chan-dung-cho-dem-day","title":{"rendered":"Kh\u00f3a tr\u00f3i tay ch\u00e2n d\u00f9ng cho \u0111\u1ec7m d\u1ea7y"},"content":{"rendered":"","protected":false},"excerpt":{"rendered":"<p>S\u1eed d\u1ee5ng \u0111\u01a1n gi\u1ea3n, \u0111\u1eb7t d\u00e2y d\u01b0\u1edbi \u0111\u1ec7m v\u00e0 k\u00e9o 4 \u0111\u1ea7u v\u1ec1 4 g\u00f3c<br \/>\nPh\u1ea7n kh\u00f3a c\u1ed5 tay\/c\u1ed5 ch\u00e2n \u0111\u1ec1u c\u00f3 \u0111\u1ec7m l\u00f3t m\u1ec1m, \u00eam, ko b\u1ecb \u0111au<br \/>\nD\u00e2y c\u00f3 th\u1ec3 \u0111i\u1ec1u ch\u1ec9nh v\u1eeba v\u1edbi \u0111\u1ec7m m6-2m2<\/p>\n","protected":false},"featured_media":1139,"template":"","meta":[],"product_cat":[20],"product_tag":[145,128],"class_list":{"0":"post-1152","1":"product","2":"type-product","3":"status-publish","4":"has-post-thumbnail","6":"product_cat-bdsm","7":"product_tag-50-sac-thai","8":"product_tag-bdsm","10":"first","11":"instock","12":"shipping-taxable","13":"purchasable","14":"product-type-variable"},"jetpack_sharing_enabled":true,"_links":{"self":[{"href":"https:\/\/analvn.com\/index.php?rest_route=\/wp\/v2\/product\/1152","targetHints":{"allow":["GET"]}}],"collection":[{"href":"https:\/\/analvn.com\/index.php?rest_route=\/wp\/v2\/product"}],"about":[{"href":"https:\/\/analvn.com\/index.php?rest_route=\/wp\/v2\/types\/product"}],"wp:featuredmedia":[{"embeddable":true,"href":"https:\/\/analvn.com\/index.php?rest_route=\/wp\/v2\/media\/1139"}],"wp:attachment":[{"href":"https:\/\/analvn.com\/index.php?rest_route=%2Fwp%2Fv2%2Fmedia&parent=1152"}],"wp:term":[{"taxonomy":"product_cat","embeddable":true,"href":"https:\/\/analvn.com\/index.php?rest_route=%2Fwp%2Fv2%2Fproduct_cat&post=1152"},{"taxonomy":"product_tag","embeddable":true,"href":"https:\/\/analvn.com\/index.php?rest_route=%2Fwp%2Fv2%2Fproduct_tag&post=1152"}],"curies":[{"name":"wp","href":"https:\/\/api.w.org\/{rel}","templated":true}]}}