{"id":1159,"date":"2023-06-13T08:38:45","date_gmt":"2023-06-13T08:38:45","guid":{"rendered":"https:\/\/analvn.com\/?post_type=product&#038;p=1159"},"modified":"2024-02-18T14:24:55","modified_gmt":"2024-02-18T14:24:55","slug":"vong-co-trai-tim-kem-day-xich","status":"publish","type":"product","link":"https:\/\/analvn.com\/?product=vong-co-trai-tim-kem-day-xich","title":{"rendered":"V\u00f2ng c\u1ed5 tr\u00e1i tim k\u00e8m d\u00e2y x\u00edch"},"content":{"rendered":"","protected":false},"excerpt":{"rendered":"<p>Ch\u1ea5t li\u1ec7u da PU<br \/>\nD\u00e2y x\u00edch kim lo\u1ea1i<br \/>\nV\u00f2ng c\u1ed5 b\u1ea3n 2cm, chi\u1ec1u d\u00e0i tho\u1ea3i m\u00e1i c\u00f3 n\u1ea5c ch\u1ec9nh gi\u1ed1ng nh\u01b0 th\u1eaft l\u01b0ng<\/p>\n","protected":false},"featured_media":1128,"template":"","meta":[],"product_cat":[20],"product_tag":[145,128],"class_list":{"0":"post-1159","1":"product","2":"type-product","3":"status-publish","4":"has-post-thumbnail","6":"product_cat-bdsm","7":"product_tag-50-sac-thai","8":"product_tag-bdsm","10":"first","11":"instock","12":"shipping-taxable","13":"purchasable","14":"product-type-simple"},"jetpack_sharing_enabled":true,"_links":{"self":[{"href":"https:\/\/analvn.com\/index.php?rest_route=\/wp\/v2\/product\/1159","targetHints":{"allow":["GET"]}}],"collection":[{"href":"https:\/\/analvn.com\/index.php?rest_route=\/wp\/v2\/product"}],"about":[{"href":"https:\/\/analvn.com\/index.php?rest_route=\/wp\/v2\/types\/product"}],"wp:featuredmedia":[{"embeddable":true,"href":"https:\/\/analvn.com\/index.php?rest_route=\/wp\/v2\/media\/1128"}],"wp:attachment":[{"href":"https:\/\/analvn.com\/index.php?rest_route=%2Fwp%2Fv2%2Fmedia&parent=1159"}],"wp:term":[{"taxonomy":"product_cat","embeddable":true,"href":"https:\/\/analvn.com\/index.php?rest_route=%2Fwp%2Fv2%2Fproduct_cat&post=1159"},{"taxonomy":"product_tag","embeddable":true,"href":"https:\/\/analvn.com\/index.php?rest_route=%2Fwp%2Fv2%2Fproduct_tag&post=1159"}],"curies":[{"name":"wp","href":"https:\/\/api.w.org\/{rel}","templated":true}]}}