{"id":1160,"date":"2023-06-13T08:42:21","date_gmt":"2023-06-13T08:42:21","guid":{"rendered":"https:\/\/analvn.com\/?post_type=product&#038;p=1160"},"modified":"2024-02-18T14:24:35","modified_gmt":"2024-02-18T14:24:35","slug":"vong-co-da-ly-kem-day-xich","status":"publish","type":"product","link":"https:\/\/analvn.com\/?product=vong-co-da-ly-kem-day-xich","title":{"rendered":"V\u00f2ng c\u1ed5 da l\u1ef3 k\u00e8m d\u00e2y x\u00edch"},"content":{"rendered":"","protected":false},"excerpt":{"rendered":"<p>Ch\u1ea5t li\u1ec7u da PU l\u00ec m\u1ecbn<br \/>\nD\u00e2y x\u00edch kim lo\u1ea1i m\u00e0u \u0111en, c\u00f9ng m\u00e0u v\u1edbi v\u00f2ng c\u1ed5<br \/>\nV\u00f2ng c\u1ed5 b\u1ea3n 2cm, chi\u1ec1u d\u00e0i tho\u1ea3i m\u00e1i c\u00f3 n\u1ea5c ch\u1ec9nh gi\u1ed1ng nh\u01b0 th\u1eaft l\u01b0ng<\/p>\n","protected":false},"featured_media":1173,"template":"","meta":[],"product_cat":[20],"product_tag":[145,128,155],"class_list":{"0":"post-1160","1":"product","2":"type-product","3":"status-publish","4":"has-post-thumbnail","6":"product_cat-bdsm","7":"product_tag-50-sac-thai","8":"product_tag-bdsm","9":"product_tag-vong-co","11":"first","12":"instock","13":"shipping-taxable","14":"purchasable","15":"product-type-simple"},"jetpack_sharing_enabled":true,"_links":{"self":[{"href":"https:\/\/analvn.com\/index.php?rest_route=\/wp\/v2\/product\/1160","targetHints":{"allow":["GET"]}}],"collection":[{"href":"https:\/\/analvn.com\/index.php?rest_route=\/wp\/v2\/product"}],"about":[{"href":"https:\/\/analvn.com\/index.php?rest_route=\/wp\/v2\/types\/product"}],"wp:featuredmedia":[{"embeddable":true,"href":"https:\/\/analvn.com\/index.php?rest_route=\/wp\/v2\/media\/1173"}],"wp:attachment":[{"href":"https:\/\/analvn.com\/index.php?rest_route=%2Fwp%2Fv2%2Fmedia&parent=1160"}],"wp:term":[{"taxonomy":"product_cat","embeddable":true,"href":"https:\/\/analvn.com\/index.php?rest_route=%2Fwp%2Fv2%2Fproduct_cat&post=1160"},{"taxonomy":"product_tag","embeddable":true,"href":"https:\/\/analvn.com\/index.php?rest_route=%2Fwp%2Fv2%2Fproduct_tag&post=1160"}],"curies":[{"name":"wp","href":"https:\/\/api.w.org\/{rel}","templated":true}]}}