{"id":1170,"date":"2023-06-13T08:47:28","date_gmt":"2023-06-13T08:47:28","guid":{"rendered":"https:\/\/analvn.com\/?post_type=product&#038;p=1170"},"modified":"2024-02-18T14:25:20","modified_gmt":"2024-02-18T14:25:20","slug":"roi-da-tet-dai-75cm","status":"publish","type":"product","link":"https:\/\/analvn.com\/?product=roi-da-tet-dai-75cm","title":{"rendered":"Roi da t\u1ebft d\u00e0i 75cm"},"content":{"rendered":"","protected":false},"excerpt":{"rendered":"<p>T\u1ed5ng chi\u1ec1u d\u00e0i 75cm<br \/>\nRoi t\u1ebft t\u1eeb s\u1ee3i \u0111\u1ebfn c\u00e1n, t\u1ec9 m\u1ec9 tinh t\u1ebf<br \/>\nD\u00e1ng roi d\u00e0i, khi vung l\u00ean r\u1ea5t \u0111\u1eb9p<\/p>\n","protected":false},"featured_media":1118,"template":"","meta":[],"product_cat":[20],"product_tag":[145,128,156],"class_list":{"0":"post-1170","1":"product","2":"type-product","3":"status-publish","4":"has-post-thumbnail","6":"product_cat-bdsm","7":"product_tag-50-sac-thai","8":"product_tag-bdsm","9":"product_tag-roi","11":"first","12":"instock","13":"shipping-taxable","14":"purchasable","15":"product-type-variable"},"jetpack_sharing_enabled":true,"_links":{"self":[{"href":"https:\/\/analvn.com\/index.php?rest_route=\/wp\/v2\/product\/1170","targetHints":{"allow":["GET"]}}],"collection":[{"href":"https:\/\/analvn.com\/index.php?rest_route=\/wp\/v2\/product"}],"about":[{"href":"https:\/\/analvn.com\/index.php?rest_route=\/wp\/v2\/types\/product"}],"wp:featuredmedia":[{"embeddable":true,"href":"https:\/\/analvn.com\/index.php?rest_route=\/wp\/v2\/media\/1118"}],"wp:attachment":[{"href":"https:\/\/analvn.com\/index.php?rest_route=%2Fwp%2Fv2%2Fmedia&parent=1170"}],"wp:term":[{"taxonomy":"product_cat","embeddable":true,"href":"https:\/\/analvn.com\/index.php?rest_route=%2Fwp%2Fv2%2Fproduct_cat&post=1170"},{"taxonomy":"product_tag","embeddable":true,"href":"https:\/\/analvn.com\/index.php?rest_route=%2Fwp%2Fv2%2Fproduct_tag&post=1170"}],"curies":[{"name":"wp","href":"https:\/\/api.w.org\/{rel}","templated":true}]}}