{"id":1174,"date":"2023-06-13T08:45:13","date_gmt":"2023-06-13T08:45:13","guid":{"rendered":"https:\/\/analvn.com\/?post_type=product&#038;p=1174"},"modified":"2024-02-18T14:23:43","modified_gmt":"2024-02-18T14:23:43","slug":"roi-da-can-go","status":"publish","type":"product","link":"https:\/\/analvn.com\/?product=roi-da-can-go","title":{"rendered":"Roi da c\u00e1n g\u1ed7"},"content":{"rendered":"<p><img loading=\"lazy\" decoding=\"async\" class=\"alignnone size-medium wp-image-1120\" src=\"https:\/\/analvn.com\/wp-content\/uploads\/2023\/06\/z1055525962302_287bc709e87e49352d4ae300a83c5a1c-300x158.png\" alt=\"\" width=\"300\" height=\"158\" srcset=\"https:\/\/analvn.com\/wp-content\/uploads\/2023\/06\/z1055525962302_287bc709e87e49352d4ae300a83c5a1c-300x158.png 300w, https:\/\/analvn.com\/wp-content\/uploads\/2023\/06\/z1055525962302_287bc709e87e49352d4ae300a83c5a1c.png 582w\" sizes=\"auto, (max-width: 300px) 100vw, 300px\" \/><\/p>\n","protected":false},"excerpt":{"rendered":"<p>Roi da \u0111\u01a1n gi\u1ea3n, l\u00e0 s\u1ea3n ph\u1ea9m n\u00ean c\u00f3 \u0111\u1ec3 ch\u01a1i bdsm<br \/>\nRoi ng\u1eafn, d\u1ec5 s\u1eed d\u1ee5ng<\/p>\n","protected":false},"featured_media":1121,"template":"","meta":[],"product_cat":[20],"product_tag":[145,128,156],"class_list":{"0":"post-1174","1":"product","2":"type-product","3":"status-publish","4":"has-post-thumbnail","6":"product_cat-bdsm","7":"product_tag-50-sac-thai","8":"product_tag-bdsm","9":"product_tag-roi","11":"first","12":"instock","13":"shipping-taxable","14":"purchasable","15":"product-type-simple"},"jetpack_sharing_enabled":true,"_links":{"self":[{"href":"https:\/\/analvn.com\/index.php?rest_route=\/wp\/v2\/product\/1174","targetHints":{"allow":["GET"]}}],"collection":[{"href":"https:\/\/analvn.com\/index.php?rest_route=\/wp\/v2\/product"}],"about":[{"href":"https:\/\/analvn.com\/index.php?rest_route=\/wp\/v2\/types\/product"}],"wp:featuredmedia":[{"embeddable":true,"href":"https:\/\/analvn.com\/index.php?rest_route=\/wp\/v2\/media\/1121"}],"wp:attachment":[{"href":"https:\/\/analvn.com\/index.php?rest_route=%2Fwp%2Fv2%2Fmedia&parent=1174"}],"wp:term":[{"taxonomy":"product_cat","embeddable":true,"href":"https:\/\/analvn.com\/index.php?rest_route=%2Fwp%2Fv2%2Fproduct_cat&post=1174"},{"taxonomy":"product_tag","embeddable":true,"href":"https:\/\/analvn.com\/index.php?rest_route=%2Fwp%2Fv2%2Fproduct_tag&post=1174"}],"curies":[{"name":"wp","href":"https:\/\/api.w.org\/{rel}","templated":true}]}}