{"id":1179,"date":"2023-06-13T08:56:50","date_gmt":"2023-06-13T08:56:50","guid":{"rendered":"https:\/\/analvn.com\/?post_type=product&#038;p=1179"},"modified":"2024-02-18T14:25:15","modified_gmt":"2024-02-18T14:25:15","slug":"gag-bit-mieng-dang-duong-vat","status":"publish","type":"product","link":"https:\/\/analvn.com\/?product=gag-bit-mieng-dang-duong-vat","title":{"rendered":"Gag b\u1ecbt mi\u1ec7ng d\u00e1ng d\u01b0\u01a1ng v\u1eadt"},"content":{"rendered":"","protected":false},"excerpt":{"rendered":"<p>Ph\u1ea7n d\u00e2y \u0111eo: da PU l\u00ec m\u1ecbn<br \/>\nPh\u1ea7n gag: nh\u1ef1a d\u1ebbo, c\u1ee1 5\/10cm<br \/>\nC\u00f3 kh\u00f3a \u0111\u1ec3 c\u1ed1 \u0111\u1ecbnh v\u1ecb tr\u00ed gag<\/p>\n","protected":false},"featured_media":1106,"template":"","meta":[],"product_cat":[20],"product_tag":[138,128,137],"class_list":{"0":"post-1179","1":"product","2":"type-product","3":"status-publish","4":"has-post-thumbnail","6":"product_cat-bdsm","7":"product_tag-ball-gag","8":"product_tag-bdsm","9":"product_tag-gag","11":"first","12":"instock","13":"shipping-taxable","14":"purchasable","15":"product-type-variable"},"jetpack_sharing_enabled":true,"_links":{"self":[{"href":"https:\/\/analvn.com\/index.php?rest_route=\/wp\/v2\/product\/1179","targetHints":{"allow":["GET"]}}],"collection":[{"href":"https:\/\/analvn.com\/index.php?rest_route=\/wp\/v2\/product"}],"about":[{"href":"https:\/\/analvn.com\/index.php?rest_route=\/wp\/v2\/types\/product"}],"wp:featuredmedia":[{"embeddable":true,"href":"https:\/\/analvn.com\/index.php?rest_route=\/wp\/v2\/media\/1106"}],"wp:attachment":[{"href":"https:\/\/analvn.com\/index.php?rest_route=%2Fwp%2Fv2%2Fmedia&parent=1179"}],"wp:term":[{"taxonomy":"product_cat","embeddable":true,"href":"https:\/\/analvn.com\/index.php?rest_route=%2Fwp%2Fv2%2Fproduct_cat&post=1179"},{"taxonomy":"product_tag","embeddable":true,"href":"https:\/\/analvn.com\/index.php?rest_route=%2Fwp%2Fv2%2Fproduct_tag&post=1179"}],"curies":[{"name":"wp","href":"https:\/\/api.w.org\/{rel}","templated":true}]}}