{"id":1189,"date":"2023-06-13T09:05:56","date_gmt":"2023-06-13T09:05:56","guid":{"rendered":"https:\/\/analvn.com\/?post_type=product&#038;p=1189"},"modified":"2024-02-18T14:22:49","modified_gmt":"2024-02-18T14:22:49","slug":"cong-tay-da-lot-long-ban-day","status":"publish","type":"product","link":"https:\/\/analvn.com\/?product=cong-tay-da-lot-long-ban-day","title":{"rendered":"C\u00f2ng tay da l\u00f3t l\u00f4ng b\u1ea3n d\u1ea7y"},"content":{"rendered":"","protected":false},"excerpt":{"rendered":"<p>C\u00f2ng tay da PU l\u00ec m\u1ecbn<br \/>\nM\u1eb7t trong l\u00f3t l\u00f4ng m\u1ec1m<br \/>\nX\u00edch n\u1ed1i kim lo\u1ea1i<br \/>\nB\u1ea3n d\u1ea7y 5-6cm<\/p>\n","protected":false},"featured_media":1100,"template":"","meta":[],"product_cat":[20],"product_tag":[145,128,126,127],"class_list":{"0":"post-1189","1":"product","2":"type-product","3":"status-publish","4":"has-post-thumbnail","6":"product_cat-bdsm","7":"product_tag-50-sac-thai","8":"product_tag-bdsm","9":"product_tag-cong-tay","10":"product_tag-handcuff","12":"first","13":"instock","14":"shipping-taxable","15":"purchasable","16":"product-type-simple"},"jetpack_sharing_enabled":true,"_links":{"self":[{"href":"https:\/\/analvn.com\/index.php?rest_route=\/wp\/v2\/product\/1189","targetHints":{"allow":["GET"]}}],"collection":[{"href":"https:\/\/analvn.com\/index.php?rest_route=\/wp\/v2\/product"}],"about":[{"href":"https:\/\/analvn.com\/index.php?rest_route=\/wp\/v2\/types\/product"}],"wp:featuredmedia":[{"embeddable":true,"href":"https:\/\/analvn.com\/index.php?rest_route=\/wp\/v2\/media\/1100"}],"wp:attachment":[{"href":"https:\/\/analvn.com\/index.php?rest_route=%2Fwp%2Fv2%2Fmedia&parent=1189"}],"wp:term":[{"taxonomy":"product_cat","embeddable":true,"href":"https:\/\/analvn.com\/index.php?rest_route=%2Fwp%2Fv2%2Fproduct_cat&post=1189"},{"taxonomy":"product_tag","embeddable":true,"href":"https:\/\/analvn.com\/index.php?rest_route=%2Fwp%2Fv2%2Fproduct_tag&post=1189"}],"curies":[{"name":"wp","href":"https:\/\/api.w.org\/{rel}","templated":true}]}}