{"id":1190,"date":"2023-06-13T09:07:56","date_gmt":"2023-06-13T09:07:56","guid":{"rendered":"https:\/\/analvn.com\/?post_type=product&#038;p=1190"},"modified":"2024-02-18T14:22:30","modified_gmt":"2024-02-18T14:22:30","slug":"vong-co-da-ly-den-kem-day-xich","status":"publish","type":"product","link":"https:\/\/analvn.com\/?product=vong-co-da-ly-den-kem-day-xich","title":{"rendered":"V\u00f2ng c\u1ed5 da l\u1ef3 \u0111en k\u00e8m d\u00e2y x\u00edch"},"content":{"rendered":"","protected":false},"excerpt":{"rendered":"<p>V\u00f2ng c\u1ed5 l\u00ec m\u1ecbn, da PU d\u1ea7y d\u1eb7n<br \/>\nB\u1ea3n ngang 5cm<br \/>\nKh\u00f3a, ch\u1ed1t, khoen, d\u00e2y, x\u00edch &#8230; t\u1ea5t c\u1ea3 \u0111\u1ec1u m\u00e0u \u0111en<\/p>\n","protected":false},"featured_media":1082,"template":"","meta":[],"product_cat":[20],"product_tag":[145,128,159,160,155],"class_list":{"0":"post-1190","1":"product","2":"type-product","3":"status-publish","4":"has-post-thumbnail","6":"product_cat-bdsm","7":"product_tag-50-sac-thai","8":"product_tag-bdsm","9":"product_tag-cong-co","10":"product_tag-pet-play","11":"product_tag-vong-co","13":"first","14":"instock","15":"shipping-taxable","16":"purchasable","17":"product-type-simple"},"jetpack_sharing_enabled":true,"_links":{"self":[{"href":"https:\/\/analvn.com\/index.php?rest_route=\/wp\/v2\/product\/1190","targetHints":{"allow":["GET"]}}],"collection":[{"href":"https:\/\/analvn.com\/index.php?rest_route=\/wp\/v2\/product"}],"about":[{"href":"https:\/\/analvn.com\/index.php?rest_route=\/wp\/v2\/types\/product"}],"wp:featuredmedia":[{"embeddable":true,"href":"https:\/\/analvn.com\/index.php?rest_route=\/wp\/v2\/media\/1082"}],"wp:attachment":[{"href":"https:\/\/analvn.com\/index.php?rest_route=%2Fwp%2Fv2%2Fmedia&parent=1190"}],"wp:term":[{"taxonomy":"product_cat","embeddable":true,"href":"https:\/\/analvn.com\/index.php?rest_route=%2Fwp%2Fv2%2Fproduct_cat&post=1190"},{"taxonomy":"product_tag","embeddable":true,"href":"https:\/\/analvn.com\/index.php?rest_route=%2Fwp%2Fv2%2Fproduct_tag&post=1190"}],"curies":[{"name":"wp","href":"https:\/\/api.w.org\/{rel}","templated":true}]}}