{"id":1331,"date":"2023-08-29T07:52:33","date_gmt":"2023-08-29T07:52:33","guid":{"rendered":"https:\/\/analvn.com\/?post_type=product&#038;p=1331"},"modified":"2024-02-18T14:21:32","modified_gmt":"2024-02-18T14:21:32","slug":"chay","status":"publish","type":"product","link":"https:\/\/analvn.com\/?product=chay","title":{"rendered":"Ch\u00e0y magic wand 2 \u0111\u1ea7u x\u1ecbn s\u00f2"},"content":{"rendered":"<div style=\"width: 640px;\" class=\"wp-video\"><video class=\"wp-video-shortcode\" id=\"video-1331-1\" width=\"640\" height=\"360\" preload=\"metadata\" controls=\"controls\"><source type=\"video\/mp4\" src=\"https:\/\/analvn.com\/wp-content\/uploads\/2023\/08\/\u591c\u6a31\u53cc\u5934\u9b54\u6cd5\u6309\u6469av\u9707\u52a8\u68d2\u6279\u53d1\u5973\u6027\u60c5\u8da3\u6027\u7528\u54c1\u5973\u7528\u79d2\u6f6e\u4e24\u7528\u81ea\u6170\u5668.mp4?_=1\" \/><a href=\"https:\/\/analvn.com\/wp-content\/uploads\/2023\/08\/\u591c\u6a31\u53cc\u5934\u9b54\u6cd5\u6309\u6469av\u9707\u52a8\u68d2\u6279\u53d1\u5973\u6027\u60c5\u8da3\u6027\u7528\u54c1\u5973\u7528\u79d2\u6f6e\u4e24\u7528\u81ea\u6170\u5668.mp4\">https:\/\/analvn.com\/wp-content\/uploads\/2023\/08\/\u591c\u6a31\u53cc\u5934\u9b54\u6cd5\u6309\u6469av\u9707\u52a8\u68d2\u6279\u53d1\u5973\u6027\u60c5\u8da3\u6027\u7528\u54c1\u5973\u7528\u79d2\u6f6e\u4e24\u7528\u81ea\u6170\u5668.mp4<\/a><\/video><\/div>\n","protected":false},"excerpt":{"rendered":"<p>\u2013 Thi\u1ebft k\u1ebf th\u1eddi trang si\u00eau \u0111\u1eb9p<br \/>\n\u2013 Rung 2 \u0111\u1ea7u: \u0111\u1ea7u ch\u00e0y v\u00e0 ph\u1ea7n d\u01b0\u1edbi rung nh\u01b0 d\u01b0\u01a1ng v\u1eadt gi\u1ea3<br \/>\n\u2013 C\u1ea3 2 \u0111\u1ea7u \u0111\u1ec1u c\u00f3 th\u1ec3 rung theo ch\u1ebf \u0111\u1ed9<br \/>\n\u2013 C\u00f3 m\u00e0n h\u00ecnh hi\u1ec3n th\u1ecb t\u1ed1c \u0111\u1ed9 rung ki\u1ec3u \u0111\u00e8n led s\u00e1ng theo nh\u1ecbp rung lu\u00f4n<br \/>\nM\u00e0u s\u1eafc: \u0111en\/h\u1ed3ng<br \/>\n\u0110\u1ea7u ch\u00e0y c\u00f3 gai nh\u01b0ng l\u00e0 gai m\u1ec1m, r\u1ea5t \u00eam v\u00e0 h\u1ed7 tr\u1ee3 t\u0103ng k\u00edch th\u00edch<br \/>\nS\u1ea1c \u0111\u1ea7y kho\u1ea3ng 2 ti\u1ebfng, th\u1eddi gian s\u1eed d\u1ee5ng 1-1.5 ti\u1ebfng<br \/>\nCh\u1ea5t li\u1ec7u: silicone + nh\u1ef1a ABS an to\u00e0n<br \/>\nK\u00edch th\u01b0\u1edbc: 268*52*52mm<\/p>\n","protected":false},"featured_media":1368,"template":"","meta":[],"product_cat":[21,176],"product_tag":[149,151],"class_list":{"0":"post-1331","1":"product","2":"type-product","3":"status-publish","4":"has-post-thumbnail","6":"product_cat-chay-rung","7":"product_cat-do-choi-cho-chi-em","8":"product_tag-chay-rung","9":"product_tag-hitachi","11":"first","12":"instock","13":"shipping-taxable","14":"purchasable","15":"product-type-variable"},"jetpack_sharing_enabled":true,"_links":{"self":[{"href":"https:\/\/analvn.com\/index.php?rest_route=\/wp\/v2\/product\/1331","targetHints":{"allow":["GET"]}}],"collection":[{"href":"https:\/\/analvn.com\/index.php?rest_route=\/wp\/v2\/product"}],"about":[{"href":"https:\/\/analvn.com\/index.php?rest_route=\/wp\/v2\/types\/product"}],"wp:featuredmedia":[{"embeddable":true,"href":"https:\/\/analvn.com\/index.php?rest_route=\/wp\/v2\/media\/1368"}],"wp:attachment":[{"href":"https:\/\/analvn.com\/index.php?rest_route=%2Fwp%2Fv2%2Fmedia&parent=1331"}],"wp:term":[{"taxonomy":"product_cat","embeddable":true,"href":"https:\/\/analvn.com\/index.php?rest_route=%2Fwp%2Fv2%2Fproduct_cat&post=1331"},{"taxonomy":"product_tag","embeddable":true,"href":"https:\/\/analvn.com\/index.php?rest_route=%2Fwp%2Fv2%2Fproduct_tag&post=1331"}],"curies":[{"name":"wp","href":"https:\/\/api.w.org\/{rel}","templated":true}]}}