{"id":1425,"date":"2023-09-09T05:38:44","date_gmt":"2023-09-09T05:38:44","guid":{"rendered":"https:\/\/analvn.com\/?post_type=product&#038;p=1425"},"modified":"2024-02-18T14:18:15","modified_gmt":"2024-02-18T14:18:15","slug":"chay-rung-cam-dien-fairy-2","status":"publish","type":"product","link":"https:\/\/analvn.com\/?product=chay-rung-cam-dien-fairy-2","title":{"rendered":"Ch\u00e0y rung c\u1eafm \u0111i\u1ec7n fairy"},"content":{"rendered":"","protected":false},"excerpt":{"rendered":"<p>Ch\u00e0y c\u00f3 k\u00edch th\u01b0\u1edbc trung b\u00ecnh<br \/>\nC\u1eafm \u0111i\u1ec7n tr\u1ef1c ti\u1ebfp<br \/>\nCon l\u0103n \u0111i\u1ec1u ch\u1ec9nh t\u1ed1c \u0111\u1ed9 rung<\/p>\n","protected":false},"featured_media":1417,"template":"","meta":[],"product_cat":[21,176],"product_tag":[],"class_list":{"0":"post-1425","1":"product","2":"type-product","3":"status-publish","4":"has-post-thumbnail","6":"product_cat-chay-rung","7":"product_cat-do-choi-cho-chi-em","9":"first","10":"instock","11":"shipping-taxable","12":"purchasable","13":"product-type-simple"},"jetpack_sharing_enabled":true,"_links":{"self":[{"href":"https:\/\/analvn.com\/index.php?rest_route=\/wp\/v2\/product\/1425","targetHints":{"allow":["GET"]}}],"collection":[{"href":"https:\/\/analvn.com\/index.php?rest_route=\/wp\/v2\/product"}],"about":[{"href":"https:\/\/analvn.com\/index.php?rest_route=\/wp\/v2\/types\/product"}],"wp:featuredmedia":[{"embeddable":true,"href":"https:\/\/analvn.com\/index.php?rest_route=\/wp\/v2\/media\/1417"}],"wp:attachment":[{"href":"https:\/\/analvn.com\/index.php?rest_route=%2Fwp%2Fv2%2Fmedia&parent=1425"}],"wp:term":[{"taxonomy":"product_cat","embeddable":true,"href":"https:\/\/analvn.com\/index.php?rest_route=%2Fwp%2Fv2%2Fproduct_cat&post=1425"},{"taxonomy":"product_tag","embeddable":true,"href":"https:\/\/analvn.com\/index.php?rest_route=%2Fwp%2Fv2%2Fproduct_tag&post=1425"}],"curies":[{"name":"wp","href":"https:\/\/api.w.org\/{rel}","templated":true}]}}