{"id":1527,"date":"2024-01-02T11:50:32","date_gmt":"2024-01-02T11:50:32","guid":{"rendered":"https:\/\/analvn.com\/?post_type=product&#038;p=1527"},"modified":"2024-02-18T14:15:59","modified_gmt":"2024-02-18T14:15:59","slug":"cong-co-bdsm-kim-loai-co-day-xich","status":"publish","type":"product","link":"https:\/\/analvn.com\/?product=cong-co-bdsm-kim-loai-co-day-xich","title":{"rendered":"C\u00f2ng c\u1ed5 BDSM kim lo\u1ea1i c\u00f3 d\u00e2y x\u00edch"},"content":{"rendered":"","protected":false},"excerpt":{"rendered":"<p>C\u00f2ng kim lo\u1ea1i d\u1ea7y d\u1eb7n<br \/>\nD\u00e2y x\u00edch kim lo\u1ea1i<\/p>\n","protected":false},"featured_media":1478,"template":"","meta":[],"product_cat":[20],"product_tag":[145,128,159],"class_list":{"0":"post-1527","1":"product","2":"type-product","3":"status-publish","4":"has-post-thumbnail","6":"product_cat-bdsm","7":"product_tag-50-sac-thai","8":"product_tag-bdsm","9":"product_tag-cong-co","11":"first","12":"instock","13":"shipping-taxable","14":"purchasable","15":"product-type-simple"},"jetpack_sharing_enabled":true,"_links":{"self":[{"href":"https:\/\/analvn.com\/index.php?rest_route=\/wp\/v2\/product\/1527","targetHints":{"allow":["GET"]}}],"collection":[{"href":"https:\/\/analvn.com\/index.php?rest_route=\/wp\/v2\/product"}],"about":[{"href":"https:\/\/analvn.com\/index.php?rest_route=\/wp\/v2\/types\/product"}],"wp:featuredmedia":[{"embeddable":true,"href":"https:\/\/analvn.com\/index.php?rest_route=\/wp\/v2\/media\/1478"}],"wp:attachment":[{"href":"https:\/\/analvn.com\/index.php?rest_route=%2Fwp%2Fv2%2Fmedia&parent=1527"}],"wp:term":[{"taxonomy":"product_cat","embeddable":true,"href":"https:\/\/analvn.com\/index.php?rest_route=%2Fwp%2Fv2%2Fproduct_cat&post=1527"},{"taxonomy":"product_tag","embeddable":true,"href":"https:\/\/analvn.com\/index.php?rest_route=%2Fwp%2Fv2%2Fproduct_tag&post=1527"}],"curies":[{"name":"wp","href":"https:\/\/api.w.org\/{rel}","templated":true}]}}