{"id":1546,"date":"2024-01-02T12:14:32","date_gmt":"2024-01-02T12:14:32","guid":{"rendered":"https:\/\/analvn.com\/?post_type=product&#038;p=1546"},"modified":"2024-02-18T14:14:58","modified_gmt":"2024-02-18T14:14:58","slug":"bo","status":"publish","type":"product","link":"https:\/\/analvn.com\/?product=bo","title":{"rendered":"B\u1ed9 2 \u1ed1ng h\u00fat ch\u00e2n kh\u00f4ng nh\u1ef1a c\u1ee9ng"},"content":{"rendered":"","protected":false},"excerpt":{"rendered":"<p>1 b\u1ed9 s\u1ea3n ph\u1ea9m g\u1ed3m 2 c\u00e1i<br \/>\nK\u00edch th\u01b0\u1edbc \u0111\u01b0\u1eddng k\u00ednh 2cm &#8211; 3cm &#8211; 4cm<br \/>\nCh\u1ea5t li\u1ec7u: nh\u1ef1a c\u1ee9ng<\/p>\n","protected":false},"featured_media":1508,"template":"","meta":[],"product_cat":[20],"product_tag":[145,128],"class_list":{"0":"post-1546","1":"product","2":"type-product","3":"status-publish","4":"has-post-thumbnail","6":"product_cat-bdsm","7":"product_tag-50-sac-thai","8":"product_tag-bdsm","10":"first","11":"instock","12":"shipping-taxable","13":"purchasable","14":"product-type-variable"},"jetpack_sharing_enabled":true,"_links":{"self":[{"href":"https:\/\/analvn.com\/index.php?rest_route=\/wp\/v2\/product\/1546","targetHints":{"allow":["GET"]}}],"collection":[{"href":"https:\/\/analvn.com\/index.php?rest_route=\/wp\/v2\/product"}],"about":[{"href":"https:\/\/analvn.com\/index.php?rest_route=\/wp\/v2\/types\/product"}],"wp:featuredmedia":[{"embeddable":true,"href":"https:\/\/analvn.com\/index.php?rest_route=\/wp\/v2\/media\/1508"}],"wp:attachment":[{"href":"https:\/\/analvn.com\/index.php?rest_route=%2Fwp%2Fv2%2Fmedia&parent=1546"}],"wp:term":[{"taxonomy":"product_cat","embeddable":true,"href":"https:\/\/analvn.com\/index.php?rest_route=%2Fwp%2Fv2%2Fproduct_cat&post=1546"},{"taxonomy":"product_tag","embeddable":true,"href":"https:\/\/analvn.com\/index.php?rest_route=%2Fwp%2Fv2%2Fproduct_tag&post=1546"}],"curies":[{"name":"wp","href":"https:\/\/api.w.org\/{rel}","templated":true}]}}