{"id":1702,"date":"2024-02-11T04:34:49","date_gmt":"2024-02-11T04:34:49","guid":{"rendered":"https:\/\/analvn.com\/?post_type=product&#038;p=1702"},"modified":"2024-02-18T13:53:00","modified_gmt":"2024-02-18T13:53:00","slug":"trung-rung-ban-nguyet-dung-app-dien-thoai","status":"publish","type":"product","link":"https:\/\/analvn.com\/?product=trung-rung-ban-nguyet-dung-app-dien-thoai","title":{"rendered":"Tr\u1ee9ng rung b\u00e1n nguy\u1ec7t d\u00f9ng app \u0111i\u1ec7n tho\u1ea1i"},"content":{"rendered":"","protected":false},"excerpt":{"rendered":"<p>Tr\u1ee9ng rung s\u1eed d\u1ee5ng app \u0111i\u1ec7n tho\u1ea1i qua k\u1ebft n\u1ed1i bluetooth<br \/>\nT\u00edch h\u1ee3p 10 ch\u1ebf \u0111\u1ed9 c\u00f3 s\u1eb5n<br \/>\nC\u00f3 th\u1ec3 t\u1ef1 so\u1ea1n ch\u1ebf \u0111\u1ed9 rung theo \u00fd th\u00edch<br \/>\nRung theo c\u00e1c b\u00e0i h\u00e1t c\u00f3 s\u1eb5n trng m\u00e1y<br \/>\nS\u1ea1c \u0111i\u1ec7n<\/p>\n","protected":false},"featured_media":1580,"template":"","meta":[],"product_cat":[176,171,168],"product_tag":[200,74,72,73,198],"class_list":{"0":"post-1702","1":"product","2":"type-product","3":"status-publish","4":"has-post-thumbnail","6":"product_cat-do-choi-cho-chi-em","7":"product_cat-khong-day","8":"product_cat-trung-rung","9":"product_tag-khong-day","10":"product_tag-massage","11":"product_tag-may-rung","12":"product_tag-rung","13":"product_tag-trung-rung","15":"first","16":"instock","17":"shipping-taxable","18":"purchasable","19":"product-type-simple"},"jetpack_sharing_enabled":true,"_links":{"self":[{"href":"https:\/\/analvn.com\/index.php?rest_route=\/wp\/v2\/product\/1702","targetHints":{"allow":["GET"]}}],"collection":[{"href":"https:\/\/analvn.com\/index.php?rest_route=\/wp\/v2\/product"}],"about":[{"href":"https:\/\/analvn.com\/index.php?rest_route=\/wp\/v2\/types\/product"}],"wp:featuredmedia":[{"embeddable":true,"href":"https:\/\/analvn.com\/index.php?rest_route=\/wp\/v2\/media\/1580"}],"wp:attachment":[{"href":"https:\/\/analvn.com\/index.php?rest_route=%2Fwp%2Fv2%2Fmedia&parent=1702"}],"wp:term":[{"taxonomy":"product_cat","embeddable":true,"href":"https:\/\/analvn.com\/index.php?rest_route=%2Fwp%2Fv2%2Fproduct_cat&post=1702"},{"taxonomy":"product_tag","embeddable":true,"href":"https:\/\/analvn.com\/index.php?rest_route=%2Fwp%2Fv2%2Fproduct_tag&post=1702"}],"curies":[{"name":"wp","href":"https:\/\/api.w.org\/{rel}","templated":true}]}}