{"id":1704,"date":"2024-02-11T04:39:40","date_gmt":"2024-02-11T04:39:40","guid":{"rendered":"https:\/\/analvn.com\/?post_type=product&#038;p=1704"},"modified":"2024-02-18T13:52:12","modified_gmt":"2024-02-18T13:52:12","slug":"may-rung-fox-3-dau-da-tan-cao-cap","status":"publish","type":"product","link":"https:\/\/analvn.com\/?product=may-rung-fox-3-dau-da-tan-cao-cap","title":{"rendered":"M\u00e1y rung FOX 3 \u0111\u1ea7u \u0111a t\u1ea7n cao c\u1ea5p"},"content":{"rendered":"","protected":false},"excerpt":{"rendered":"<p>Tr\u1ee9ng rung s\u1ea1c \u0111i\u1ec7n<br \/>\nCh\u1ea5t li\u1ec7u: gel silica an to\u00e0n<br \/>\nC\u00f3 s\u1eb5n 10 ch\u1ebf \u0111\u1ed9<br \/>\nC\u00f3 ch\u1ebf \u0111\u1ed9 ph\u00e1t nhi\u1ec7t<br \/>\nH\u00e0ng ch\u00ednh h\u00e3ng FOX cao c\u1ea5p<\/p>\n","protected":false},"featured_media":1575,"template":"","meta":[],"product_cat":[176,171,168],"product_tag":[204,200,74,73,198],"class_list":{"0":"post-1704","1":"product","2":"type-product","3":"status-publish","4":"has-post-thumbnail","6":"product_cat-do-choi-cho-chi-em","7":"product_cat-khong-day","8":"product_cat-trung-rung","9":"product_tag-fox","10":"product_tag-khong-day","11":"product_tag-massage","12":"product_tag-rung","13":"product_tag-trung-rung","15":"first","16":"instock","17":"shipping-taxable","18":"purchasable","19":"product-type-simple"},"jetpack_sharing_enabled":true,"_links":{"self":[{"href":"https:\/\/analvn.com\/index.php?rest_route=\/wp\/v2\/product\/1704","targetHints":{"allow":["GET"]}}],"collection":[{"href":"https:\/\/analvn.com\/index.php?rest_route=\/wp\/v2\/product"}],"about":[{"href":"https:\/\/analvn.com\/index.php?rest_route=\/wp\/v2\/types\/product"}],"wp:featuredmedia":[{"embeddable":true,"href":"https:\/\/analvn.com\/index.php?rest_route=\/wp\/v2\/media\/1575"}],"wp:attachment":[{"href":"https:\/\/analvn.com\/index.php?rest_route=%2Fwp%2Fv2%2Fmedia&parent=1704"}],"wp:term":[{"taxonomy":"product_cat","embeddable":true,"href":"https:\/\/analvn.com\/index.php?rest_route=%2Fwp%2Fv2%2Fproduct_cat&post=1704"},{"taxonomy":"product_tag","embeddable":true,"href":"https:\/\/analvn.com\/index.php?rest_route=%2Fwp%2Fv2%2Fproduct_tag&post=1704"}],"curies":[{"name":"wp","href":"https:\/\/api.w.org\/{rel}","templated":true}]}}