{"id":172,"date":"2023-06-03T05:40:07","date_gmt":"2023-06-03T05:40:07","guid":{"rendered":"https:\/\/analvn.com\/?post_type=product&#038;p=172"},"modified":"2023-07-09T08:11:58","modified_gmt":"2023-07-09T08:11:58","slug":"phich-cam-hau-mon-tu-nho-toi-lon","status":"publish","type":"product","link":"https:\/\/analvn.com\/?product=phich-cam-hau-mon-tu-nho-toi-lon","title":{"rendered":"Ph\u00edch c\u1eafm h\u1eadu m\u00f4n t\u1eeb nh\u1ecf t\u1edbi l\u1edbn"},"content":{"rendered":"<p><img loading=\"lazy\" decoding=\"async\" class=\"alignnone size-medium wp-image-174\" src=\"https:\/\/analvn.com\/wp-content\/uploads\/2023\/06\/O1CN01IRVmU91XMMs02eXGV_1829572909-0-cib-300x300.jpg\" alt=\"\" width=\"300\" height=\"300\" srcset=\"https:\/\/analvn.com\/wp-content\/uploads\/2023\/06\/O1CN01IRVmU91XMMs02eXGV_1829572909-0-cib-300x300.jpg 300w, https:\/\/analvn.com\/wp-content\/uploads\/2023\/06\/O1CN01IRVmU91XMMs02eXGV_1829572909-0-cib-150x150.jpg 150w, https:\/\/analvn.com\/wp-content\/uploads\/2023\/06\/O1CN01IRVmU91XMMs02eXGV_1829572909-0-cib-768x768.jpg 768w, https:\/\/analvn.com\/wp-content\/uploads\/2023\/06\/O1CN01IRVmU91XMMs02eXGV_1829572909-0-cib-600x600.jpg 600w, https:\/\/analvn.com\/wp-content\/uploads\/2023\/06\/O1CN01IRVmU91XMMs02eXGV_1829572909-0-cib-100x100.jpg 100w, https:\/\/analvn.com\/wp-content\/uploads\/2023\/06\/O1CN01IRVmU91XMMs02eXGV_1829572909-0-cib-50x50.jpg 50w, https:\/\/analvn.com\/wp-content\/uploads\/2023\/06\/O1CN01IRVmU91XMMs02eXGV_1829572909-0-cib.jpg 800w\" sizes=\"auto, (max-width: 300px) 100vw, 300px\" \/><\/p>\n","protected":false},"excerpt":{"rendered":"<p>M\u1eabu n\u00e0y c\u00f3 \u0111\u1ee7 size t\u1eeb nh\u1ecf t\u1edbi l\u1edbn ph\u00f9 h\u1ee3p v\u1edbi m\u1ecdi nhu c\u1ea7u t\u1eeb m\u1edbi ch\u01a1i cho \u0111\u1ebfn upsize kh\u1ee7ng<br \/>\nCh\u1ea5t li\u1ec7u nh\u1ef1a m\u1ec1m d\u1ebbo d\u1ec5 s\u1eed d\u1ee5ng<\/p>\n<p>*C\u00f3 th\u1ec3 d\u00f9ng th\u00eam gel b\u00f4i tr\u01a1n n\u1ebfu c\u1ea7n<\/p>\n","protected":false},"featured_media":176,"template":"","meta":[],"product_cat":[19,165,163,164],"product_tag":[51,54,52,55,53],"class_list":{"0":"post-172","1":"product","2":"type-product","3":"status-publish","4":"has-post-thumbnail","6":"product_cat-anal","7":"product_cat-anal-big","8":"product_cat-anal-small","9":"product_cat-anal-medium","10":"product_tag-anal","11":"product_tag-butt-plug","12":"product_tag-hau-mon","13":"product_tag-phich-cam","14":"product_tag-plug-in","16":"first","17":"instock","18":"shipping-taxable","19":"purchasable","20":"product-type-variable"},"jetpack_sharing_enabled":true,"_links":{"self":[{"href":"https:\/\/analvn.com\/index.php?rest_route=\/wp\/v2\/product\/172","targetHints":{"allow":["GET"]}}],"collection":[{"href":"https:\/\/analvn.com\/index.php?rest_route=\/wp\/v2\/product"}],"about":[{"href":"https:\/\/analvn.com\/index.php?rest_route=\/wp\/v2\/types\/product"}],"wp:featuredmedia":[{"embeddable":true,"href":"https:\/\/analvn.com\/index.php?rest_route=\/wp\/v2\/media\/176"}],"wp:attachment":[{"href":"https:\/\/analvn.com\/index.php?rest_route=%2Fwp%2Fv2%2Fmedia&parent=172"}],"wp:term":[{"taxonomy":"product_cat","embeddable":true,"href":"https:\/\/analvn.com\/index.php?rest_route=%2Fwp%2Fv2%2Fproduct_cat&post=172"},{"taxonomy":"product_tag","embeddable":true,"href":"https:\/\/analvn.com\/index.php?rest_route=%2Fwp%2Fv2%2Fproduct_tag&post=172"}],"curies":[{"name":"wp","href":"https:\/\/api.w.org\/{rel}","templated":true}]}}