{"id":1828,"date":"2024-02-12T04:44:24","date_gmt":"2024-02-12T04:44:24","guid":{"rendered":"https:\/\/analvn.com\/?post_type=product&#038;p=1828"},"modified":"2024-02-18T14:06:08","modified_gmt":"2024-02-18T14:06:08","slug":"phich-2","status":"publish","type":"product","link":"https:\/\/analvn.com\/?product=phich-2","title":{"rendered":"Ph\u00edch c\u1eafm h\u1eadu m\u00f4n 5 h\u1ea1t nhi\u1ec1u size"},"content":{"rendered":"","protected":false},"excerpt":{"rendered":"<p>Ch\u1ea5t li\u1ec7u PVC an to\u00e0n cho ng\u01b0\u1eddi d\u00f9ng<br \/>\nM\u1ec1m, d\u1ebbo, \u0111\u00e0n h\u1ed3i t\u1ed1t<br \/>\nC\u00f3 \u0111\u1ebf h\u00edt ch\u00e2n kh\u00f4ng<br \/>\n\u0110\u1ee7 4 size th\u00edch h\u1ee3p v\u1edbi ng\u01b0\u1eddi t\u1eeb v\u1eeba m\u1edbi ch\u01a1i t\u1edbi level cao th\u1ee7<\/p>\n","protected":false},"featured_media":1735,"template":"","meta":[],"product_cat":[19,165,163,164],"product_tag":[54,52,55,53],"class_list":{"0":"post-1828","1":"product","2":"type-product","3":"status-publish","4":"has-post-thumbnail","6":"product_cat-anal","7":"product_cat-anal-big","8":"product_cat-anal-small","9":"product_cat-anal-medium","10":"product_tag-butt-plug","11":"product_tag-hau-mon","12":"product_tag-phich-cam","13":"product_tag-plug-in","15":"first","16":"instock","17":"shipping-taxable","18":"purchasable","19":"product-type-variable"},"jetpack_sharing_enabled":true,"_links":{"self":[{"href":"https:\/\/analvn.com\/index.php?rest_route=\/wp\/v2\/product\/1828","targetHints":{"allow":["GET"]}}],"collection":[{"href":"https:\/\/analvn.com\/index.php?rest_route=\/wp\/v2\/product"}],"about":[{"href":"https:\/\/analvn.com\/index.php?rest_route=\/wp\/v2\/types\/product"}],"wp:featuredmedia":[{"embeddable":true,"href":"https:\/\/analvn.com\/index.php?rest_route=\/wp\/v2\/media\/1735"}],"wp:attachment":[{"href":"https:\/\/analvn.com\/index.php?rest_route=%2Fwp%2Fv2%2Fmedia&parent=1828"}],"wp:term":[{"taxonomy":"product_cat","embeddable":true,"href":"https:\/\/analvn.com\/index.php?rest_route=%2Fwp%2Fv2%2Fproduct_cat&post=1828"},{"taxonomy":"product_tag","embeddable":true,"href":"https:\/\/analvn.com\/index.php?rest_route=%2Fwp%2Fv2%2Fproduct_tag&post=1828"}],"curies":[{"name":"wp","href":"https:\/\/api.w.org\/{rel}","templated":true}]}}