{"id":1834,"date":"2024-02-12T04:48:36","date_gmt":"2024-02-12T04:48:36","guid":{"rendered":"https:\/\/analvn.com\/?post_type=product&#038;p=1834"},"modified":"2024-02-18T13:55:26","modified_gmt":"2024-02-18T13:55:26","slug":"combo","status":"publish","type":"product","link":"https:\/\/analvn.com\/?product=combo","title":{"rendered":"Combo 3 ph\u00edch c\u1eafm kim lo\u1ea1i g\u1eafn \u0111\u00e1"},"content":{"rendered":"","protected":false},"excerpt":{"rendered":"<p>Ch\u1ea5t li\u1ec7u kim lo\u1ea1i m\u1ea1 inox s\u00e1ng b\u00f3ng, d\u1ec5 v\u1ec7 sinh<br \/>\nPh\u1ea7n \u0111u\u00f4i g\u1eafn \u0111\u00e1 m\u00e0u<\/p>\n","protected":false},"featured_media":1745,"template":"","meta":[],"product_cat":[19,163,164],"product_tag":[51,54,52,55,53],"class_list":{"0":"post-1834","1":"product","2":"type-product","3":"status-publish","4":"has-post-thumbnail","6":"product_cat-anal","7":"product_cat-anal-small","8":"product_cat-anal-medium","9":"product_tag-anal","10":"product_tag-butt-plug","11":"product_tag-hau-mon","12":"product_tag-phich-cam","13":"product_tag-plug-in","15":"first","16":"instock","17":"shipping-taxable","18":"purchasable","19":"product-type-variable"},"jetpack_sharing_enabled":true,"_links":{"self":[{"href":"https:\/\/analvn.com\/index.php?rest_route=\/wp\/v2\/product\/1834","targetHints":{"allow":["GET"]}}],"collection":[{"href":"https:\/\/analvn.com\/index.php?rest_route=\/wp\/v2\/product"}],"about":[{"href":"https:\/\/analvn.com\/index.php?rest_route=\/wp\/v2\/types\/product"}],"wp:featuredmedia":[{"embeddable":true,"href":"https:\/\/analvn.com\/index.php?rest_route=\/wp\/v2\/media\/1745"}],"wp:attachment":[{"href":"https:\/\/analvn.com\/index.php?rest_route=%2Fwp%2Fv2%2Fmedia&parent=1834"}],"wp:term":[{"taxonomy":"product_cat","embeddable":true,"href":"https:\/\/analvn.com\/index.php?rest_route=%2Fwp%2Fv2%2Fproduct_cat&post=1834"},{"taxonomy":"product_tag","embeddable":true,"href":"https:\/\/analvn.com\/index.php?rest_route=%2Fwp%2Fv2%2Fproduct_tag&post=1834"}],"curies":[{"name":"wp","href":"https:\/\/api.w.org\/{rel}","templated":true}]}}