{"id":1838,"date":"2024-02-12T04:52:35","date_gmt":"2024-02-12T04:52:35","guid":{"rendered":"https:\/\/analvn.com\/?post_type=product&#038;p=1838"},"modified":"2024-02-18T14:04:05","modified_gmt":"2024-02-18T14:04:05","slug":"phich-3","status":"publish","type":"product","link":"https:\/\/analvn.com\/?product=phich-3","title":{"rendered":"Ph\u00edch c\u1eafm kim lo\u1ea1i m\u1ea1 h\u1ed3ng k\u1eb9o ng\u1ecdt"},"content":{"rendered":"","protected":false},"excerpt":{"rendered":"<p>Ch\u1ea5t li\u1ec7u kim lo\u1ea1i, m\u1ea1 m\u00e0u h\u1ed3ng xinh x\u1eafn<br \/>\nK\u00edch th\u01b0\u1edbc t\u1eeb nh\u1ecf t\u1edbi l\u1edbn th\u00edch h\u1ee3p v\u1edbi nhi\u1ec1u nhu c\u1ea7u s\u1eed d\u1ee5ng<br \/>\nPh\u1ea7n \u0111u\u00f4i c\u0169ng g\u1eafn \u0111\u00e1 h\u1ed3ng c\u00f9ng m\u00e0u<\/p>\n","protected":false},"featured_media":1748,"template":"","meta":[],"product_cat":[19,163],"product_tag":[51,54,52,55,53],"class_list":{"0":"post-1838","1":"product","2":"type-product","3":"status-publish","4":"has-post-thumbnail","6":"product_cat-anal","7":"product_cat-anal-small","8":"product_tag-anal","9":"product_tag-butt-plug","10":"product_tag-hau-mon","11":"product_tag-phich-cam","12":"product_tag-plug-in","14":"first","15":"instock","16":"shipping-taxable","17":"purchasable","18":"product-type-variable"},"jetpack_sharing_enabled":true,"_links":{"self":[{"href":"https:\/\/analvn.com\/index.php?rest_route=\/wp\/v2\/product\/1838","targetHints":{"allow":["GET"]}}],"collection":[{"href":"https:\/\/analvn.com\/index.php?rest_route=\/wp\/v2\/product"}],"about":[{"href":"https:\/\/analvn.com\/index.php?rest_route=\/wp\/v2\/types\/product"}],"wp:featuredmedia":[{"embeddable":true,"href":"https:\/\/analvn.com\/index.php?rest_route=\/wp\/v2\/media\/1748"}],"wp:attachment":[{"href":"https:\/\/analvn.com\/index.php?rest_route=%2Fwp%2Fv2%2Fmedia&parent=1838"}],"wp:term":[{"taxonomy":"product_cat","embeddable":true,"href":"https:\/\/analvn.com\/index.php?rest_route=%2Fwp%2Fv2%2Fproduct_cat&post=1838"},{"taxonomy":"product_tag","embeddable":true,"href":"https:\/\/analvn.com\/index.php?rest_route=%2Fwp%2Fv2%2Fproduct_tag&post=1838"}],"curies":[{"name":"wp","href":"https:\/\/api.w.org\/{rel}","templated":true}]}}