{"id":1888,"date":"2024-02-12T05:27:58","date_gmt":"2024-02-12T05:27:58","guid":{"rendered":"https:\/\/analvn.com\/?post_type=product&#038;p=1888"},"modified":"2024-02-18T13:49:37","modified_gmt":"2024-02-18T13:49:37","slug":"do","status":"publish","type":"product","link":"https:\/\/analvn.com\/?product=do","title":{"rendered":"\u0110\u1ed3 ch\u01a1i h\u1eadu m\u00f4n d\u00e1ng b\u00e0n tay \u0111\u1ed9c \u0111\u00e1o"},"content":{"rendered":"","protected":false},"excerpt":{"rendered":"<p>Ch\u1ea5t li\u1ec7u: nh\u1ef1a PVC m\u1ec1m d\u1ebbo, \u0111\u00e0n h\u1ed3i, an to\u00e0n cho ng\u01b0\u1eddi s\u1eed d\u1ee5ng<br \/>\nD\u1ec5 d\u00e0ng v\u1ec7 sinh<\/p>\n","protected":false},"featured_media":1780,"template":"","meta":[],"product_cat":[19,165,163,164],"product_tag":[51,88,52,55],"class_list":{"0":"post-1888","1":"product","2":"type-product","3":"status-publish","4":"has-post-thumbnail","6":"product_cat-anal","7":"product_cat-anal-big","8":"product_cat-anal-small","9":"product_cat-anal-medium","10":"product_tag-anal","11":"product_tag-big-size","12":"product_tag-hau-mon","13":"product_tag-phich-cam","15":"first","16":"instock","17":"shipping-taxable","18":"purchasable","19":"product-type-variable"},"jetpack_sharing_enabled":true,"_links":{"self":[{"href":"https:\/\/analvn.com\/index.php?rest_route=\/wp\/v2\/product\/1888","targetHints":{"allow":["GET"]}}],"collection":[{"href":"https:\/\/analvn.com\/index.php?rest_route=\/wp\/v2\/product"}],"about":[{"href":"https:\/\/analvn.com\/index.php?rest_route=\/wp\/v2\/types\/product"}],"wp:featuredmedia":[{"embeddable":true,"href":"https:\/\/analvn.com\/index.php?rest_route=\/wp\/v2\/media\/1780"}],"wp:attachment":[{"href":"https:\/\/analvn.com\/index.php?rest_route=%2Fwp%2Fv2%2Fmedia&parent=1888"}],"wp:term":[{"taxonomy":"product_cat","embeddable":true,"href":"https:\/\/analvn.com\/index.php?rest_route=%2Fwp%2Fv2%2Fproduct_cat&post=1888"},{"taxonomy":"product_tag","embeddable":true,"href":"https:\/\/analvn.com\/index.php?rest_route=%2Fwp%2Fv2%2Fproduct_tag&post=1888"}],"curies":[{"name":"wp","href":"https:\/\/api.w.org\/{rel}","templated":true}]}}