{"id":190,"date":"2023-06-03T06:44:44","date_gmt":"2023-06-03T06:44:44","guid":{"rendered":"https:\/\/analvn.com\/?post_type=product&#038;p=190"},"modified":"2023-07-09T08:11:51","modified_gmt":"2023-07-09T08:11:51","slug":"phich-cam-silicone","status":"publish","type":"product","link":"https:\/\/analvn.com\/?product=phich-cam-silicone","title":{"rendered":"Ph\u00edch c\u1eafm silicone c\u1ee1 nh\u1ecf t\u1edbi l\u1edbn"},"content":{"rendered":"<p><img loading=\"lazy\" decoding=\"async\" class=\"alignnone size-medium wp-image-193\" src=\"https:\/\/analvn.com\/wp-content\/uploads\/2023\/06\/z3217283635070_4801718e796b6e62e44cc872b494c48e-300x223.jpg\" alt=\"\" width=\"300\" height=\"223\" srcset=\"https:\/\/analvn.com\/wp-content\/uploads\/2023\/06\/z3217283635070_4801718e796b6e62e44cc872b494c48e-300x223.jpg 300w, https:\/\/analvn.com\/wp-content\/uploads\/2023\/06\/z3217283635070_4801718e796b6e62e44cc872b494c48e-600x446.jpg 600w, https:\/\/analvn.com\/wp-content\/uploads\/2023\/06\/z3217283635070_4801718e796b6e62e44cc872b494c48e.jpg 760w\" sizes=\"auto, (max-width: 300px) 100vw, 300px\" \/> <img loading=\"lazy\" decoding=\"async\" class=\"alignnone size-medium wp-image-194\" src=\"https:\/\/analvn.com\/wp-content\/uploads\/2023\/06\/z3217283633864_8a22c45af341db21c35bbfd529eab254-300x222.jpg\" alt=\"\" width=\"300\" height=\"222\" srcset=\"https:\/\/analvn.com\/wp-content\/uploads\/2023\/06\/z3217283633864_8a22c45af341db21c35bbfd529eab254-300x222.jpg 300w, https:\/\/analvn.com\/wp-content\/uploads\/2023\/06\/z3217283633864_8a22c45af341db21c35bbfd529eab254-600x444.jpg 600w, https:\/\/analvn.com\/wp-content\/uploads\/2023\/06\/z3217283633864_8a22c45af341db21c35bbfd529eab254.jpg 729w\" sizes=\"auto, (max-width: 300px) 100vw, 300px\" \/> <img loading=\"lazy\" decoding=\"async\" class=\"alignnone size-medium wp-image-195\" src=\"https:\/\/analvn.com\/wp-content\/uploads\/2023\/06\/z3217283633066_159e3f34afd5723a1f92e84878e01e07-300x210.jpg\" alt=\"\" width=\"300\" height=\"210\" srcset=\"https:\/\/analvn.com\/wp-content\/uploads\/2023\/06\/z3217283633066_159e3f34afd5723a1f92e84878e01e07-300x210.jpg 300w, https:\/\/analvn.com\/wp-content\/uploads\/2023\/06\/z3217283633066_159e3f34afd5723a1f92e84878e01e07-600x421.jpg 600w, https:\/\/analvn.com\/wp-content\/uploads\/2023\/06\/z3217283633066_159e3f34afd5723a1f92e84878e01e07.jpg 706w\" sizes=\"auto, (max-width: 300px) 100vw, 300px\" \/><\/p>\n","protected":false},"excerpt":{"rendered":"<p>Ph\u00edch c\u1eafm l\u1edbp ngo\u00e0i tr\u00e1ng silicone \u00eam, nh\u01b0ng kh\u00f4ng th\u1ec3 b\u00f3p bi\u1ebfn d\u1ea1ng s\u1ea3n ph\u1ea9m<br \/>\nC\u1ee1 nh\u1ecf nh\u1ea5t ph\u00f9 h\u1ee3p v\u1edbi ng\u01b0\u1eddi m\u1edbi ch\u01a1i<br \/>\n*n\u00ean s\u1eed d\u1ee5ng th\u00eam gel b\u00f4i tr\u01a1n<\/p>\n<p>Gi\u00e1 b\u00e1n l\u1ebb theo c\u00e1i<\/p>\n","protected":false},"featured_media":196,"template":"","meta":[],"product_cat":[19,165,163,164],"product_tag":[51,54,52,55,53],"class_list":{"0":"post-190","1":"product","2":"type-product","3":"status-publish","4":"has-post-thumbnail","6":"product_cat-anal","7":"product_cat-anal-big","8":"product_cat-anal-small","9":"product_cat-anal-medium","10":"product_tag-anal","11":"product_tag-butt-plug","12":"product_tag-hau-mon","13":"product_tag-phich-cam","14":"product_tag-plug-in","16":"first","17":"instock","18":"shipping-taxable","19":"purchasable","20":"product-type-variable"},"jetpack_sharing_enabled":true,"_links":{"self":[{"href":"https:\/\/analvn.com\/index.php?rest_route=\/wp\/v2\/product\/190","targetHints":{"allow":["GET"]}}],"collection":[{"href":"https:\/\/analvn.com\/index.php?rest_route=\/wp\/v2\/product"}],"about":[{"href":"https:\/\/analvn.com\/index.php?rest_route=\/wp\/v2\/types\/product"}],"wp:featuredmedia":[{"embeddable":true,"href":"https:\/\/analvn.com\/index.php?rest_route=\/wp\/v2\/media\/196"}],"wp:attachment":[{"href":"https:\/\/analvn.com\/index.php?rest_route=%2Fwp%2Fv2%2Fmedia&parent=190"}],"wp:term":[{"taxonomy":"product_cat","embeddable":true,"href":"https:\/\/analvn.com\/index.php?rest_route=%2Fwp%2Fv2%2Fproduct_cat&post=190"},{"taxonomy":"product_tag","embeddable":true,"href":"https:\/\/analvn.com\/index.php?rest_route=%2Fwp%2Fv2%2Fproduct_tag&post=190"}],"curies":[{"name":"wp","href":"https:\/\/api.w.org\/{rel}","templated":true}]}}