{"id":1901,"date":"2024-02-12T05:45:38","date_gmt":"2024-02-12T05:45:38","guid":{"rendered":"https:\/\/analvn.com\/?post_type=product&#038;p=1901"},"modified":"2024-02-12T05:45:38","modified_gmt":"2024-02-12T05:45:38","slug":"may-rung-dieu-khien-tu-xa-co-den-led","status":"publish","type":"product","link":"https:\/\/analvn.com\/?product=may-rung-dieu-khien-tu-xa-co-den-led","title":{"rendered":"M\u00e1y rung \u0111i\u1ec1u khi\u1ec3n t\u1eeb xa c\u00f3 \u0111\u00e8n led"},"content":{"rendered":"","protected":false},"excerpt":{"rendered":"<ul>\n<li>Ch\u1ea5t li\u1ec7u: Silicon ABS m\u1ecbn m\u00e0ng, ch\u1ed1ng n\u01b0\u1edbc IPX-5 , an to\u00e0n cho da<\/li>\n<li>K\u00edch th\u01b0\u1edbc t\u1ed5ng quan:\u00a03.4 x 4.5 x 9.4 cm<\/li>\n<li>C\u00f3 10 ch\u1ebf \u0111\u1ed9 rung v\u00e0 10 ch\u1ebf \u0111\u1ed9 \u0111\u00e8n LED, ch\u1ed1ng \u1ed3n &lt; 60dB<\/li>\n<li>S\u1ea1c Pin qua c\u1ed5ng USB c\u1ee7 s\u1ea1c \u0111i\u1ec7n tho\u1ea1i v\u00e0 m\u00e1y t\u00ednh<\/li>\n<\/ul>\n","protected":false},"featured_media":1806,"template":"","meta":[],"product_cat":[19,166],"product_tag":[51,54,52,74,72,53],"class_list":{"0":"post-1901","1":"product","2":"type-product","3":"status-publish","4":"has-post-thumbnail","6":"product_cat-anal","7":"product_cat-anal-vibration","8":"product_tag-anal","9":"product_tag-butt-plug","10":"product_tag-hau-mon","11":"product_tag-massage","12":"product_tag-may-rung","13":"product_tag-plug-in","15":"first","16":"instock","17":"shipping-taxable","18":"purchasable","19":"product-type-simple"},"jetpack_sharing_enabled":true,"_links":{"self":[{"href":"https:\/\/analvn.com\/index.php?rest_route=\/wp\/v2\/product\/1901","targetHints":{"allow":["GET"]}}],"collection":[{"href":"https:\/\/analvn.com\/index.php?rest_route=\/wp\/v2\/product"}],"about":[{"href":"https:\/\/analvn.com\/index.php?rest_route=\/wp\/v2\/types\/product"}],"wp:featuredmedia":[{"embeddable":true,"href":"https:\/\/analvn.com\/index.php?rest_route=\/wp\/v2\/media\/1806"}],"wp:attachment":[{"href":"https:\/\/analvn.com\/index.php?rest_route=%2Fwp%2Fv2%2Fmedia&parent=1901"}],"wp:term":[{"taxonomy":"product_cat","embeddable":true,"href":"https:\/\/analvn.com\/index.php?rest_route=%2Fwp%2Fv2%2Fproduct_cat&post=1901"},{"taxonomy":"product_tag","embeddable":true,"href":"https:\/\/analvn.com\/index.php?rest_route=%2Fwp%2Fv2%2Fproduct_tag&post=1901"}],"curies":[{"name":"wp","href":"https:\/\/api.w.org\/{rel}","templated":true}]}}