{"id":204,"date":"2023-06-03T11:03:21","date_gmt":"2023-06-03T11:03:21","guid":{"rendered":"https:\/\/analvn.com\/?post_type=product&#038;p=204"},"modified":"2024-02-18T14:48:22","modified_gmt":"2024-02-18T14:48:22","slug":"phich-cam-kim-loai-duoi-thuyen","status":"publish","type":"product","link":"https:\/\/analvn.com\/?product=phich-cam-kim-loai-duoi-thuyen","title":{"rendered":"Ph\u00edch c\u1eafm kim lo\u1ea1i \u0111u\u00f4i thuy\u1ec1n g\u1eafn \u0111\u00e1"},"content":{"rendered":"<p><img loading=\"lazy\" decoding=\"async\" class=\"alignnone size-medium wp-image-205\" src=\"https:\/\/analvn.com\/wp-content\/uploads\/2023\/06\/z2340791413769_0ce44867e2effa50a11eb28fbef7e228-164x300.jpg\" alt=\"\" width=\"164\" height=\"300\" srcset=\"https:\/\/analvn.com\/wp-content\/uploads\/2023\/06\/z2340791413769_0ce44867e2effa50a11eb28fbef7e228-164x300.jpg 164w, https:\/\/analvn.com\/wp-content\/uploads\/2023\/06\/z2340791413769_0ce44867e2effa50a11eb28fbef7e228.jpg 339w\" sizes=\"auto, (max-width: 164px) 100vw, 164px\" \/> <img loading=\"lazy\" decoding=\"async\" class=\"alignnone size-medium wp-image-206\" src=\"https:\/\/analvn.com\/wp-content\/uploads\/2023\/06\/z2340791410856_4955cfceb40e6fa25d5c240d174fa6d0-170x300.jpg\" alt=\"\" width=\"170\" height=\"300\" srcset=\"https:\/\/analvn.com\/wp-content\/uploads\/2023\/06\/z2340791410856_4955cfceb40e6fa25d5c240d174fa6d0-170x300.jpg 170w, https:\/\/analvn.com\/wp-content\/uploads\/2023\/06\/z2340791410856_4955cfceb40e6fa25d5c240d174fa6d0.jpg 334w\" sizes=\"auto, (max-width: 170px) 100vw, 170px\" \/> <img loading=\"lazy\" decoding=\"async\" class=\"alignnone size-medium wp-image-207\" src=\"https:\/\/analvn.com\/wp-content\/uploads\/2023\/06\/z2340791409065_02f063b89a3e31b69ea02529027c1519-173x300.jpg\" alt=\"\" width=\"173\" height=\"300\" srcset=\"https:\/\/analvn.com\/wp-content\/uploads\/2023\/06\/z2340791409065_02f063b89a3e31b69ea02529027c1519-173x300.jpg 173w, https:\/\/analvn.com\/wp-content\/uploads\/2023\/06\/z2340791409065_02f063b89a3e31b69ea02529027c1519.jpg 360w\" sizes=\"auto, (max-width: 173px) 100vw, 173px\" \/> <img loading=\"lazy\" decoding=\"async\" class=\"alignnone size-medium wp-image-208\" src=\"https:\/\/analvn.com\/wp-content\/uploads\/2023\/06\/z2340791404120_165d3a633fcdee2e4ae294e3c48466e6-174x300.jpg\" alt=\"\" width=\"174\" height=\"300\" srcset=\"https:\/\/analvn.com\/wp-content\/uploads\/2023\/06\/z2340791404120_165d3a633fcdee2e4ae294e3c48466e6-174x300.jpg 174w, https:\/\/analvn.com\/wp-content\/uploads\/2023\/06\/z2340791404120_165d3a633fcdee2e4ae294e3c48466e6.jpg 346w\" sizes=\"auto, (max-width: 174px) 100vw, 174px\" \/><\/p>\n","protected":false},"excerpt":{"rendered":"<p>Ph\u00edch c\u1eafm b\u1eb1ng kim lo\u1ea1i, b\u1ea3n cao c\u1ea5p h\u01a1n b\u1ed9 ph\u00edch c\u1eafm nh\u1ef1a d\u1ebbo<br \/>\nK\u00edch th\u01b0\u1edbc nh\u1ecf, ph\u00f9 h\u1ee3p v\u1edbi ng\u01b0\u1eddi m\u1edbi<br \/>\n*c\u00f3 th\u1ec3 d\u00f9ng th\u00eam gel b\u00f4i tr\u01a1n n\u1ebfu c\u1ea7n<\/p>\n<p>Gi\u00e1 b\u00e1n l\u1ebb theo c\u00e1i<\/p>\n","protected":false},"featured_media":217,"template":"","meta":[],"product_cat":[19,163],"product_tag":[51,54,52,55,53],"class_list":{"0":"post-204","1":"product","2":"type-product","3":"status-publish","4":"has-post-thumbnail","6":"product_cat-anal","7":"product_cat-anal-small","8":"product_tag-anal","9":"product_tag-butt-plug","10":"product_tag-hau-mon","11":"product_tag-phich-cam","12":"product_tag-plug-in","14":"first","15":"instock","16":"shipping-taxable","17":"purchasable","18":"product-type-variable"},"jetpack_sharing_enabled":true,"_links":{"self":[{"href":"https:\/\/analvn.com\/index.php?rest_route=\/wp\/v2\/product\/204","targetHints":{"allow":["GET"]}}],"collection":[{"href":"https:\/\/analvn.com\/index.php?rest_route=\/wp\/v2\/product"}],"about":[{"href":"https:\/\/analvn.com\/index.php?rest_route=\/wp\/v2\/types\/product"}],"wp:featuredmedia":[{"embeddable":true,"href":"https:\/\/analvn.com\/index.php?rest_route=\/wp\/v2\/media\/217"}],"wp:attachment":[{"href":"https:\/\/analvn.com\/index.php?rest_route=%2Fwp%2Fv2%2Fmedia&parent=204"}],"wp:term":[{"taxonomy":"product_cat","embeddable":true,"href":"https:\/\/analvn.com\/index.php?rest_route=%2Fwp%2Fv2%2Fproduct_cat&post=204"},{"taxonomy":"product_tag","embeddable":true,"href":"https:\/\/analvn.com\/index.php?rest_route=%2Fwp%2Fv2%2Fproduct_tag&post=204"}],"curies":[{"name":"wp","href":"https:\/\/api.w.org\/{rel}","templated":true}]}}