{"id":2084,"date":"2024-02-16T11:28:07","date_gmt":"2024-02-16T11:28:07","guid":{"rendered":"https:\/\/analvn.com\/?post_type=product&#038;p=2084"},"modified":"2024-02-18T13:43:09","modified_gmt":"2024-02-18T13:43:09","slug":"duong-vat-gia-phat-nhiet-ailighter","status":"publish","type":"product","link":"https:\/\/analvn.com\/?product=duong-vat-gia-phat-nhiet-ailighter","title":{"rendered":"D\u01b0\u01a1ng v\u1eadt gi\u1ea3 ph\u00e1t nhi\u1ec7t Ailighter"},"content":{"rendered":"","protected":false},"excerpt":{"rendered":"<p>Lo\u1ea1i s\u1ea3n ph\u1ea9m: d\u01b0\u01a1ng v\u1eadt gi\u1ea3 ph\u00e1t nhi\u1ec7t, rung th\u1ee5t, t\u0103ng kho\u00e1i c\u1ea3m.<br \/>\n&#8211; Th\u00e0nh ph\u1ea7n: Silicon si\u00eau m\u1ec1m v\u00e0 nh\u1ef1a ABS.<br \/>\n&#8211; K\u00edch th\u01b0\u1edbc: d\u00e0i 17.5cm + 10.5cm (tay c\u1ea7m), \u0111\u01b0\u1eddng k\u00ednh 3,5cm.<br \/>\n&#8211; Ngu\u1ed3n c\u1ea5p: s\u1ea1c c\u1ed5ng USB.<br \/>\n&#8211; \u0110\u1eb7c \u0111i\u1ec3m: thi\u1ebft k\u1ebf th\u00e2n d\u01b0\u01a1ng v\u1eadt c\u00f3 nhi\u1ec1u \u0111\u01b0\u1eddng g\u00e2n cu\u1ed9n n\u1ed5i v\u00e0 nhi\u1ec1u ch\u1ebf \u0111\u1ed9 rung th\u1ee5t k\u1ebft h\u1ee3p k\u00edch th\u00edch si\u00eau m\u1ea1nh cho n\u1eef gi\u1edbi gi\u00fap t\u0103ng kho\u00e1i c\u1ea3m. Ngo\u00e0i ra, d\u01b0\u01a1ng v\u1eadt c\u00f2n c\u00f3 kh\u1ea3 n\u0103ng ph\u00e1t nhi\u1ec7t. C\u1ea5u t\u1ea1o silicon cao c\u1ea5p m\u1ec1m m\u1ea1i, ch\u1ed1ng th\u1ea5m n\u01b0\u1edbc v\u00e0 an to\u00e0n cho ng\u01b0\u1eddi s\u1eed d\u1ee5ng.<br \/>\n&#8211; Quy c\u00e1ch: h\u1ed9p 1 d\u01b0\u01a1ng v\u1eadt v\u00e0 c\u00e1p s\u1ea1c.<\/p>\n","protected":false},"featured_media":1937,"template":"","meta":[],"product_cat":[174,173,176,162],"product_tag":[96,74],"class_list":{"0":"post-2084","1":"product","2":"type-product","3":"status-publish","4":"has-post-thumbnail","6":"product_cat-co-lon","7":"product_cat-co-trung-binh","8":"product_cat-do-choi-cho-chi-em","9":"product_cat-duong-vat-gia","10":"product_tag-duong-vat-gia","11":"product_tag-massage","13":"first","14":"instock","15":"shipping-taxable","16":"purchasable","17":"product-type-simple"},"jetpack_sharing_enabled":true,"_links":{"self":[{"href":"https:\/\/analvn.com\/index.php?rest_route=\/wp\/v2\/product\/2084","targetHints":{"allow":["GET"]}}],"collection":[{"href":"https:\/\/analvn.com\/index.php?rest_route=\/wp\/v2\/product"}],"about":[{"href":"https:\/\/analvn.com\/index.php?rest_route=\/wp\/v2\/types\/product"}],"wp:featuredmedia":[{"embeddable":true,"href":"https:\/\/analvn.com\/index.php?rest_route=\/wp\/v2\/media\/1937"}],"wp:attachment":[{"href":"https:\/\/analvn.com\/index.php?rest_route=%2Fwp%2Fv2%2Fmedia&parent=2084"}],"wp:term":[{"taxonomy":"product_cat","embeddable":true,"href":"https:\/\/analvn.com\/index.php?rest_route=%2Fwp%2Fv2%2Fproduct_cat&post=2084"},{"taxonomy":"product_tag","embeddable":true,"href":"https:\/\/analvn.com\/index.php?rest_route=%2Fwp%2Fv2%2Fproduct_tag&post=2084"}],"curies":[{"name":"wp","href":"https:\/\/api.w.org\/{rel}","templated":true}]}}