{"id":2086,"date":"2024-02-16T11:16:31","date_gmt":"2024-02-16T11:16:31","guid":{"rendered":"https:\/\/analvn.com\/?post_type=product&#038;p=2086"},"modified":"2024-02-18T13:42:07","modified_gmt":"2024-02-18T13:42:07","slug":"duong-vat-gia-2-dau-faak-chat-luong-cao","status":"publish","type":"product","link":"https:\/\/analvn.com\/?product=duong-vat-gia-2-dau-faak-chat-luong-cao","title":{"rendered":"D\u01b0\u01a1ng v\u1eadt gi\u1ea3 2 \u0111\u1ea7u FAAK ch\u1ea5t l\u01b0\u1ee3ng cao"},"content":{"rendered":"","protected":false},"excerpt":{"rendered":"<p>Ch\u1ea5t li\u1ec7u silicone cao c\u1ea5p<br \/>\nH\u00e0ng ch\u00ednh h\u00e3ng FAAK<br \/>\nTh\u00edch h\u1ee3p cho 2 b\u1ea1n n\u1eef ho\u1eb7c c\u00f3 th\u1ec3 s\u1eed d\u1ee5ng nh\u01b0 \u0111\u1ed3 ch\u01a1i h\u1eadu m\u00f4n \u0111\u1ec1u \u0111\u01b0\u1ee3c<\/p>\n","protected":false},"featured_media":1912,"template":"","meta":[],"product_cat":[173,176,162],"product_tag":[206,96,207],"class_list":{"0":"post-2086","1":"product","2":"type-product","3":"status-publish","4":"has-post-thumbnail","6":"product_cat-co-trung-binh","7":"product_cat-do-choi-cho-chi-em","8":"product_cat-duong-vat-gia","9":"product_tag-2-dau","10":"product_tag-duong-vat-gia","11":"product_tag-lesbian","13":"first","14":"instock","15":"shipping-taxable","16":"purchasable","17":"product-type-variable"},"jetpack_sharing_enabled":true,"_links":{"self":[{"href":"https:\/\/analvn.com\/index.php?rest_route=\/wp\/v2\/product\/2086","targetHints":{"allow":["GET"]}}],"collection":[{"href":"https:\/\/analvn.com\/index.php?rest_route=\/wp\/v2\/product"}],"about":[{"href":"https:\/\/analvn.com\/index.php?rest_route=\/wp\/v2\/types\/product"}],"wp:featuredmedia":[{"embeddable":true,"href":"https:\/\/analvn.com\/index.php?rest_route=\/wp\/v2\/media\/1912"}],"wp:attachment":[{"href":"https:\/\/analvn.com\/index.php?rest_route=%2Fwp%2Fv2%2Fmedia&parent=2086"}],"wp:term":[{"taxonomy":"product_cat","embeddable":true,"href":"https:\/\/analvn.com\/index.php?rest_route=%2Fwp%2Fv2%2Fproduct_cat&post=2086"},{"taxonomy":"product_tag","embeddable":true,"href":"https:\/\/analvn.com\/index.php?rest_route=%2Fwp%2Fv2%2Fproduct_tag&post=2086"}],"curies":[{"name":"wp","href":"https:\/\/api.w.org\/{rel}","templated":true}]}}