{"id":2137,"date":"2024-02-17T14:09:56","date_gmt":"2024-02-17T14:09:56","guid":{"rendered":"https:\/\/analvn.com\/?post_type=product&#038;p=2137"},"modified":"2024-04-20T02:30:55","modified_gmt":"2024-04-20T02:30:55","slug":"duong-4","status":"publish","type":"product","link":"https:\/\/analvn.com\/?product=duong-4","title":{"rendered":"D\u01b0\u01a1ng v\u1eadt gi\u1ea3 ki\u1ec3u gi\u1ecdt n\u01b0\u1edbc nhi\u1ec1u m\u00e0u"},"content":{"rendered":"","protected":false},"excerpt":{"rendered":"<p>Ch\u1ea5t li\u1ec7u: silicone cao c\u1ea5p<br \/>\nK\u00edch th\u01b0\u1edbc: 4.7cm x 21cm<br \/>\nM\u00e0u: \u0111en \u0111\u1ecf\/h\u1ed3ng<br \/>\n\u0110\u1ebf ch\u00e2n kh\u00f4ng: c\u00f3<\/p>\n","protected":false},"featured_media":2021,"template":"","meta":[],"product_cat":[173,176,162],"product_tag":[],"class_list":{"0":"post-2137","1":"product","2":"type-product","3":"status-publish","4":"has-post-thumbnail","6":"product_cat-co-trung-binh","7":"product_cat-do-choi-cho-chi-em","8":"product_cat-duong-vat-gia","10":"first","11":"instock","12":"shipping-taxable","13":"purchasable","14":"product-type-variable"},"jetpack_sharing_enabled":true,"_links":{"self":[{"href":"https:\/\/analvn.com\/index.php?rest_route=\/wp\/v2\/product\/2137","targetHints":{"allow":["GET"]}}],"collection":[{"href":"https:\/\/analvn.com\/index.php?rest_route=\/wp\/v2\/product"}],"about":[{"href":"https:\/\/analvn.com\/index.php?rest_route=\/wp\/v2\/types\/product"}],"wp:featuredmedia":[{"embeddable":true,"href":"https:\/\/analvn.com\/index.php?rest_route=\/wp\/v2\/media\/2021"}],"wp:attachment":[{"href":"https:\/\/analvn.com\/index.php?rest_route=%2Fwp%2Fv2%2Fmedia&parent=2137"}],"wp:term":[{"taxonomy":"product_cat","embeddable":true,"href":"https:\/\/analvn.com\/index.php?rest_route=%2Fwp%2Fv2%2Fproduct_cat&post=2137"},{"taxonomy":"product_tag","embeddable":true,"href":"https:\/\/analvn.com\/index.php?rest_route=%2Fwp%2Fv2%2Fproduct_tag&post=2137"}],"curies":[{"name":"wp","href":"https:\/\/api.w.org\/{rel}","templated":true}]}}