{"id":2155,"date":"2024-02-17T14:22:39","date_gmt":"2024-02-17T14:22:39","guid":{"rendered":"https:\/\/analvn.com\/?post_type=product&#038;p=2155"},"modified":"2024-02-18T13:33:27","modified_gmt":"2024-02-18T13:33:27","slug":"strapon-loi-rong-da-nang","status":"publish","type":"product","link":"https:\/\/analvn.com\/?product=strapon-loi-rong-da-nang","title":{"rendered":"Strapon l\u00f5i r\u1ed7ng \u0111a n\u0103ng"},"content":{"rendered":"","protected":false},"excerpt":{"rendered":"<p>Ch\u1ea5t li\u1ec7u PVC an to\u00e0n, m\u1ec1m d\u1ebbo<br \/>\nK\u00edch th\u01b0\u1edbc v\u1ecf d\u01b0\u01a1ng v\u1eadt: 4cm x 21cm<br \/>\nL\u00f5i r\u1ed7ng kho\u1ea3ng 3cm c\u00f3 th\u1ec3 \u0111\u1ec3 m\u00e1y rung b\u00ean trong \u0111\u1ec3 t\u0103ng kho\u00e1i c\u1ea3m<br \/>\n\u0110ai chun co gi\u00e3n<\/p>\n","protected":false},"featured_media":2055,"template":"","meta":[],"product_cat":[173,176,162],"product_tag":[96,213],"class_list":{"0":"post-2155","1":"product","2":"type-product","3":"status-publish","4":"has-post-thumbnail","6":"product_cat-co-trung-binh","7":"product_cat-do-choi-cho-chi-em","8":"product_cat-duong-vat-gia","9":"product_tag-duong-vat-gia","10":"product_tag-strapon","12":"first","13":"instock","14":"shipping-taxable","15":"purchasable","16":"product-type-simple"},"jetpack_sharing_enabled":true,"_links":{"self":[{"href":"https:\/\/analvn.com\/index.php?rest_route=\/wp\/v2\/product\/2155","targetHints":{"allow":["GET"]}}],"collection":[{"href":"https:\/\/analvn.com\/index.php?rest_route=\/wp\/v2\/product"}],"about":[{"href":"https:\/\/analvn.com\/index.php?rest_route=\/wp\/v2\/types\/product"}],"wp:featuredmedia":[{"embeddable":true,"href":"https:\/\/analvn.com\/index.php?rest_route=\/wp\/v2\/media\/2055"}],"wp:attachment":[{"href":"https:\/\/analvn.com\/index.php?rest_route=%2Fwp%2Fv2%2Fmedia&parent=2155"}],"wp:term":[{"taxonomy":"product_cat","embeddable":true,"href":"https:\/\/analvn.com\/index.php?rest_route=%2Fwp%2Fv2%2Fproduct_cat&post=2155"},{"taxonomy":"product_tag","embeddable":true,"href":"https:\/\/analvn.com\/index.php?rest_route=%2Fwp%2Fv2%2Fproduct_tag&post=2155"}],"curies":[{"name":"wp","href":"https:\/\/api.w.org\/{rel}","templated":true}]}}