{"id":2248,"date":"2024-02-18T08:52:03","date_gmt":"2024-02-18T08:52:03","guid":{"rendered":"https:\/\/analvn.com\/?post_type=product&#038;p=2248"},"modified":"2024-02-18T08:52:03","modified_gmt":"2024-02-18T08:52:03","slug":"day-deo-tro-luc-khoa-duong-vat","status":"publish","type":"product","link":"https:\/\/analvn.com\/?product=day-deo-tro-luc-khoa-duong-vat","title":{"rendered":"D\u00e2y \u0111eo tr\u1ee3 l\u1ef1c kh\u00f3a d\u01b0\u01a1ng v\u1eadt"},"content":{"rendered":"","protected":false},"excerpt":{"rendered":"<p>D\u00e2y \u0111eo h\u1ed7 tr\u1ee3 gi\u1eef kh\u00f3a d\u01b0\u01a1ng v\u1eadt, \u0111\u1ee1 b\u1ecb n\u1eb7ng v\u00e0 tho\u1ea3i m\u00e1i khi \u0111eo l\u00e2u<br \/>\n*kh\u00f4ng k\u00e8m kh\u00f3a, ch\u1ec9 c\u00f3 d\u00e2y<\/p>\n","protected":false},"featured_media":2263,"template":"","meta":[],"product_cat":[177,178],"product_tag":[],"class_list":{"0":"post-2248","1":"product","2":"type-product","3":"status-publish","4":"has-post-thumbnail","6":"product_cat-do-choi-cho-anh-em","7":"product_cat-khoa-duong-vat","9":"first","10":"instock","11":"shipping-taxable","12":"purchasable","13":"product-type-variable"},"jetpack_sharing_enabled":true,"_links":{"self":[{"href":"https:\/\/analvn.com\/index.php?rest_route=\/wp\/v2\/product\/2248","targetHints":{"allow":["GET"]}}],"collection":[{"href":"https:\/\/analvn.com\/index.php?rest_route=\/wp\/v2\/product"}],"about":[{"href":"https:\/\/analvn.com\/index.php?rest_route=\/wp\/v2\/types\/product"}],"wp:featuredmedia":[{"embeddable":true,"href":"https:\/\/analvn.com\/index.php?rest_route=\/wp\/v2\/media\/2263"}],"wp:attachment":[{"href":"https:\/\/analvn.com\/index.php?rest_route=%2Fwp%2Fv2%2Fmedia&parent=2248"}],"wp:term":[{"taxonomy":"product_cat","embeddable":true,"href":"https:\/\/analvn.com\/index.php?rest_route=%2Fwp%2Fv2%2Fproduct_cat&post=2248"},{"taxonomy":"product_tag","embeddable":true,"href":"https:\/\/analvn.com\/index.php?rest_route=%2Fwp%2Fv2%2Fproduct_tag&post=2248"}],"curies":[{"name":"wp","href":"https:\/\/api.w.org\/{rel}","templated":true}]}}