{"id":2249,"date":"2024-02-18T08:55:00","date_gmt":"2024-02-18T08:55:00","guid":{"rendered":"https:\/\/analvn.com\/?post_type=product&#038;p=2249"},"modified":"2024-02-18T13:31:57","modified_gmt":"2024-02-18T13:31:57","slug":"khoa-7","status":"publish","type":"product","link":"https:\/\/analvn.com\/?product=khoa-7","title":{"rendered":"Kh\u00f3a d\u01b0\u01a1ng v\u1eadt silicone"},"content":{"rendered":"","protected":false},"excerpt":{"rendered":"<p>Ch\u1ea5t li\u1ec7u silicone m\u1ec1m d\u1ebbo<br \/>\nS\u1ea3n ph\u1ea9m g\u1ed3m l\u1ed3ng, kh\u00f3a &amp; ch\u00eca, 5 v\u00f2ng \u0111\u1ee7 k\u00edch c\u1ee1 t\u1eeb nh\u1ecf t\u1edbi l\u1edbn<\/p>\n","protected":false},"featured_media":2272,"template":"","meta":[],"product_cat":[177,178],"product_tag":[],"class_list":{"0":"post-2249","1":"product","2":"type-product","3":"status-publish","4":"has-post-thumbnail","6":"product_cat-do-choi-cho-anh-em","7":"product_cat-khoa-duong-vat","9":"first","10":"instock","11":"shipping-taxable","12":"purchasable","13":"product-type-variable"},"jetpack_sharing_enabled":true,"_links":{"self":[{"href":"https:\/\/analvn.com\/index.php?rest_route=\/wp\/v2\/product\/2249","targetHints":{"allow":["GET"]}}],"collection":[{"href":"https:\/\/analvn.com\/index.php?rest_route=\/wp\/v2\/product"}],"about":[{"href":"https:\/\/analvn.com\/index.php?rest_route=\/wp\/v2\/types\/product"}],"wp:featuredmedia":[{"embeddable":true,"href":"https:\/\/analvn.com\/index.php?rest_route=\/wp\/v2\/media\/2272"}],"wp:attachment":[{"href":"https:\/\/analvn.com\/index.php?rest_route=%2Fwp%2Fv2%2Fmedia&parent=2249"}],"wp:term":[{"taxonomy":"product_cat","embeddable":true,"href":"https:\/\/analvn.com\/index.php?rest_route=%2Fwp%2Fv2%2Fproduct_cat&post=2249"},{"taxonomy":"product_tag","embeddable":true,"href":"https:\/\/analvn.com\/index.php?rest_route=%2Fwp%2Fv2%2Fproduct_tag&post=2249"}],"curies":[{"name":"wp","href":"https:\/\/api.w.org\/{rel}","templated":true}]}}