{"id":2250,"date":"2024-02-18T08:40:11","date_gmt":"2024-02-18T08:40:11","guid":{"rendered":"https:\/\/analvn.com\/?post_type=product&#038;p=2250"},"modified":"2024-02-18T13:28:33","modified_gmt":"2024-02-18T13:28:33","slug":"khoa-3","status":"publish","type":"product","link":"https:\/\/analvn.com\/?product=khoa-3","title":{"rendered":"Kh\u00f3a d\u01b0\u01a1ng v\u1eadt nh\u1ef1a c\u1ee9ng lo\u1ea1i d\u00e0i"},"content":{"rendered":"","protected":false},"excerpt":{"rendered":"<p>Ch\u1ea5t li\u1ec7u nh\u1ef1a c\u1ee9ng<br \/>\nKh\u00f3a thi\u1ebft k\u1ebf l\u1ed3ng k\u00edn<br \/>\nB\u1ed9 s\u1ea3n ph\u1ea9m g\u1ed3m: l\u1ed3ng, kh\u00f3a &amp; ch\u00eca, 4 v\u00f2ng v\u1edbi 4 c\u1ee1 kh\u00e1c nhau t\u1eeb nh\u1ecf t\u1edbi l\u1edbn<\/p>\n","protected":false},"featured_media":2275,"template":"","meta":[],"product_cat":[177,178],"product_tag":[128,144,141],"class_list":{"0":"post-2250","1":"product","2":"type-product","3":"status-publish","4":"has-post-thumbnail","6":"product_cat-do-choi-cho-anh-em","7":"product_cat-khoa-duong-vat","8":"product_tag-bdsm","9":"product_tag-khoa","10":"product_tag-khoa-duong-vat","12":"first","13":"instock","14":"shipping-taxable","15":"purchasable","16":"product-type-variable"},"jetpack_sharing_enabled":true,"_links":{"self":[{"href":"https:\/\/analvn.com\/index.php?rest_route=\/wp\/v2\/product\/2250","targetHints":{"allow":["GET"]}}],"collection":[{"href":"https:\/\/analvn.com\/index.php?rest_route=\/wp\/v2\/product"}],"about":[{"href":"https:\/\/analvn.com\/index.php?rest_route=\/wp\/v2\/types\/product"}],"wp:featuredmedia":[{"embeddable":true,"href":"https:\/\/analvn.com\/index.php?rest_route=\/wp\/v2\/media\/2275"}],"wp:attachment":[{"href":"https:\/\/analvn.com\/index.php?rest_route=%2Fwp%2Fv2%2Fmedia&parent=2250"}],"wp:term":[{"taxonomy":"product_cat","embeddable":true,"href":"https:\/\/analvn.com\/index.php?rest_route=%2Fwp%2Fv2%2Fproduct_cat&post=2250"},{"taxonomy":"product_tag","embeddable":true,"href":"https:\/\/analvn.com\/index.php?rest_route=%2Fwp%2Fv2%2Fproduct_tag&post=2250"}],"curies":[{"name":"wp","href":"https:\/\/api.w.org\/{rel}","templated":true}]}}