{"id":2386,"date":"2024-02-20T04:36:51","date_gmt":"2024-02-20T04:36:51","guid":{"rendered":"https:\/\/analvn.com\/?post_type=product&#038;p=2386"},"modified":"2024-02-20T04:40:41","modified_gmt":"2024-02-20T04:40:41","slug":"coc-thu-dam-leten-a380-ver2-bu-mut","status":"publish","type":"product","link":"https:\/\/analvn.com\/?product=coc-thu-dam-leten-a380-ver2-bu-mut","title":{"rendered":"C\u1ed1c th\u1ee7 d\u00e2m Leten A380 Ver2 b\u00fa m\u00fat"},"content":{"rendered":"","protected":false},"excerpt":{"rendered":"<p>Ch\u1ea5t li\u1ec7u: ABS, Silicone y t\u1ebf cao c\u1ea5p an to\u00e0n cho da ng\u01b0\u1eddi s\u1eed d\u1ee5ng.<br \/>\n&#8211; K\u00edch th\u01b0\u1edbc: 322mm x 88mm.<br \/>\n&#8211; Ch\u1ebf \u0111\u1ed9 th\u1ee5t: 10 ch\u1ebf \u0111\u1ed9.<br \/>\n&#8211; C\u00f3 \u00e2m thanh r\u00ean r\u1ec9<br \/>\n&#8211; Tr\u1ecdng l\u01b0\u1ee3ng: 930g.<br \/>\n&#8211; Pin s\u1ea1c nam ch\u00e2m c\u1ed5ng s\u1ea1c USB.<br \/>\n&#8211; Th\u1eddi gian s\u1ea1c kho\u1ea3ng 3 ti\u1ebfng.<br \/>\n&#8211; Th\u1eddi gian s\u1eed d\u1ee5ng kho\u1ea3ng 1 \u0111\u1ebfn 1.5 ti\u1ebfng.<br \/>\n&#8211; H\u00e3ng s\u1ea3n xu\u1ea5t: Leten.<\/p>\n","protected":false},"featured_media":2376,"template":"","meta":[],"product_cat":[177,179],"product_tag":[229,230],"class_list":{"0":"post-2386","1":"product","2":"type-product","3":"status-publish","4":"has-post-thumbnail","6":"product_cat-do-choi-cho-anh-em","7":"product_cat-dung-cu-thu-dam","8":"product_tag-coc-thu-dam","9":"product_tag-leten","11":"first","12":"instock","13":"shipping-taxable","14":"purchasable","15":"product-type-simple"},"jetpack_sharing_enabled":true,"_links":{"self":[{"href":"https:\/\/analvn.com\/index.php?rest_route=\/wp\/v2\/product\/2386","targetHints":{"allow":["GET"]}}],"collection":[{"href":"https:\/\/analvn.com\/index.php?rest_route=\/wp\/v2\/product"}],"about":[{"href":"https:\/\/analvn.com\/index.php?rest_route=\/wp\/v2\/types\/product"}],"wp:featuredmedia":[{"embeddable":true,"href":"https:\/\/analvn.com\/index.php?rest_route=\/wp\/v2\/media\/2376"}],"wp:attachment":[{"href":"https:\/\/analvn.com\/index.php?rest_route=%2Fwp%2Fv2%2Fmedia&parent=2386"}],"wp:term":[{"taxonomy":"product_cat","embeddable":true,"href":"https:\/\/analvn.com\/index.php?rest_route=%2Fwp%2Fv2%2Fproduct_cat&post=2386"},{"taxonomy":"product_tag","embeddable":true,"href":"https:\/\/analvn.com\/index.php?rest_route=%2Fwp%2Fv2%2Fproduct_tag&post=2386"}],"curies":[{"name":"wp","href":"https:\/\/api.w.org\/{rel}","templated":true}]}}