{"id":2523,"date":"2024-02-22T10:55:57","date_gmt":"2024-02-22T10:55:57","guid":{"rendered":"https:\/\/analvn.com\/?post_type=product&#038;p=2523"},"modified":"2024-02-22T10:55:58","modified_gmt":"2024-02-22T10:55:58","slug":"cockring-gai-ho-tro-chong-xuat-tinh-som","status":"publish","type":"product","link":"https:\/\/analvn.com\/?product=cockring-gai-ho-tro-chong-xuat-tinh-som","title":{"rendered":"Cockring gai h\u1ed7 tr\u1ee3 ch\u1ed1ng xu\u1ea5t tinh s\u1edbm"},"content":{"rendered":"","protected":false},"excerpt":{"rendered":"<p>T\u00ednh n\u0103ng: Gi\u1eef c\u01b0\u01a1ng c\u1ee9ng, ng\u0103n ch\u1eb7n xu\u1ea5t t\u00ednh s\u1edbm, h\u1ed7 tr\u1ee3 k\u00e9o d\u00e0i th\u1eddi gian quan h\u1ec7.<br \/>\n\u0110\u1eb7c \u0111i\u1ec3m n\u1ed5i tr\u1ed9i: M\u1ec1m m\u1ea1i, Tho\u1ea3i m\u00e1i, \u00d4m s\u00e1t<br \/>\nQuy c\u00e1ch \u0111\u00f3ng g\u00f3i: 3 v\u00f2ng li\u1ec1n c\u00f3 gai<\/p>\n","protected":false},"featured_media":2440,"template":"","meta":[],"product_cat":[18],"product_tag":[],"class_list":{"0":"post-2523","1":"product","2":"type-product","3":"status-publish","4":"has-post-thumbnail","6":"product_cat-chua-phan-loai","8":"first","9":"instock","10":"shipping-taxable","11":"purchasable","12":"product-type-simple"},"jetpack_sharing_enabled":true,"_links":{"self":[{"href":"https:\/\/analvn.com\/index.php?rest_route=\/wp\/v2\/product\/2523","targetHints":{"allow":["GET"]}}],"collection":[{"href":"https:\/\/analvn.com\/index.php?rest_route=\/wp\/v2\/product"}],"about":[{"href":"https:\/\/analvn.com\/index.php?rest_route=\/wp\/v2\/types\/product"}],"wp:featuredmedia":[{"embeddable":true,"href":"https:\/\/analvn.com\/index.php?rest_route=\/wp\/v2\/media\/2440"}],"wp:attachment":[{"href":"https:\/\/analvn.com\/index.php?rest_route=%2Fwp%2Fv2%2Fmedia&parent=2523"}],"wp:term":[{"taxonomy":"product_cat","embeddable":true,"href":"https:\/\/analvn.com\/index.php?rest_route=%2Fwp%2Fv2%2Fproduct_cat&post=2523"},{"taxonomy":"product_tag","embeddable":true,"href":"https:\/\/analvn.com\/index.php?rest_route=%2Fwp%2Fv2%2Fproduct_tag&post=2523"}],"curies":[{"name":"wp","href":"https:\/\/api.w.org\/{rel}","templated":true}]}}