{"id":2532,"date":"2024-02-22T11:00:12","date_gmt":"2024-02-22T11:00:12","guid":{"rendered":"https:\/\/analvn.com\/?post_type=product&#038;p=2532"},"modified":"2024-02-22T11:00:12","modified_gmt":"2024-02-22T11:00:12","slug":"bcs-khuc-1-hang-hat-nhua","status":"publish","type":"product","link":"https:\/\/analvn.com\/?product=bcs-khuc-1-hang-hat-nhua","title":{"rendered":"BCS kh\u00fac 1 h\u00e0ng h\u1ea1t nh\u1ef1a"},"content":{"rendered":"","protected":false},"excerpt":{"rendered":"<p>Lo\u1ea1i s\u1ea3n ph\u1ea9m: bao cao su \u0111\u00f4n d\u00ean kh\u00fac t\u0103ng k\u00edch th\u01b0\u1edbc, bi gai t\u0103ng kho\u00e1i c\u1ea3m.<br \/>\n&#8211; K\u00edch th\u01b0\u1edbc: d\u00e0i 45mm, \u0111\u01b0\u1eddng k\u00ednh t\u1eeb 30 &#8211; 40mm.<br \/>\n&#8211; \u0110\u1eb7c \u0111i\u1ec3m: t\u0103ng k\u00edch th\u01b0\u1edbc kh\u00fac gi\u1eefa c\u1ee7a d\u01b0\u01a1ng v\u1eadt, th\u00e2n bao c\u00f3\u00a0 bi bao b\u1ecdc b\u1edfi silicon v\u00e0 gai n\u1ed5i gi\u00fap t\u0103ng kho\u00e1i c\u1ea3m.<\/p>\n","protected":false},"featured_media":2443,"template":"","meta":[],"product_cat":[182,177],"product_tag":[],"class_list":{"0":"post-2532","1":"product","2":"type-product","3":"status-publish","4":"has-post-thumbnail","6":"product_cat-bcs-cockring","7":"product_cat-do-choi-cho-anh-em","9":"first","10":"instock","11":"shipping-taxable","12":"purchasable","13":"product-type-simple"},"jetpack_sharing_enabled":true,"_links":{"self":[{"href":"https:\/\/analvn.com\/index.php?rest_route=\/wp\/v2\/product\/2532","targetHints":{"allow":["GET"]}}],"collection":[{"href":"https:\/\/analvn.com\/index.php?rest_route=\/wp\/v2\/product"}],"about":[{"href":"https:\/\/analvn.com\/index.php?rest_route=\/wp\/v2\/types\/product"}],"wp:featuredmedia":[{"embeddable":true,"href":"https:\/\/analvn.com\/index.php?rest_route=\/wp\/v2\/media\/2443"}],"wp:attachment":[{"href":"https:\/\/analvn.com\/index.php?rest_route=%2Fwp%2Fv2%2Fmedia&parent=2532"}],"wp:term":[{"taxonomy":"product_cat","embeddable":true,"href":"https:\/\/analvn.com\/index.php?rest_route=%2Fwp%2Fv2%2Fproduct_cat&post=2532"},{"taxonomy":"product_tag","embeddable":true,"href":"https:\/\/analvn.com\/index.php?rest_route=%2Fwp%2Fv2%2Fproduct_tag&post=2532"}],"curies":[{"name":"wp","href":"https:\/\/api.w.org\/{rel}","templated":true}]}}