{"id":2539,"date":"2024-02-22T11:07:49","date_gmt":"2024-02-22T11:07:49","guid":{"rendered":"https:\/\/analvn.com\/?post_type=product&#038;p=2539"},"modified":"2024-02-22T11:08:04","modified_gmt":"2024-02-22T11:08:04","slug":"bcs","status":"publish","type":"product","link":"https:\/\/analvn.com\/?product=bcs","title":{"rendered":"BCS kh\u00fac ch\u1ed1ng xu\u1ea5t tinh s\u1edbm"},"content":{"rendered":"","protected":false},"excerpt":{"rendered":"<p>Lo\u1ea1i s\u1ea3n ph\u1ea9m: bao cao su \u0111\u00f4n d\u00ean kh\u00fac t\u0103ng k\u00edch th\u01b0\u1edbc, bi gai t\u0103ng kho\u00e1i c\u1ea3m.<br \/>\n\u2013 \u0110\u1eb7c \u0111i\u1ec3m: t\u0103ng k\u00edch th\u01b0\u1edbc kh\u00fac gi\u1eefa v\u00e0 \u0111\u1ea7u c\u1ee7a d\u01b0\u01a1ng v\u1eadt, th\u00e2n bao c\u00f3\u00a0 bi bao b\u1ecdc b\u1edfi silicon v\u00e0 gai n\u1ed5i gi\u00fap t\u0103ng kho\u00e1i c\u1ea3m.<br \/>\n-Ph\u1ea7n cockring c\u00f3 t\u00e1c d\u1ee5ng ch\u1ed1ng xu\u1ea5t tinh s\u1edbm<\/p>\n","protected":false},"featured_media":2447,"template":"","meta":[],"product_cat":[182,177],"product_tag":[],"class_list":{"0":"post-2539","1":"product","2":"type-product","3":"status-publish","4":"has-post-thumbnail","6":"product_cat-bcs-cockring","7":"product_cat-do-choi-cho-anh-em","9":"first","10":"instock","11":"shipping-taxable","12":"purchasable","13":"product-type-variable"},"jetpack_sharing_enabled":true,"_links":{"self":[{"href":"https:\/\/analvn.com\/index.php?rest_route=\/wp\/v2\/product\/2539","targetHints":{"allow":["GET"]}}],"collection":[{"href":"https:\/\/analvn.com\/index.php?rest_route=\/wp\/v2\/product"}],"about":[{"href":"https:\/\/analvn.com\/index.php?rest_route=\/wp\/v2\/types\/product"}],"wp:featuredmedia":[{"embeddable":true,"href":"https:\/\/analvn.com\/index.php?rest_route=\/wp\/v2\/media\/2447"}],"wp:attachment":[{"href":"https:\/\/analvn.com\/index.php?rest_route=%2Fwp%2Fv2%2Fmedia&parent=2539"}],"wp:term":[{"taxonomy":"product_cat","embeddable":true,"href":"https:\/\/analvn.com\/index.php?rest_route=%2Fwp%2Fv2%2Fproduct_cat&post=2539"},{"taxonomy":"product_tag","embeddable":true,"href":"https:\/\/analvn.com\/index.php?rest_route=%2Fwp%2Fv2%2Fproduct_tag&post=2539"}],"curies":[{"name":"wp","href":"https:\/\/api.w.org\/{rel}","templated":true}]}}