{"id":2567,"date":"2024-02-22T11:16:40","date_gmt":"2024-02-22T11:16:40","guid":{"rendered":"https:\/\/analvn.com\/?post_type=product&#038;p=2567"},"modified":"2024-02-22T11:16:41","modified_gmt":"2024-02-22T11:16:41","slug":"bo-3-dau-lap-voi-sen-ve-sinh-hau-mon","status":"publish","type":"product","link":"https:\/\/analvn.com\/?product=bo-3-dau-lap-voi-sen-ve-sinh-hau-mon","title":{"rendered":"B\u1ed9 3 \u0111\u1ea7u l\u1eafp v\u00f2i sen v\u1ec7 sinh h\u1eadu m\u00f4n"},"content":{"rendered":"","protected":false},"excerpt":{"rendered":"<p>B\u1ed9 s\u1ea3n ph\u1ea9m g\u1ed3m 3 \u0111\u1ea7u v\u00e0 1 thanh inox c\u00f3 th\u1ec3 l\u1eafp tr\u1ef1c ti\u1ebfp v\u00e0o v\u00f2i sen, v\u00f2i x\u1ecbt<\/p>\n","protected":false},"featured_media":2556,"template":"","meta":[],"product_cat":[185,184],"product_tag":[],"class_list":{"0":"post-2567","1":"product","2":"type-product","3":"status-publish","4":"has-post-thumbnail","6":"product_cat-dung-cu-ve-sinh","7":"product_cat-san-pham-ho-tro","9":"first","10":"instock","11":"shipping-taxable","12":"purchasable","13":"product-type-simple"},"jetpack_sharing_enabled":true,"_links":{"self":[{"href":"https:\/\/analvn.com\/index.php?rest_route=\/wp\/v2\/product\/2567","targetHints":{"allow":["GET"]}}],"collection":[{"href":"https:\/\/analvn.com\/index.php?rest_route=\/wp\/v2\/product"}],"about":[{"href":"https:\/\/analvn.com\/index.php?rest_route=\/wp\/v2\/types\/product"}],"wp:featuredmedia":[{"embeddable":true,"href":"https:\/\/analvn.com\/index.php?rest_route=\/wp\/v2\/media\/2556"}],"wp:attachment":[{"href":"https:\/\/analvn.com\/index.php?rest_route=%2Fwp%2Fv2%2Fmedia&parent=2567"}],"wp:term":[{"taxonomy":"product_cat","embeddable":true,"href":"https:\/\/analvn.com\/index.php?rest_route=%2Fwp%2Fv2%2Fproduct_cat&post=2567"},{"taxonomy":"product_tag","embeddable":true,"href":"https:\/\/analvn.com\/index.php?rest_route=%2Fwp%2Fv2%2Fproduct_tag&post=2567"}],"curies":[{"name":"wp","href":"https:\/\/api.w.org\/{rel}","templated":true}]}}