{"id":2618,"date":"2024-03-28T08:07:18","date_gmt":"2024-03-28T08:07:18","guid":{"rendered":"https:\/\/analvn.com\/?post_type=product&#038;p=2618"},"modified":"2024-03-28T08:42:03","modified_gmt":"2024-03-28T08:42:03","slug":"bao","status":"publish","type":"product","link":"https:\/\/analvn.com\/?product=bao","title":{"rendered":"Bao cao su donzen d\u1ea7y 4 m\u1eabu"},"content":{"rendered":"","protected":false},"excerpt":{"rendered":"<p>Bao cao su d\u1ea7y c\u00f3 th\u1ec3 s\u1eed d\u1ee5ng l\u1ea1i nhi\u1ec1u l\u1ea7n<br \/>\nPh\u1ea7n gai g\u00e2n n\u1ed5i gi\u00fap t\u0103ng k\u00edch th\u00edch khi s\u1eed d\u1ee5ng<\/p>\n","protected":false},"featured_media":2585,"template":"","meta":[],"product_cat":[182,177],"product_tag":[238],"class_list":{"0":"post-2618","1":"product","2":"type-product","3":"status-publish","4":"has-post-thumbnail","6":"product_cat-bcs-cockring","7":"product_cat-do-choi-cho-anh-em","8":"product_tag-bcs","10":"first","11":"instock","12":"shipping-taxable","13":"purchasable","14":"product-type-variable"},"jetpack_sharing_enabled":true,"_links":{"self":[{"href":"https:\/\/analvn.com\/index.php?rest_route=\/wp\/v2\/product\/2618","targetHints":{"allow":["GET"]}}],"collection":[{"href":"https:\/\/analvn.com\/index.php?rest_route=\/wp\/v2\/product"}],"about":[{"href":"https:\/\/analvn.com\/index.php?rest_route=\/wp\/v2\/types\/product"}],"wp:featuredmedia":[{"embeddable":true,"href":"https:\/\/analvn.com\/index.php?rest_route=\/wp\/v2\/media\/2585"}],"wp:attachment":[{"href":"https:\/\/analvn.com\/index.php?rest_route=%2Fwp%2Fv2%2Fmedia&parent=2618"}],"wp:term":[{"taxonomy":"product_cat","embeddable":true,"href":"https:\/\/analvn.com\/index.php?rest_route=%2Fwp%2Fv2%2Fproduct_cat&post=2618"},{"taxonomy":"product_tag","embeddable":true,"href":"https:\/\/analvn.com\/index.php?rest_route=%2Fwp%2Fv2%2Fproduct_tag&post=2618"}],"curies":[{"name":"wp","href":"https:\/\/api.w.org\/{rel}","templated":true}]}}