{"id":2917,"date":"2025-01-22T16:06:15","date_gmt":"2025-01-22T16:06:15","guid":{"rendered":"https:\/\/analvn.com\/?post_type=product&#038;p=2917"},"modified":"2025-01-22T16:06:15","modified_gmt":"2025-01-22T16:06:15","slug":"thanh-cam-hau-mon-nhun-sieu-to-khong-lo","status":"publish","type":"product","link":"https:\/\/analvn.com\/?product=thanh-cam-hau-mon-nhun-sieu-to-khong-lo","title":{"rendered":"Thanh c\u1eafm h\u1eadu m\u00f4n nh\u00fan si\u00eau to kh\u1ed5ng l\u1ed3"},"content":{"rendered":"","protected":false},"excerpt":{"rendered":"<p>Ch\u1ea5t li\u1ec7u: nh\u1ef1a PVC<br \/>\n\u0110\u1ed9 c\u1ee9ng: m\u1ec1m, d\u1ebbo, \u0111\u00e0n h\u1ed3i t\u1ed1t<br \/>\nC\u00f3 \u0111\u1ebf h\u00edt nh\u01b0ng do s\u1ea3n ph\u1ea9m d\u00e0i v\u00e0 m\u1ec1m n\u00ean s\u1ebd b\u1ecb o\u1eb7t<br \/>\nK\u00edch th\u01b0\u1edbc l\u1edbn, tr\u1ecdng l\u01b0\u1ee3ng n\u1eb7ng, ch\u1ec9 d\u00e0nh cho kh\u00e1ch ch\u01a1i hardcore<\/p>\n","protected":false},"featured_media":2921,"template":"","meta":[],"product_cat":[19,165],"product_tag":[],"class_list":{"0":"post-2917","1":"product","2":"type-product","3":"status-publish","4":"has-post-thumbnail","6":"product_cat-anal","7":"product_cat-anal-big","9":"first","10":"instock","11":"shipping-taxable","12":"purchasable","13":"product-type-simple"},"jetpack_sharing_enabled":true,"_links":{"self":[{"href":"https:\/\/analvn.com\/index.php?rest_route=\/wp\/v2\/product\/2917","targetHints":{"allow":["GET"]}}],"collection":[{"href":"https:\/\/analvn.com\/index.php?rest_route=\/wp\/v2\/product"}],"about":[{"href":"https:\/\/analvn.com\/index.php?rest_route=\/wp\/v2\/types\/product"}],"wp:featuredmedia":[{"embeddable":true,"href":"https:\/\/analvn.com\/index.php?rest_route=\/wp\/v2\/media\/2921"}],"wp:attachment":[{"href":"https:\/\/analvn.com\/index.php?rest_route=%2Fwp%2Fv2%2Fmedia&parent=2917"}],"wp:term":[{"taxonomy":"product_cat","embeddable":true,"href":"https:\/\/analvn.com\/index.php?rest_route=%2Fwp%2Fv2%2Fproduct_cat&post=2917"},{"taxonomy":"product_tag","embeddable":true,"href":"https:\/\/analvn.com\/index.php?rest_route=%2Fwp%2Fv2%2Fproduct_tag&post=2917"}],"curies":[{"name":"wp","href":"https:\/\/api.w.org\/{rel}","templated":true}]}}