{"id":293,"date":"2023-06-03T13:16:02","date_gmt":"2023-06-03T13:16:02","guid":{"rendered":"https:\/\/analvn.com\/?post_type=product&#038;p=293"},"modified":"2023-07-09T08:10:15","modified_gmt":"2023-07-09T08:10:15","slug":"phich-cam-hau-mon-loi-rong-doc-dao","status":"publish","type":"product","link":"https:\/\/analvn.com\/?product=phich-cam-hau-mon-loi-rong-doc-dao","title":{"rendered":"Ph\u00edch c\u1eafm h\u1eadu m\u00f4n l\u00f5i r\u1ed7ng \u0111\u1ed9c \u0111\u00e1o"},"content":{"rendered":"<p><img loading=\"lazy\" decoding=\"async\" class=\"alignnone size-medium wp-image-301\" src=\"https:\/\/analvn.com\/wp-content\/uploads\/2023\/06\/13168516187_279567083-300x118.jpg\" alt=\"\" width=\"300\" height=\"118\" srcset=\"https:\/\/analvn.com\/wp-content\/uploads\/2023\/06\/13168516187_279567083-300x118.jpg 300w, https:\/\/analvn.com\/wp-content\/uploads\/2023\/06\/13168516187_279567083-1024x403.jpg 1024w, https:\/\/analvn.com\/wp-content\/uploads\/2023\/06\/13168516187_279567083-768x302.jpg 768w, https:\/\/analvn.com\/wp-content\/uploads\/2023\/06\/13168516187_279567083-600x236.jpg 600w, https:\/\/analvn.com\/wp-content\/uploads\/2023\/06\/13168516187_279567083.jpg 1382w\" sizes=\"auto, (max-width: 300px) 100vw, 300px\" \/> <img loading=\"lazy\" decoding=\"async\" class=\"alignnone size-medium wp-image-302\" src=\"https:\/\/analvn.com\/wp-content\/uploads\/2023\/06\/13168501696_279567083-300x134.jpg\" alt=\"\" width=\"300\" height=\"134\" srcset=\"https:\/\/analvn.com\/wp-content\/uploads\/2023\/06\/13168501696_279567083-300x134.jpg 300w, https:\/\/analvn.com\/wp-content\/uploads\/2023\/06\/13168501696_279567083-1024x458.jpg 1024w, https:\/\/analvn.com\/wp-content\/uploads\/2023\/06\/13168501696_279567083-768x343.jpg 768w, https:\/\/analvn.com\/wp-content\/uploads\/2023\/06\/13168501696_279567083-600x268.jpg 600w, https:\/\/analvn.com\/wp-content\/uploads\/2023\/06\/13168501696_279567083.jpg 1222w\" sizes=\"auto, (max-width: 300px) 100vw, 300px\" \/> <img loading=\"lazy\" decoding=\"async\" class=\"alignnone size-medium wp-image-304\" src=\"https:\/\/analvn.com\/wp-content\/uploads\/2023\/06\/13211132481_279567083-300x152.jpg\" alt=\"\" width=\"300\" height=\"152\" srcset=\"https:\/\/analvn.com\/wp-content\/uploads\/2023\/06\/13211132481_279567083-300x152.jpg 300w, https:\/\/analvn.com\/wp-content\/uploads\/2023\/06\/13211132481_279567083-1024x519.jpg 1024w, https:\/\/analvn.com\/wp-content\/uploads\/2023\/06\/13211132481_279567083-768x389.jpg 768w, https:\/\/analvn.com\/wp-content\/uploads\/2023\/06\/13211132481_279567083-600x304.jpg 600w, https:\/\/analvn.com\/wp-content\/uploads\/2023\/06\/13211132481_279567083.jpg 1128w\" sizes=\"auto, (max-width: 300px) 100vw, 300px\" \/> <img loading=\"lazy\" decoding=\"async\" class=\"alignnone size-medium wp-image-303\" src=\"https:\/\/analvn.com\/wp-content\/uploads\/2023\/06\/13211135415_279567083-300x137.jpg\" alt=\"\" width=\"300\" height=\"137\" srcset=\"https:\/\/analvn.com\/wp-content\/uploads\/2023\/06\/13211135415_279567083-300x137.jpg 300w, https:\/\/analvn.com\/wp-content\/uploads\/2023\/06\/13211135415_279567083-1024x468.jpg 1024w, https:\/\/analvn.com\/wp-content\/uploads\/2023\/06\/13211135415_279567083-768x351.jpg 768w, https:\/\/analvn.com\/wp-content\/uploads\/2023\/06\/13211135415_279567083-600x274.jpg 600w, https:\/\/analvn.com\/wp-content\/uploads\/2023\/06\/13211135415_279567083.jpg 1270w\" sizes=\"auto, (max-width: 300px) 100vw, 300px\" \/> <img loading=\"lazy\" decoding=\"async\" class=\"alignnone size-medium wp-image-305\" src=\"https:\/\/analvn.com\/wp-content\/uploads\/2023\/06\/z4401805843059_eac271741146ef2490c2343a5079a510-300x234.jpg\" alt=\"\" width=\"300\" height=\"234\" srcset=\"https:\/\/analvn.com\/wp-content\/uploads\/2023\/06\/z4401805843059_eac271741146ef2490c2343a5079a510-300x234.jpg 300w, https:\/\/analvn.com\/wp-content\/uploads\/2023\/06\/z4401805843059_eac271741146ef2490c2343a5079a510-768x598.jpg 768w, https:\/\/analvn.com\/wp-content\/uploads\/2023\/06\/z4401805843059_eac271741146ef2490c2343a5079a510-600x468.jpg 600w, https:\/\/analvn.com\/wp-content\/uploads\/2023\/06\/z4401805843059_eac271741146ef2490c2343a5079a510.jpg 820w\" sizes=\"auto, (max-width: 300px) 100vw, 300px\" \/><\/p>\n","protected":false},"excerpt":{"rendered":"<p>S\u1ea3n ph\u1ea9m \u0111\u1eb7c bi\u1ec7t \u1edf ph\u1ea7n l\u00f5i r\u1ed7ng gi\u00fap t\u1ea1o 1 \u0111\u01b0\u1eddng h\u1ea7m \u0111\u1ec3 b\u1ea1n c\u00f3 th\u1ec3 nh\u00ecn v\u00e0o b\u00ean trong ho\u1eb7c \u0111\u01b0a th\u00eam tr\u1ee9ng rung v\u00e0o.<br \/>\nPh\u00edch c\u1eafm l\u00e0m b\u1eb1ng nh\u1ef1a d\u1ebbo, m\u1ec1m.<br \/>\n*N\u00ean s\u1eed d\u1ee5ng th\u00eam gel b\u00f4i tr\u01a1n cho d\u1ec5 d\u00e0ng<br \/>\nK\u00edch th\u01b0\u1edbc chi ti\u1ebft vui l\u00f2ng xem b\u00ean d\u01b0\u1edbi<br \/>\nS\u1ea3n ph\u1ea9m c\u00f3 5 size, size 1 v\u1eeba v\u1edbi ng\u01b0\u1eddi m\u1edbi t\u1eadp ch\u01a1i<br \/>\nSize 5 c\u00f3 k\u00edch th\u01b0\u1edbc r\u1ea5t l\u1edbn, ng\u01b0\u1eddi ch\u01a1i l\u00e2u n\u0103m upsize kh\u1ee7ng m\u1edbi c\u00f3 th\u1ec3 s\u1eed d\u1ee5ng<\/p>\n","protected":false},"featured_media":307,"template":"","meta":[],"product_cat":[19,165,163,164],"product_tag":[51,54,52,55,80,53],"class_list":{"0":"post-293","1":"product","2":"type-product","3":"status-publish","4":"has-post-thumbnail","6":"product_cat-anal","7":"product_cat-anal-big","8":"product_cat-anal-small","9":"product_cat-anal-medium","10":"product_tag-anal","11":"product_tag-butt-plug","12":"product_tag-hau-mon","13":"product_tag-phich-cam","14":"product_tag-phich-cam-rong","15":"product_tag-plug-in","17":"first","18":"instock","19":"shipping-taxable","20":"purchasable","21":"product-type-variable"},"jetpack_sharing_enabled":true,"_links":{"self":[{"href":"https:\/\/analvn.com\/index.php?rest_route=\/wp\/v2\/product\/293","targetHints":{"allow":["GET"]}}],"collection":[{"href":"https:\/\/analvn.com\/index.php?rest_route=\/wp\/v2\/product"}],"about":[{"href":"https:\/\/analvn.com\/index.php?rest_route=\/wp\/v2\/types\/product"}],"wp:featuredmedia":[{"embeddable":true,"href":"https:\/\/analvn.com\/index.php?rest_route=\/wp\/v2\/media\/307"}],"wp:attachment":[{"href":"https:\/\/analvn.com\/index.php?rest_route=%2Fwp%2Fv2%2Fmedia&parent=293"}],"wp:term":[{"taxonomy":"product_cat","embeddable":true,"href":"https:\/\/analvn.com\/index.php?rest_route=%2Fwp%2Fv2%2Fproduct_cat&post=293"},{"taxonomy":"product_tag","embeddable":true,"href":"https:\/\/analvn.com\/index.php?rest_route=%2Fwp%2Fv2%2Fproduct_tag&post=293"}],"curies":[{"name":"wp","href":"https:\/\/api.w.org\/{rel}","templated":true}]}}