{"id":2939,"date":"2025-01-23T15:03:20","date_gmt":"2025-01-23T15:03:20","guid":{"rendered":"https:\/\/analvn.com\/?post_type=product&#038;p=2939"},"modified":"2025-01-23T15:03:51","modified_gmt":"2025-01-23T15:03:51","slug":"duong-9","status":"publish","type":"product","link":"https:\/\/analvn.com\/?product=duong-9","title":{"rendered":"D\u01b0\u01a1ng v\u1eadt gi\u1ea3 d\u00e1ng ch\u00f3 s\u00f3i nh\u1ef1a d\u1ebbo"},"content":{"rendered":"","protected":false},"excerpt":{"rendered":"<p>Ch\u1ea5t li\u1ec7u: nh\u1ef1a PVC an to\u00e0n<br \/>\n\u0110\u1ed9 c\u1ee9ng: m\u1ec1m d\u1ebbo, u\u1ed1n cong<\/p>\n","protected":false},"featured_media":2940,"template":"","meta":[],"product_cat":[173,176,162],"product_tag":[],"class_list":{"0":"post-2939","1":"product","2":"type-product","3":"status-publish","4":"has-post-thumbnail","6":"product_cat-co-trung-binh","7":"product_cat-do-choi-cho-chi-em","8":"product_cat-duong-vat-gia","10":"first","11":"instock","12":"shipping-taxable","13":"purchasable","14":"product-type-variable"},"jetpack_sharing_enabled":true,"_links":{"self":[{"href":"https:\/\/analvn.com\/index.php?rest_route=\/wp\/v2\/product\/2939","targetHints":{"allow":["GET"]}}],"collection":[{"href":"https:\/\/analvn.com\/index.php?rest_route=\/wp\/v2\/product"}],"about":[{"href":"https:\/\/analvn.com\/index.php?rest_route=\/wp\/v2\/types\/product"}],"wp:featuredmedia":[{"embeddable":true,"href":"https:\/\/analvn.com\/index.php?rest_route=\/wp\/v2\/media\/2940"}],"wp:attachment":[{"href":"https:\/\/analvn.com\/index.php?rest_route=%2Fwp%2Fv2%2Fmedia&parent=2939"}],"wp:term":[{"taxonomy":"product_cat","embeddable":true,"href":"https:\/\/analvn.com\/index.php?rest_route=%2Fwp%2Fv2%2Fproduct_cat&post=2939"},{"taxonomy":"product_tag","embeddable":true,"href":"https:\/\/analvn.com\/index.php?rest_route=%2Fwp%2Fv2%2Fproduct_tag&post=2939"}],"curies":[{"name":"wp","href":"https:\/\/api.w.org\/{rel}","templated":true}]}}