{"id":2969,"date":"2025-01-30T13:36:50","date_gmt":"2025-01-30T13:36:50","guid":{"rendered":"https:\/\/analvn.com\/?post_type=product&#038;p=2969"},"modified":"2025-01-30T13:44:47","modified_gmt":"2025-01-30T13:44:47","slug":"trung-2","status":"publish","type":"product","link":"https:\/\/analvn.com\/?product=trung-2","title":{"rendered":"Tr\u1ee9ng rung tinh tr\u00f9ng \u0111\u1eb9p \u0111\u1ed9c l\u1ea1"},"content":{"rendered":"","protected":false},"excerpt":{"rendered":"<p>Ch\u1ea5t li\u1ec7u: silicone<br \/>\nK\u00edch th\u01b0\u1edbc: t\u1ed5ng chi\u1ec1u d\u00e0i 17cm x \u0111\u01b0\u1eddng k\u00ednh tr\u1ee9ng 2,2cm<br \/>\nC\u00f3 s\u1eb5n 9 ch\u1ebf \u0111\u1ed9 rung \u0111i\u1ec1u khi\u1ec3n b\u1eb1ng n\u00fat b\u1ea5m tr\u00ean th\u00e2n m\u00e1y, n\u1ebfu d\u00f9ng th\u00eam App th\u00ec s\u1ebd c\u00f3 th\u00eam c\u00e1c ch\u1ebf \u0111\u1ed9 nh\u01b0 rung l\u1eafc\/nh\u1ea1c &#8230;<br \/>\nTr\u1ee9ng s\u1ea1c \u0111i\u00ean, ch\u1ed1ng n\u01b0\u1edbc t\u1ed1t<\/p>\n","protected":false},"featured_media":2978,"template":"","meta":[],"product_cat":[176,171,168],"product_tag":[],"class_list":{"0":"post-2969","1":"product","2":"type-product","3":"status-publish","4":"has-post-thumbnail","6":"product_cat-do-choi-cho-chi-em","7":"product_cat-khong-day","8":"product_cat-trung-rung","10":"first","11":"instock","12":"shipping-taxable","13":"purchasable","14":"product-type-variable"},"jetpack_sharing_enabled":true,"_links":{"self":[{"href":"https:\/\/analvn.com\/index.php?rest_route=\/wp\/v2\/product\/2969","targetHints":{"allow":["GET"]}}],"collection":[{"href":"https:\/\/analvn.com\/index.php?rest_route=\/wp\/v2\/product"}],"about":[{"href":"https:\/\/analvn.com\/index.php?rest_route=\/wp\/v2\/types\/product"}],"wp:featuredmedia":[{"embeddable":true,"href":"https:\/\/analvn.com\/index.php?rest_route=\/wp\/v2\/media\/2978"}],"wp:attachment":[{"href":"https:\/\/analvn.com\/index.php?rest_route=%2Fwp%2Fv2%2Fmedia&parent=2969"}],"wp:term":[{"taxonomy":"product_cat","embeddable":true,"href":"https:\/\/analvn.com\/index.php?rest_route=%2Fwp%2Fv2%2Fproduct_cat&post=2969"},{"taxonomy":"product_tag","embeddable":true,"href":"https:\/\/analvn.com\/index.php?rest_route=%2Fwp%2Fv2%2Fproduct_tag&post=2969"}],"curies":[{"name":"wp","href":"https:\/\/api.w.org\/{rel}","templated":true}]}}