{"id":3379,"date":"2025-08-24T10:06:57","date_gmt":"2025-08-24T10:06:57","guid":{"rendered":"https:\/\/analvn.com\/?post_type=product&#038;p=3379"},"modified":"2025-08-24T10:06:57","modified_gmt":"2025-08-24T10:06:57","slug":"quan-lot-rung-khong-day-kem-dieu-khien-tu-xa","status":"publish","type":"product","link":"https:\/\/analvn.com\/?product=quan-lot-rung-khong-day-kem-dieu-khien-tu-xa","title":{"rendered":"Qu\u1ea7n l\u00f3t rung kh\u00f4ng d\u00e2y k\u00e8m \u0111i\u1ec1u khi\u1ec3n t\u1eeb xa"},"content":{"rendered":"<p><img loading=\"lazy\" decoding=\"async\" class=\"alignnone size-medium wp-image-2981\" src=\"https:\/\/analvn.com\/wp-content\/uploads\/2025\/01\/z6238972061725_8b40e31fcbe00b20707842845178699d-300x293.jpg\" alt=\"\" width=\"300\" height=\"293\" srcset=\"https:\/\/analvn.com\/wp-content\/uploads\/2025\/01\/z6238972061725_8b40e31fcbe00b20707842845178699d-300x293.jpg 300w, https:\/\/analvn.com\/wp-content\/uploads\/2025\/01\/z6238972061725_8b40e31fcbe00b20707842845178699d-600x587.jpg 600w, https:\/\/analvn.com\/wp-content\/uploads\/2025\/01\/z6238972061725_8b40e31fcbe00b20707842845178699d-50x50.jpg 50w, https:\/\/analvn.com\/wp-content\/uploads\/2025\/01\/z6238972061725_8b40e31fcbe00b20707842845178699d.jpg 736w\" sizes=\"auto, (max-width: 300px) 100vw, 300px\" \/> <img loading=\"lazy\" decoding=\"async\" class=\"alignnone size-medium wp-image-2986\" src=\"https:\/\/analvn.com\/wp-content\/uploads\/2025\/01\/z6275014534686_1137e8dd257e3d09fc1a9e632325d2fd-300x270.jpg\" alt=\"\" width=\"300\" height=\"270\" srcset=\"https:\/\/analvn.com\/wp-content\/uploads\/2025\/01\/z6275014534686_1137e8dd257e3d09fc1a9e632325d2fd-300x270.jpg 300w, https:\/\/analvn.com\/wp-content\/uploads\/2025\/01\/z6275014534686_1137e8dd257e3d09fc1a9e632325d2fd-768x692.jpg 768w, https:\/\/analvn.com\/wp-content\/uploads\/2025\/01\/z6275014534686_1137e8dd257e3d09fc1a9e632325d2fd-600x541.jpg 600w, https:\/\/analvn.com\/wp-content\/uploads\/2025\/01\/z6275014534686_1137e8dd257e3d09fc1a9e632325d2fd.jpg 840w\" sizes=\"auto, (max-width: 300px) 100vw, 300px\" \/><\/p>\n","protected":false},"excerpt":{"rendered":"<ul>\n<li data-start=\"179\" data-end=\"308\">\n<p data-start=\"181\" data-end=\"308\"><strong data-start=\"181\" data-end=\"210\">Thi\u1ebft k\u1ebf m\u1ecfng nh\u1eb9, \u00f4m s\u00e1t<\/strong>: Thi\u1ebft b\u1ecb rung nh\u1ecf g\u1ecdn \u0111\u01b0\u1ee3c \u0111\u1eb7t trong qu\u1ea7n l\u00f3t ren g\u1ee3i c\u1ea3m, d\u1ec5 d\u00e0ng che gi\u1ea5u khi m\u1eb7c h\u1eb1ng ng\u00e0y.<\/p>\n<\/li>\n<li data-start=\"309\" data-end=\"440\">\n<p data-start=\"311\" data-end=\"440\"><strong data-start=\"311\" data-end=\"341\">\u0110i\u1ec1u khi\u1ec3n t\u1eeb xa kh\u00f4ng d\u00e2y<\/strong>: C\u00f3 th\u1ec3 b\u1eadt\/t\u1eaft ho\u1eb7c thay \u0111\u1ed5i ch\u1ebf \u0111\u1ed9 rung b\u1eb1ng remote ti\u1ec7n l\u1ee3i, t\u0103ng th\u00eam s\u1ef1 b\u00ed m\u1eadt v\u00e0 h\u1ee9ng th\u00fa.<\/p>\n<\/li>\n<li data-start=\"441\" data-end=\"534\">\n<p data-start=\"443\" data-end=\"534\"><strong data-start=\"443\" data-end=\"464\">Ch\u1ea5t li\u1ec7u an to\u00e0n<\/strong>: Silicone y t\u1ebf m\u1ec1m m\u1ea1i, an to\u00e0n cho da, d\u1ec5 v\u1ec7 sinh sau khi s\u1eed d\u1ee5ng.<\/p>\n<\/li>\n<li data-start=\"535\" data-end=\"630\">\n<p data-start=\"537\" data-end=\"630\"><strong data-start=\"537\" data-end=\"558\">Nhi\u1ec1u ch\u1ebf \u0111\u1ed9 rung<\/strong>: T\u00f9y ch\u1ec9nh t\u1eeb rung nh\u1eb9 \u0111\u1ebfn m\u1ea1nh, \u0111\u00e1p \u1ee9ng \u0111a d\u1ea1ng nhu c\u1ea7u v\u00e0 s\u1edf th\u00edch.<\/p>\n<\/li>\n<li data-start=\"631\" data-end=\"749\">\n<p data-start=\"633\" data-end=\"749\"><strong data-start=\"633\" data-end=\"658\">\u1ee8ng d\u1ee5ng \u0111a ho\u00e0n c\u1ea3nh<\/strong>: C\u00f3 th\u1ec3 d\u00f9ng khi \u1edf nh\u00e0 \u0111\u1ec3 th\u01b0 gi\u00e3n, ho\u1eb7c mang ra ngo\u00e0i \u0111\u1ec3 t\u1ea1o c\u1ea3m gi\u00e1c h\u1ed3i h\u1ed9p, b\u1ea5t ng\u1edd.<\/p>\n<\/li>\n<\/ul>\n","protected":false},"featured_media":2986,"template":"","meta":[],"product_cat":[176,171,168],"product_tag":[],"class_list":{"0":"post-3379","1":"product","2":"type-product","3":"status-publish","4":"has-post-thumbnail","6":"product_cat-do-choi-cho-chi-em","7":"product_cat-khong-day","8":"product_cat-trung-rung","10":"first","11":"instock","12":"shipping-taxable","13":"purchasable","14":"product-type-simple"},"jetpack_sharing_enabled":true,"_links":{"self":[{"href":"https:\/\/analvn.com\/index.php?rest_route=\/wp\/v2\/product\/3379","targetHints":{"allow":["GET"]}}],"collection":[{"href":"https:\/\/analvn.com\/index.php?rest_route=\/wp\/v2\/product"}],"about":[{"href":"https:\/\/analvn.com\/index.php?rest_route=\/wp\/v2\/types\/product"}],"wp:featuredmedia":[{"embeddable":true,"href":"https:\/\/analvn.com\/index.php?rest_route=\/wp\/v2\/media\/2986"}],"wp:attachment":[{"href":"https:\/\/analvn.com\/index.php?rest_route=%2Fwp%2Fv2%2Fmedia&parent=3379"}],"wp:term":[{"taxonomy":"product_cat","embeddable":true,"href":"https:\/\/analvn.com\/index.php?rest_route=%2Fwp%2Fv2%2Fproduct_cat&post=3379"},{"taxonomy":"product_tag","embeddable":true,"href":"https:\/\/analvn.com\/index.php?rest_route=%2Fwp%2Fv2%2Fproduct_tag&post=3379"}],"curies":[{"name":"wp","href":"https:\/\/api.w.org\/{rel}","templated":true}]}}