{"id":3381,"date":"2025-08-24T10:14:44","date_gmt":"2025-08-24T10:14:44","guid":{"rendered":"https:\/\/analvn.com\/?post_type=product&#038;p=3381"},"modified":"2025-08-24T10:14:44","modified_gmt":"2025-08-24T10:14:44","slug":"but-rung-massage-kich-thich-diem-g","status":"publish","type":"product","link":"https:\/\/analvn.com\/?product=but-rung-massage-kich-thich-diem-g","title":{"rendered":"B\u00fat rung massage k\u00edch th\u00edch \u0111i\u1ec3m G"},"content":{"rendered":"<p><img loading=\"lazy\" decoding=\"async\" class=\"alignnone size-medium wp-image-2990\" src=\"https:\/\/analvn.com\/wp-content\/uploads\/2025\/01\/O1CN01Qb5B0A21iIR88op46_3865257018-0-cib-300x300.jpg\" alt=\"\" width=\"300\" height=\"300\" srcset=\"https:\/\/analvn.com\/wp-content\/uploads\/2025\/01\/O1CN01Qb5B0A21iIR88op46_3865257018-0-cib-300x300.jpg 300w, https:\/\/analvn.com\/wp-content\/uploads\/2025\/01\/O1CN01Qb5B0A21iIR88op46_3865257018-0-cib-1024x1024.jpg 1024w, https:\/\/analvn.com\/wp-content\/uploads\/2025\/01\/O1CN01Qb5B0A21iIR88op46_3865257018-0-cib-150x150.jpg 150w, https:\/\/analvn.com\/wp-content\/uploads\/2025\/01\/O1CN01Qb5B0A21iIR88op46_3865257018-0-cib-768x768.jpg 768w, https:\/\/analvn.com\/wp-content\/uploads\/2025\/01\/O1CN01Qb5B0A21iIR88op46_3865257018-0-cib-1536x1536.jpg 1536w, https:\/\/analvn.com\/wp-content\/uploads\/2025\/01\/O1CN01Qb5B0A21iIR88op46_3865257018-0-cib-600x600.jpg 600w, https:\/\/analvn.com\/wp-content\/uploads\/2025\/01\/O1CN01Qb5B0A21iIR88op46_3865257018-0-cib-100x100.jpg 100w, https:\/\/analvn.com\/wp-content\/uploads\/2025\/01\/O1CN01Qb5B0A21iIR88op46_3865257018-0-cib-50x50.jpg 50w, https:\/\/analvn.com\/wp-content\/uploads\/2025\/01\/O1CN01Qb5B0A21iIR88op46_3865257018-0-cib.jpg 1920w\" sizes=\"auto, (max-width: 300px) 100vw, 300px\" \/> <img loading=\"lazy\" decoding=\"async\" class=\"alignnone size-medium wp-image-2989\" src=\"https:\/\/analvn.com\/wp-content\/uploads\/2025\/01\/22821608472_1571305145-300x300.jpg\" alt=\"\" width=\"300\" height=\"300\" srcset=\"https:\/\/analvn.com\/wp-content\/uploads\/2025\/01\/22821608472_1571305145-300x300.jpg 300w, https:\/\/analvn.com\/wp-content\/uploads\/2025\/01\/22821608472_1571305145-150x150.jpg 150w, https:\/\/analvn.com\/wp-content\/uploads\/2025\/01\/22821608472_1571305145-768x768.jpg 768w, https:\/\/analvn.com\/wp-content\/uploads\/2025\/01\/22821608472_1571305145-600x600.jpg 600w, https:\/\/analvn.com\/wp-content\/uploads\/2025\/01\/22821608472_1571305145-100x100.jpg 100w, https:\/\/analvn.com\/wp-content\/uploads\/2025\/01\/22821608472_1571305145-50x50.jpg 50w, https:\/\/analvn.com\/wp-content\/uploads\/2025\/01\/22821608472_1571305145.jpg 800w\" sizes=\"auto, (max-width: 300px) 100vw, 300px\" \/> <img loading=\"lazy\" decoding=\"async\" class=\"alignnone size-medium wp-image-2988\" src=\"https:\/\/analvn.com\/wp-content\/uploads\/2025\/01\/22821572207_1571305145-300x300.jpg\" alt=\"\" width=\"300\" height=\"300\" srcset=\"https:\/\/analvn.com\/wp-content\/uploads\/2025\/01\/22821572207_1571305145-300x300.jpg 300w, https:\/\/analvn.com\/wp-content\/uploads\/2025\/01\/22821572207_1571305145-150x150.jpg 150w, https:\/\/analvn.com\/wp-content\/uploads\/2025\/01\/22821572207_1571305145-768x768.jpg 768w, https:\/\/analvn.com\/wp-content\/uploads\/2025\/01\/22821572207_1571305145-600x600.jpg 600w, https:\/\/analvn.com\/wp-content\/uploads\/2025\/01\/22821572207_1571305145-100x100.jpg 100w, https:\/\/analvn.com\/wp-content\/uploads\/2025\/01\/22821572207_1571305145-50x50.jpg 50w, https:\/\/analvn.com\/wp-content\/uploads\/2025\/01\/22821572207_1571305145.jpg 800w\" sizes=\"auto, (max-width: 300px) 100vw, 300px\" \/> <img loading=\"lazy\" decoding=\"async\" class=\"alignnone size-medium wp-image-2987\" src=\"https:\/\/analvn.com\/wp-content\/uploads\/2025\/01\/22728787779_1571305145-300x300.jpg\" alt=\"\" width=\"300\" height=\"300\" srcset=\"https:\/\/analvn.com\/wp-content\/uploads\/2025\/01\/22728787779_1571305145-300x300.jpg 300w, https:\/\/analvn.com\/wp-content\/uploads\/2025\/01\/22728787779_1571305145-150x150.jpg 150w, https:\/\/analvn.com\/wp-content\/uploads\/2025\/01\/22728787779_1571305145-768x768.jpg 768w, https:\/\/analvn.com\/wp-content\/uploads\/2025\/01\/22728787779_1571305145-600x600.jpg 600w, https:\/\/analvn.com\/wp-content\/uploads\/2025\/01\/22728787779_1571305145-100x100.jpg 100w, https:\/\/analvn.com\/wp-content\/uploads\/2025\/01\/22728787779_1571305145-50x50.jpg 50w, https:\/\/analvn.com\/wp-content\/uploads\/2025\/01\/22728787779_1571305145.jpg 800w\" sizes=\"auto, (max-width: 300px) 100vw, 300px\" \/><\/p>\n","protected":false},"excerpt":{"rendered":"<p data-start=\"143\" data-end=\"169\">\ud83c\udf38 <strong data-start=\"146\" data-end=\"167\">\u0110\u1eb7c \u0111i\u1ec3m n\u1ed5i b\u1eadt:<\/strong><\/p>\n<ul data-start=\"170\" data-end=\"885\">\n<li data-start=\"170\" data-end=\"308\">\n<p data-start=\"172\" data-end=\"308\"><strong data-start=\"172\" data-end=\"195\">\u0110\u1ea7u rung th\u00f4ng minh<\/strong>: thi\u1ebft k\u1ebf d\u1ea1ng bi tr\u00f2n m\u1ecbn, d\u1ec5 d\u00e0ng ti\u1ebfp x\u00fac tr\u1ef1c ti\u1ebfp v\u00e0o nh\u1eefng \u0111i\u1ec3m nh\u1ea1y c\u1ea3m nh\u01b0 \u00e2m v\u1eadt, \u0111\u1ea7u ti ho\u1eb7c \u0111i\u1ec3m G.<\/p>\n<\/li>\n<li data-start=\"309\" data-end=\"425\">\n<p data-start=\"311\" data-end=\"425\"><strong data-start=\"311\" data-end=\"330\">\u0110a d\u1ea1ng \u0111\u1ea7u g\u1eafn<\/strong>: \u0111i k\u00e8m ph\u1ee5 ki\u1ec7n thay th\u1ebf (\u0111\u1ea7u ch\u1ea3i m\u1ec1m, \u0111\u1ea7u ch\u1eef U) \u0111\u1ec3 thay \u0111\u1ed5i c\u1ea3m gi\u00e1c v\u00e0 c\u00e1ch k\u00edch th\u00edch.<\/p>\n<\/li>\n<li data-start=\"426\" data-end=\"556\">\n<p data-start=\"428\" data-end=\"556\"><strong data-start=\"428\" data-end=\"456\">Rung m\u1ea1nh m\u1ebd, t\u1ea7n s\u1ed1 cao<\/strong>: mang l\u1ea1i kho\u00e1i c\u1ea3m s\u00e2u v\u00e0 nhanh ch\u00f3ng, ph\u00f9 h\u1ee3p cho c\u1ea3 th\u01b0 gi\u00e3n massage l\u1eabn tr\u1ea3i nghi\u1ec7m ri\u00eang t\u01b0.<\/p>\n<\/li>\n<li data-start=\"557\" data-end=\"637\">\n<p data-start=\"559\" data-end=\"637\"><strong data-start=\"559\" data-end=\"588\">Thi\u1ebft k\u1ebf c\u1ea7m tay ti\u1ec7n l\u1ee3i<\/strong>: nh\u1ecf g\u1ecdn, d\u1ec5 s\u1eed d\u1ee5ng v\u00e0 d\u1ec5 mang theo b\u00ean m\u00ecnh.<\/p>\n<\/li>\n<li data-start=\"638\" data-end=\"785\">\n<p data-start=\"640\" data-end=\"785\"><strong data-start=\"640\" data-end=\"660\">S\u1ea1c USB ti\u1ec7n l\u1ee3i<\/strong>: c\u00f3 th\u1ec3 s\u1ea1c b\u1eb1ng m\u00e1y t\u00ednh, s\u1ea1c d\u1ef1 ph\u00f2ng, c\u1ee7 s\u1ea1c ho\u1eb7c s\u1ea1c tr\u00ean \u00f4 t\u00f4. Kh\u00f4ng c\u1ea7n pin r\u1eddi, ti\u1ebft ki\u1ec7m v\u00e0 th\u00e2n thi\u1ec7n m\u00f4i tr\u01b0\u1eddng.<\/p>\n<\/li>\n<li data-start=\"786\" data-end=\"885\">\n<p data-start=\"788\" data-end=\"885\"><strong data-start=\"788\" data-end=\"809\">Ch\u1ea5t li\u1ec7u an to\u00e0n<\/strong>: silicone cao c\u1ea5p k\u1ebft h\u1ee3p h\u1ee3p kim kh\u00f4ng g\u1ec9, an to\u00e0n cho da v\u00e0 d\u1ec5 v\u1ec7 sinh.<\/p>\n<\/li>\n<\/ul>\n<p data-start=\"887\" data-end=\"905\">\ud83d\udca6 <strong data-start=\"890\" data-end=\"903\">\u1ee8ng d\u1ee5ng:<\/strong><\/p>\n<ul data-start=\"906\" data-end=\"1112\">\n<li data-start=\"959\" data-end=\"1059\">\n<p data-start=\"961\" data-end=\"1059\">K\u00edch th\u00edch chuy\u00ean s\u00e2u: \u0111i\u1ec3m G, \u00e2m v\u1eadt, \u0111\u1ea7u ti\u2026 gi\u00fap t\u0103ng kho\u00e1i c\u1ea3m v\u00e0 l\u00e0m m\u1edbi \u0111\u1eddi s\u1ed1ng t\u00ecnh d\u1ee5c.<\/p>\n<\/li>\n<li data-start=\"1060\" data-end=\"1112\">\n<p data-start=\"1062\" data-end=\"1112\">Ph\u00f9 h\u1ee3p cho c\u1ea3 s\u1eed d\u1ee5ng c\u00e1 nh\u00e2n l\u1eabn c\u00f9ng b\u1ea1n \u0111\u1eddi.<\/p>\n<\/li>\n<\/ul>\n","protected":false},"featured_media":2988,"template":"","meta":[],"product_cat":[176,171,168],"product_tag":[],"class_list":{"0":"post-3381","1":"product","2":"type-product","3":"status-publish","4":"has-post-thumbnail","6":"product_cat-do-choi-cho-chi-em","7":"product_cat-khong-day","8":"product_cat-trung-rung","10":"first","11":"instock","12":"shipping-taxable","13":"purchasable","14":"product-type-simple"},"jetpack_sharing_enabled":true,"_links":{"self":[{"href":"https:\/\/analvn.com\/index.php?rest_route=\/wp\/v2\/product\/3381","targetHints":{"allow":["GET"]}}],"collection":[{"href":"https:\/\/analvn.com\/index.php?rest_route=\/wp\/v2\/product"}],"about":[{"href":"https:\/\/analvn.com\/index.php?rest_route=\/wp\/v2\/types\/product"}],"wp:featuredmedia":[{"embeddable":true,"href":"https:\/\/analvn.com\/index.php?rest_route=\/wp\/v2\/media\/2988"}],"wp:attachment":[{"href":"https:\/\/analvn.com\/index.php?rest_route=%2Fwp%2Fv2%2Fmedia&parent=3381"}],"wp:term":[{"taxonomy":"product_cat","embeddable":true,"href":"https:\/\/analvn.com\/index.php?rest_route=%2Fwp%2Fv2%2Fproduct_cat&post=3381"},{"taxonomy":"product_tag","embeddable":true,"href":"https:\/\/analvn.com\/index.php?rest_route=%2Fwp%2Fv2%2Fproduct_tag&post=3381"}],"curies":[{"name":"wp","href":"https:\/\/api.w.org\/{rel}","templated":true}]}}