{"id":3429,"date":"2025-08-25T12:16:11","date_gmt":"2025-08-25T12:16:11","guid":{"rendered":"https:\/\/analvn.com\/?post_type=product&#038;p=3429"},"modified":"2025-08-25T12:16:11","modified_gmt":"2025-08-25T12:16:11","slug":"dildo-co-lon-dang-qua-ca-tim-nhung-den","status":"publish","type":"product","link":"https:\/\/analvn.com\/?product=dildo-co-lon-dang-qua-ca-tim-nhung-den","title":{"rendered":"Dildo c\u1ee1 l\u1edbn d\u00e1ng qu\u1ea3 c\u00e0 t\u00edm (nh\u01b0ng \u0111en)"},"content":{"rendered":"<p><img loading=\"lazy\" decoding=\"async\" class=\"alignnone size-medium wp-image-3179\" src=\"https:\/\/analvn.com\/wp-content\/uploads\/2025\/08\/z6277543997657_595c6b6754ab096c4e94ac600ca20ed6-279x300.jpg\" alt=\"\" width=\"279\" height=\"300\" srcset=\"https:\/\/analvn.com\/wp-content\/uploads\/2025\/08\/z6277543997657_595c6b6754ab096c4e94ac600ca20ed6-279x300.jpg 279w, https:\/\/analvn.com\/wp-content\/uploads\/2025\/08\/z6277543997657_595c6b6754ab096c4e94ac600ca20ed6-600x645.jpg 600w, https:\/\/analvn.com\/wp-content\/uploads\/2025\/08\/z6277543997657_595c6b6754ab096c4e94ac600ca20ed6.jpg 632w\" sizes=\"auto, (max-width: 279px) 100vw, 279px\" \/> <img loading=\"lazy\" decoding=\"async\" class=\"alignnone size-medium wp-image-3178\" src=\"https:\/\/analvn.com\/wp-content\/uploads\/2025\/08\/z6277543915383_274fc61452e25e20c8c1062c9e317778-300x300.jpg\" alt=\"\" width=\"300\" height=\"300\" srcset=\"https:\/\/analvn.com\/wp-content\/uploads\/2025\/08\/z6277543915383_274fc61452e25e20c8c1062c9e317778-300x300.jpg 300w, https:\/\/analvn.com\/wp-content\/uploads\/2025\/08\/z6277543915383_274fc61452e25e20c8c1062c9e317778-150x150.jpg 150w, https:\/\/analvn.com\/wp-content\/uploads\/2025\/08\/z6277543915383_274fc61452e25e20c8c1062c9e317778-600x598.jpg 600w, https:\/\/analvn.com\/wp-content\/uploads\/2025\/08\/z6277543915383_274fc61452e25e20c8c1062c9e317778-100x100.jpg 100w, https:\/\/analvn.com\/wp-content\/uploads\/2025\/08\/z6277543915383_274fc61452e25e20c8c1062c9e317778-50x50.jpg 50w, https:\/\/analvn.com\/wp-content\/uploads\/2025\/08\/z6277543915383_274fc61452e25e20c8c1062c9e317778.jpg 626w\" sizes=\"auto, (max-width: 300px) 100vw, 300px\" \/> <img loading=\"lazy\" decoding=\"async\" class=\"alignnone size-medium wp-image-3177\" src=\"https:\/\/analvn.com\/wp-content\/uploads\/2025\/08\/z6277543957788_3a310659531c21dbff7eda952dd0e1f0-300x193.jpg\" alt=\"\" width=\"300\" height=\"193\" srcset=\"https:\/\/analvn.com\/wp-content\/uploads\/2025\/08\/z6277543957788_3a310659531c21dbff7eda952dd0e1f0-300x193.jpg 300w, https:\/\/analvn.com\/wp-content\/uploads\/2025\/08\/z6277543957788_3a310659531c21dbff7eda952dd0e1f0-600x386.jpg 600w, https:\/\/analvn.com\/wp-content\/uploads\/2025\/08\/z6277543957788_3a310659531c21dbff7eda952dd0e1f0.jpg 695w\" sizes=\"auto, (max-width: 300px) 100vw, 300px\" \/> <img loading=\"lazy\" decoding=\"async\" class=\"alignnone size-medium wp-image-3176\" src=\"https:\/\/analvn.com\/wp-content\/uploads\/2025\/08\/z6277543997656_5d18f033a085a129743c92f80225e37f-300x298.jpg\" alt=\"\" width=\"300\" height=\"298\" srcset=\"https:\/\/analvn.com\/wp-content\/uploads\/2025\/08\/z6277543997656_5d18f033a085a129743c92f80225e37f-300x298.jpg 300w, https:\/\/analvn.com\/wp-content\/uploads\/2025\/08\/z6277543997656_5d18f033a085a129743c92f80225e37f-150x150.jpg 150w, https:\/\/analvn.com\/wp-content\/uploads\/2025\/08\/z6277543997656_5d18f033a085a129743c92f80225e37f-768x762.jpg 768w, https:\/\/analvn.com\/wp-content\/uploads\/2025\/08\/z6277543997656_5d18f033a085a129743c92f80225e37f-600x595.jpg 600w, https:\/\/analvn.com\/wp-content\/uploads\/2025\/08\/z6277543997656_5d18f033a085a129743c92f80225e37f-100x100.jpg 100w, https:\/\/analvn.com\/wp-content\/uploads\/2025\/08\/z6277543997656_5d18f033a085a129743c92f80225e37f-50x50.jpg 50w, https:\/\/analvn.com\/wp-content\/uploads\/2025\/08\/z6277543997656_5d18f033a085a129743c92f80225e37f.jpg 792w\" sizes=\"auto, (max-width: 300px) 100vw, 300px\" \/><\/p>\n","protected":false},"excerpt":{"rendered":"<p data-start=\"81\" data-end=\"300\"><strong data-start=\"81\" data-end=\"126\">K\u00edch th\u01b0\u1edbc \u201ckh\u1ee7ng\u201d \u2013 tr\u1ea3i nghi\u1ec7m \u1ea5n t\u01b0\u1ee3ng<\/strong><br data-start=\"126\" data-end=\"129\" \/>S\u1ea3n ph\u1ea9m s\u1edf h\u1eefu chi\u1ec1u d\u00e0i <strong data-start=\"155\" data-end=\"163\">29cm<\/strong>, \u0111\u01b0\u1eddng k\u00ednh l\u1edbn nh\u1ea5t <strong data-start=\"185\" data-end=\"192\">5cm<\/strong>, tr\u1ecdng l\u01b0\u1ee3ng <strong data-start=\"206\" data-end=\"214\">445g<\/strong> \u2013 mang l\u1ea1i c\u1ea3m gi\u00e1c \u0111\u1ea7y \u0111\u1eb7n v\u00e0 m\u00e3nh li\u1ec7t, ph\u00f9 h\u1ee3p cho nh\u1eefng ai y\u00eau th\u00edch th\u1eed th\u00e1ch.<\/p>\n<p data-start=\"302\" data-end=\"339\"><strong data-start=\"302\" data-end=\"337\">Ch\u1ea5t li\u1ec7u m\u1ec1m d\u1ebbo \u2013 d\u1ec5 u\u1ed1n cong<\/strong><\/p>\n<ul data-start=\"340\" data-end=\"531\">\n<li data-start=\"340\" data-end=\"390\">\n<p data-start=\"342\" data-end=\"390\">L\u00e0m t\u1eeb silicone cao c\u1ea5p, m\u1ec1m m\u1ea1i, \u0111\u00e0n h\u1ed3i t\u1ed1t.<\/p>\n<\/li>\n<li data-start=\"391\" data-end=\"469\">\n<p data-start=\"393\" data-end=\"469\">C\u00f3 th\u1ec3 u\u1ed1n cong linh ho\u1ea1t, th\u00edch \u1ee9ng v\u1edbi nhi\u1ec1u t\u01b0 th\u1ebf v\u00e0 g\u00f3c \u0111\u1ed9 kh\u00e1c nhau.<\/p>\n<\/li>\n<li data-start=\"470\" data-end=\"531\">\n<p data-start=\"472\" data-end=\"531\">B\u1ec1 m\u1eb7t tr\u01a1n b\u00f3ng, d\u1ec5 d\u00e0ng v\u1ec7 sinh v\u00e0 an to\u00e0n khi s\u1eed d\u1ee5ng.<\/p>\n<\/li>\n<\/ul>\n<p data-start=\"533\" data-end=\"576\"><strong data-start=\"533\" data-end=\"574\">Thi\u1ebft k\u1ebf \u0111\u1ed9c \u0111\u00e1o \u2013 d\u00e1ng cong t\u1ef1 nhi\u00ean<\/strong><\/p>\n<ul data-start=\"577\" data-end=\"731\">\n<li data-start=\"577\" data-end=\"640\">\n<p data-start=\"579\" data-end=\"640\">D\u00e1ng cong nh\u01b0 qu\u1ea3 chu\u1ed1i, d\u1ec5 d\u00e0ng k\u00edch th\u00edch \u0111i\u1ec3m G\/ P-spot.<\/p>\n<\/li>\n<li data-start=\"641\" data-end=\"731\">\n<p data-start=\"643\" data-end=\"731\">K\u00edch th\u01b0\u1edbc l\u1edbn, t\u1ea1o c\u1ea3m gi\u00e1c \u201cng\u1eadp tr\u00e0n\u201d v\u00e0 tr\u1ea3i nghi\u1ec7m v\u01b0\u1ee3t xa s\u1ea3n ph\u1ea9m th\u00f4ng th\u01b0\u1eddng.<\/p>\n<\/li>\n<\/ul>\n<p data-start=\"733\" data-end=\"877\">\ud83d\udc49 \u0110\u00e2y l\u00e0 l\u1ef1a ch\u1ecdn l\u00fd t\u01b0\u1edfng cho nh\u1eefng ai mu\u1ed1n <strong data-start=\"779\" data-end=\"811\">chinh ph\u1ee5c c\u1ea3m gi\u00e1c c\u1ef1c m\u1ea1nh<\/strong>, th\u00edch s\u1ef1 kh\u00e1c bi\u1ec7t v\u00e0 \u0111am m\u00ea nh\u1eefng tr\u1ea3i nghi\u1ec7m \u0111\u1ea7y th\u00e1ch th\u1ee9c.<\/p>\n","protected":false},"featured_media":3176,"template":"","meta":[],"product_cat":[174,176,162],"product_tag":[],"class_list":{"0":"post-3429","1":"product","2":"type-product","3":"status-publish","4":"has-post-thumbnail","6":"product_cat-co-lon","7":"product_cat-do-choi-cho-chi-em","8":"product_cat-duong-vat-gia","10":"first","11":"instock","12":"shipping-taxable","13":"purchasable","14":"product-type-simple"},"jetpack_sharing_enabled":true,"_links":{"self":[{"href":"https:\/\/analvn.com\/index.php?rest_route=\/wp\/v2\/product\/3429","targetHints":{"allow":["GET"]}}],"collection":[{"href":"https:\/\/analvn.com\/index.php?rest_route=\/wp\/v2\/product"}],"about":[{"href":"https:\/\/analvn.com\/index.php?rest_route=\/wp\/v2\/types\/product"}],"wp:featuredmedia":[{"embeddable":true,"href":"https:\/\/analvn.com\/index.php?rest_route=\/wp\/v2\/media\/3176"}],"wp:attachment":[{"href":"https:\/\/analvn.com\/index.php?rest_route=%2Fwp%2Fv2%2Fmedia&parent=3429"}],"wp:term":[{"taxonomy":"product_cat","embeddable":true,"href":"https:\/\/analvn.com\/index.php?rest_route=%2Fwp%2Fv2%2Fproduct_cat&post=3429"},{"taxonomy":"product_tag","embeddable":true,"href":"https:\/\/analvn.com\/index.php?rest_route=%2Fwp%2Fv2%2Fproduct_tag&post=3429"}],"curies":[{"name":"wp","href":"https:\/\/api.w.org\/{rel}","templated":true}]}}