{"id":3466,"date":"2025-08-25T13:03:35","date_gmt":"2025-08-25T13:03:35","guid":{"rendered":"https:\/\/analvn.com\/?post_type=product&#038;p=3466"},"modified":"2025-08-25T13:03:35","modified_gmt":"2025-08-25T13:03:35","slug":"duong-vat-gia-2-dau-silicon-mem-deo","status":"publish","type":"product","link":"https:\/\/analvn.com\/?product=duong-vat-gia-2-dau-silicon-mem-deo","title":{"rendered":"D\u01b0\u01a1ng v\u1eadt gi\u1ea3 2 \u0111\u1ea7u silicon m\u1ec1m d\u1ebbo"},"content":{"rendered":"<p><img loading=\"lazy\" decoding=\"async\" class=\"alignnone size-medium wp-image-3265\" src=\"https:\/\/analvn.com\/wp-content\/uploads\/2025\/08\/z6881968382517_001501579d8191b308cae6726e964c3f-300x246.jpg\" alt=\"\" width=\"300\" height=\"246\" srcset=\"https:\/\/analvn.com\/wp-content\/uploads\/2025\/08\/z6881968382517_001501579d8191b308cae6726e964c3f-300x246.jpg 300w, https:\/\/analvn.com\/wp-content\/uploads\/2025\/08\/z6881968382517_001501579d8191b308cae6726e964c3f.jpg 735w, https:\/\/analvn.com\/wp-content\/uploads\/2025\/08\/z6881968382517_001501579d8191b308cae6726e964c3f-600x492.jpg 600w\" sizes=\"auto, (max-width: 300px) 100vw, 300px\" \/> <img loading=\"lazy\" decoding=\"async\" class=\"alignnone size-medium wp-image-3271\" src=\"https:\/\/analvn.com\/wp-content\/uploads\/2025\/08\/O1CN01xv8jFD1XMpcNpq77G_2215466302910-0-cib-300x300.jpg\" alt=\"\" width=\"300\" height=\"300\" srcset=\"https:\/\/analvn.com\/wp-content\/uploads\/2025\/08\/O1CN01xv8jFD1XMpcNpq77G_2215466302910-0-cib-300x300.jpg 300w, https:\/\/analvn.com\/wp-content\/uploads\/2025\/08\/O1CN01xv8jFD1XMpcNpq77G_2215466302910-0-cib-150x150.jpg 150w, https:\/\/analvn.com\/wp-content\/uploads\/2025\/08\/O1CN01xv8jFD1XMpcNpq77G_2215466302910-0-cib-600x600.jpg 600w, https:\/\/analvn.com\/wp-content\/uploads\/2025\/08\/O1CN01xv8jFD1XMpcNpq77G_2215466302910-0-cib-100x100.jpg 100w, https:\/\/analvn.com\/wp-content\/uploads\/2025\/08\/O1CN01xv8jFD1XMpcNpq77G_2215466302910-0-cib-50x50.jpg 50w, https:\/\/analvn.com\/wp-content\/uploads\/2025\/08\/O1CN01xv8jFD1XMpcNpq77G_2215466302910-0-cib.jpg 767w\" sizes=\"auto, (max-width: 300px) 100vw, 300px\" \/> <img loading=\"lazy\" decoding=\"async\" class=\"alignnone size-medium wp-image-3270\" src=\"https:\/\/analvn.com\/wp-content\/uploads\/2025\/08\/O1CN01kS97s31XMpcM2uuHj_2215466302910-0-cib-300x300.jpg\" alt=\"\" width=\"300\" height=\"300\" srcset=\"https:\/\/analvn.com\/wp-content\/uploads\/2025\/08\/O1CN01kS97s31XMpcM2uuHj_2215466302910-0-cib-300x300.jpg 300w, https:\/\/analvn.com\/wp-content\/uploads\/2025\/08\/O1CN01kS97s31XMpcM2uuHj_2215466302910-0-cib-150x150.jpg 150w, https:\/\/analvn.com\/wp-content\/uploads\/2025\/08\/O1CN01kS97s31XMpcM2uuHj_2215466302910-0-cib-768x769.jpg 768w, https:\/\/analvn.com\/wp-content\/uploads\/2025\/08\/O1CN01kS97s31XMpcM2uuHj_2215466302910-0-cib-600x601.jpg 600w, https:\/\/analvn.com\/wp-content\/uploads\/2025\/08\/O1CN01kS97s31XMpcM2uuHj_2215466302910-0-cib-100x100.jpg 100w, https:\/\/analvn.com\/wp-content\/uploads\/2025\/08\/O1CN01kS97s31XMpcM2uuHj_2215466302910-0-cib-50x50.jpg 50w, https:\/\/analvn.com\/wp-content\/uploads\/2025\/08\/O1CN01kS97s31XMpcM2uuHj_2215466302910-0-cib.jpg 800w\" sizes=\"auto, (max-width: 300px) 100vw, 300px\" \/> <img loading=\"lazy\" decoding=\"async\" class=\"alignnone size-medium wp-image-3269\" src=\"https:\/\/analvn.com\/wp-content\/uploads\/2025\/08\/O1CN01qHnVqX1XMpcN8X3kj_2215466302910-0-cib-300x300.jpg\" alt=\"\" width=\"300\" height=\"300\" srcset=\"https:\/\/analvn.com\/wp-content\/uploads\/2025\/08\/O1CN01qHnVqX1XMpcN8X3kj_2215466302910-0-cib-300x300.jpg 300w, https:\/\/analvn.com\/wp-content\/uploads\/2025\/08\/O1CN01qHnVqX1XMpcN8X3kj_2215466302910-0-cib-1024x1024.jpg 1024w, https:\/\/analvn.com\/wp-content\/uploads\/2025\/08\/O1CN01qHnVqX1XMpcN8X3kj_2215466302910-0-cib-150x150.jpg 150w, https:\/\/analvn.com\/wp-content\/uploads\/2025\/08\/O1CN01qHnVqX1XMpcN8X3kj_2215466302910-0-cib-768x768.jpg 768w, https:\/\/analvn.com\/wp-content\/uploads\/2025\/08\/O1CN01qHnVqX1XMpcN8X3kj_2215466302910-0-cib-1536x1536.jpg 1536w, https:\/\/analvn.com\/wp-content\/uploads\/2025\/08\/O1CN01qHnVqX1XMpcN8X3kj_2215466302910-0-cib-600x600.jpg 600w, https:\/\/analvn.com\/wp-content\/uploads\/2025\/08\/O1CN01qHnVqX1XMpcN8X3kj_2215466302910-0-cib-100x100.jpg 100w, https:\/\/analvn.com\/wp-content\/uploads\/2025\/08\/O1CN01qHnVqX1XMpcN8X3kj_2215466302910-0-cib-50x50.jpg 50w, https:\/\/analvn.com\/wp-content\/uploads\/2025\/08\/O1CN01qHnVqX1XMpcN8X3kj_2215466302910-0-cib.jpg 1920w\" sizes=\"auto, (max-width: 300px) 100vw, 300px\" \/> <img loading=\"lazy\" decoding=\"async\" class=\"alignnone size-medium wp-image-3268\" src=\"https:\/\/analvn.com\/wp-content\/uploads\/2025\/08\/O1CN01daSjAW1XMpcH8FIQI_2215466302910-0-cib-300x300.jpg\" alt=\"\" width=\"300\" height=\"300\" srcset=\"https:\/\/analvn.com\/wp-content\/uploads\/2025\/08\/O1CN01daSjAW1XMpcH8FIQI_2215466302910-0-cib-300x300.jpg 300w, https:\/\/analvn.com\/wp-content\/uploads\/2025\/08\/O1CN01daSjAW1XMpcH8FIQI_2215466302910-0-cib-150x150.jpg 150w, https:\/\/analvn.com\/wp-content\/uploads\/2025\/08\/O1CN01daSjAW1XMpcH8FIQI_2215466302910-0-cib-768x768.jpg 768w, https:\/\/analvn.com\/wp-content\/uploads\/2025\/08\/O1CN01daSjAW1XMpcH8FIQI_2215466302910-0-cib-600x600.jpg 600w, https:\/\/analvn.com\/wp-content\/uploads\/2025\/08\/O1CN01daSjAW1XMpcH8FIQI_2215466302910-0-cib-100x100.jpg 100w, https:\/\/analvn.com\/wp-content\/uploads\/2025\/08\/O1CN01daSjAW1XMpcH8FIQI_2215466302910-0-cib-50x50.jpg 50w, https:\/\/analvn.com\/wp-content\/uploads\/2025\/08\/O1CN01daSjAW1XMpcH8FIQI_2215466302910-0-cib.jpg 800w\" sizes=\"auto, (max-width: 300px) 100vw, 300px\" \/> <img loading=\"lazy\" decoding=\"async\" class=\"alignnone size-medium wp-image-3266\" src=\"https:\/\/analvn.com\/wp-content\/uploads\/2025\/08\/z6881820318627_c55229fcd6cb1bd28515499bcddb6b2e-273x300.jpg\" alt=\"\" width=\"273\" height=\"300\" srcset=\"https:\/\/analvn.com\/wp-content\/uploads\/2025\/08\/z6881820318627_c55229fcd6cb1bd28515499bcddb6b2e-273x300.jpg 273w, https:\/\/analvn.com\/wp-content\/uploads\/2025\/08\/z6881820318627_c55229fcd6cb1bd28515499bcddb6b2e-600x658.jpg 600w, https:\/\/analvn.com\/wp-content\/uploads\/2025\/08\/z6881820318627_c55229fcd6cb1bd28515499bcddb6b2e.jpg 629w\" sizes=\"auto, (max-width: 273px) 100vw, 273px\" \/><\/p>\n","protected":false},"excerpt":{"rendered":"<p data-start=\"65\" data-end=\"92\"><strong data-start=\"68\" data-end=\"90\">Ch\u1ea5t li\u1ec7u cao c\u1ea5p:<\/strong><\/p>\n<ul data-start=\"93\" data-end=\"270\">\n<li data-start=\"93\" data-end=\"197\">\n<p data-start=\"95\" data-end=\"197\">\u0110\u01b0\u1ee3c l\u00e0m t\u1eeb <strong data-start=\"107\" data-end=\"140\">silicon y t\u1ebf m\u1ec1m m\u1ea1i, \u0111\u00e0n h\u1ed3i<\/strong>, an to\u00e0n cho da v\u00e0 mang l\u1ea1i c\u1ea3m gi\u00e1c ch\u00e2n th\u1eadt, \u00eam \u00e1i.<\/p>\n<\/li>\n<li data-start=\"198\" data-end=\"270\">\n<p data-start=\"200\" data-end=\"270\">Kh\u00f4ng m\u00f9i, d\u1ec5 v\u1ec7 sinh, c\u00f3 th\u1ec3 s\u1eed d\u1ee5ng k\u00e8m v\u1edbi gel b\u00f4i tr\u01a1n g\u1ed1c n\u01b0\u1edbc.<\/p>\n<\/li>\n<\/ul>\n<p data-start=\"272\" data-end=\"301\">\ud83d\udd39 <strong data-start=\"275\" data-end=\"299\">Thi\u1ebft k\u1ebf th\u00f4ng minh:<\/strong><\/p>\n<ul data-start=\"302\" data-end=\"599\">\n<li data-start=\"302\" data-end=\"401\">\n<p data-start=\"304\" data-end=\"401\">D\u1ea1ng <strong data-start=\"309\" data-end=\"326\">2 \u0111\u1ea7u s\u1eed d\u1ee5ng<\/strong>, m\u1ed9t \u0111\u1ea7u nh\u1ecdn thon g\u1ecdn d\u1ec5 \u0111\u01b0a v\u00e0o, m\u1ed9t \u0111\u1ea7u tr\u00f2n to t\u1ea1o c\u1ea3m gi\u00e1c l\u1ea5p \u0111\u1ea7y.<\/p>\n<\/li>\n<li data-start=\"402\" data-end=\"513\">\n<p data-start=\"404\" data-end=\"513\"><strong data-start=\"404\" data-end=\"432\">Chi\u1ec1u d\u00e0i s\u1ea3n ph\u1ea9m ~33cm<\/strong>, d\u1ec5 d\u00e0ng u\u1ed1n cong theo nhi\u1ec1u g\u00f3c \u0111\u1ed9 kh\u00e1c nhau, ph\u00f9 h\u1ee3p cho c\u1ea3 ch\u01a1i \u0111\u01a1n v\u00e0 \u0111\u00f4i.<\/p>\n<\/li>\n<li data-start=\"514\" data-end=\"599\">\n<p data-start=\"516\" data-end=\"599\"><strong data-start=\"516\" data-end=\"540\">\u0110\u1ed9 m\u1ec1m d\u1ebbo tuy\u1ec7t v\u1eddi<\/strong>, c\u00f3 th\u1ec3 g\u1eadp l\u1ea1i, cu\u1ed9n tr\u00f2n tho\u1ea3i m\u00e1i m\u00e0 kh\u00f4ng bi\u1ebfn d\u1ea1ng.<\/p>\n<\/li>\n<\/ul>\n<p data-start=\"601\" data-end=\"629\">\ud83d\udd39 <strong data-start=\"604\" data-end=\"627\">Tr\u1ea3i nghi\u1ec7m m\u1edbi m\u1ebb:<\/strong><\/p>\n<ul data-start=\"630\" data-end=\"799\">\n<li data-start=\"630\" data-end=\"693\">\n<p data-start=\"632\" data-end=\"693\">T\u1ea1o c\u1ea3m gi\u00e1c ch\u00e2n th\u1ef1c, gi\u00fap k\u00edch th\u00edch m\u1ea1nh m\u1ebd v\u00e0 \u0111a d\u1ea1ng.<\/p>\n<\/li>\n<li data-start=\"694\" data-end=\"799\">\n<p data-start=\"696\" data-end=\"799\">Th\u00edch h\u1ee3p cho c\u1ea3 nam v\u00e0 n\u1eef, \u0111\u1eb7c bi\u1ec7t l\u00fd t\u01b0\u1edfng khi mu\u1ed1n tr\u1ea3i nghi\u1ec7m \u0111\u00f4i ho\u1eb7c t\u1ef1 do thay \u0111\u1ed5i ki\u1ec3u ch\u01a1i.<\/p>\n<\/li>\n<\/ul>\n<p data-start=\"801\" data-end=\"828\">\ud83d\udd39 <strong data-start=\"804\" data-end=\"826\">Th\u00f4ng s\u1ed1 chi ti\u1ebft:<\/strong><\/p>\n<ul data-start=\"829\" data-end=\"974\">\n<li data-start=\"829\" data-end=\"865\">\n<p data-start=\"831\" data-end=\"865\">Ch\u1ea5t li\u1ec7u: Silicon y t\u1ebf cao c\u1ea5p.<\/p>\n<\/li>\n<li data-start=\"866\" data-end=\"887\">\n<p data-start=\"868\" data-end=\"887\">Chi\u1ec1u d\u00e0i: ~33cm.<\/p>\n<\/li>\n<li data-start=\"888\" data-end=\"930\">\n<p data-start=\"890\" data-end=\"930\">M\u00e0u s\u1eafc: H\u1ed3ng da, t\u00edm, \u0111en (tu\u1ef3 ch\u1ecdn).<\/p>\n<\/li>\n<li data-start=\"931\" data-end=\"974\">\n<p data-start=\"933\" data-end=\"974\">\u0110\u1eb7c t\u00ednh: M\u1ec1m d\u1ebbo, \u0111\u00e0n h\u1ed3i, d\u1ec5 v\u1ec7 sinh.<\/p>\n<\/li>\n<\/ul>\n","protected":false},"featured_media":3268,"template":"","meta":[],"product_cat":[176,175],"product_tag":[],"class_list":{"0":"post-3466","1":"product","2":"type-product","3":"status-publish","4":"has-post-thumbnail","6":"product_cat-do-choi-cho-chi-em","7":"product_cat-may-rung","9":"first","10":"instock","11":"shipping-taxable","12":"purchasable","13":"product-type-simple"},"jetpack_sharing_enabled":true,"_links":{"self":[{"href":"https:\/\/analvn.com\/index.php?rest_route=\/wp\/v2\/product\/3466","targetHints":{"allow":["GET"]}}],"collection":[{"href":"https:\/\/analvn.com\/index.php?rest_route=\/wp\/v2\/product"}],"about":[{"href":"https:\/\/analvn.com\/index.php?rest_route=\/wp\/v2\/types\/product"}],"wp:featuredmedia":[{"embeddable":true,"href":"https:\/\/analvn.com\/index.php?rest_route=\/wp\/v2\/media\/3268"}],"wp:attachment":[{"href":"https:\/\/analvn.com\/index.php?rest_route=%2Fwp%2Fv2%2Fmedia&parent=3466"}],"wp:term":[{"taxonomy":"product_cat","embeddable":true,"href":"https:\/\/analvn.com\/index.php?rest_route=%2Fwp%2Fv2%2Fproduct_cat&post=3466"},{"taxonomy":"product_tag","embeddable":true,"href":"https:\/\/analvn.com\/index.php?rest_route=%2Fwp%2Fv2%2Fproduct_tag&post=3466"}],"curies":[{"name":"wp","href":"https:\/\/api.w.org\/{rel}","templated":true}]}}