{"id":3482,"date":"2025-08-25T15:09:22","date_gmt":"2025-08-25T15:09:22","guid":{"rendered":"https:\/\/analvn.com\/?post_type=product&#038;p=3482"},"modified":"2025-08-25T15:09:22","modified_gmt":"2025-08-25T15:09:22","slug":"do-choi-thuy-tinh-2-dau-trong-suot","status":"publish","type":"product","link":"https:\/\/analvn.com\/?product=do-choi-thuy-tinh-2-dau-trong-suot","title":{"rendered":"\u0110\u1ed5 ch\u01a1i th\u1ee7y tinh 2 \u0111\u1ea7u trong su\u1ed1t"},"content":{"rendered":"<p><img loading=\"lazy\" decoding=\"async\" class=\"alignnone size-medium wp-image-3305\" src=\"https:\/\/analvn.com\/wp-content\/uploads\/2025\/08\/z6277538484860_a78b9761644ea5a731084692ab8ee7b8-249x300.jpg\" alt=\"\" width=\"249\" height=\"300\" srcset=\"https:\/\/analvn.com\/wp-content\/uploads\/2025\/08\/z6277538484860_a78b9761644ea5a731084692ab8ee7b8-249x300.jpg 249w, https:\/\/analvn.com\/wp-content\/uploads\/2025\/08\/z6277538484860_a78b9761644ea5a731084692ab8ee7b8.jpg 560w\" sizes=\"auto, (max-width: 249px) 100vw, 249px\" \/> <img loading=\"lazy\" decoding=\"async\" class=\"alignnone size-medium wp-image-3304\" src=\"https:\/\/analvn.com\/wp-content\/uploads\/2025\/08\/z6277538484870_83f90d17abf859acfd3e8a719ed35324-203x300.jpg\" alt=\"\" width=\"203\" height=\"300\" srcset=\"https:\/\/analvn.com\/wp-content\/uploads\/2025\/08\/z6277538484870_83f90d17abf859acfd3e8a719ed35324-203x300.jpg 203w, https:\/\/analvn.com\/wp-content\/uploads\/2025\/08\/z6277538484870_83f90d17abf859acfd3e8a719ed35324.jpg 451w\" sizes=\"auto, (max-width: 203px) 100vw, 203px\" \/> <img loading=\"lazy\" decoding=\"async\" class=\"alignnone size-medium wp-image-3303\" src=\"https:\/\/analvn.com\/wp-content\/uploads\/2025\/08\/z6277538526619_5d05e01f17705209453287222b14528f-285x300.jpg\" alt=\"\" width=\"285\" height=\"300\" srcset=\"https:\/\/analvn.com\/wp-content\/uploads\/2025\/08\/z6277538526619_5d05e01f17705209453287222b14528f-285x300.jpg 285w, https:\/\/analvn.com\/wp-content\/uploads\/2025\/08\/z6277538526619_5d05e01f17705209453287222b14528f-600x631.jpg 600w, https:\/\/analvn.com\/wp-content\/uploads\/2025\/08\/z6277538526619_5d05e01f17705209453287222b14528f.jpg 645w\" sizes=\"auto, (max-width: 285px) 100vw, 285px\" \/><\/p>\n","protected":false},"excerpt":{"rendered":"<p data-start=\"56\" data-end=\"328\">S\u1ea3n ph\u1ea9m \u0111\u01b0\u1ee3c thi\u1ebft k\u1ebf t\u1eeb ch\u1ea5t li\u1ec7u <strong data-start=\"92\" data-end=\"118\">th\u1ee7y tinh y t\u1ebf cao c\u1ea5p<\/strong>, trong su\u1ed1t v\u00e0 s\u00e1ng b\u00f3ng, \u0111\u1ea3m b\u1ea3o an to\u00e0n, d\u1ec5 v\u1ec7 sinh v\u00e0 mang l\u1ea1i tr\u1ea3i nghi\u1ec7m m\u1edbi l\u1ea1. V\u1edbi ki\u1ec3u d\u00e1ng cong nh\u1eb9 c\u00f9ng nh\u1eefng \u0111\u01b0\u1eddng g\u00e2n v\u00e0 gai n\u1ed5i tr\u00ean th\u00e2n, s\u1ea3n ph\u1ea9m gi\u00fap t\u0103ng th\u00eam ma s\u00e1t v\u00e0 k\u00edch th\u00edch m\u00e3nh li\u1ec7t.<\/p>\n<ul data-start=\"330\" data-end=\"774\">\n<li data-start=\"330\" data-end=\"395\">\n<p data-start=\"332\" data-end=\"395\"><strong data-start=\"332\" data-end=\"347\">K\u00edch th\u01b0\u1edbc:<\/strong> chi\u1ec1u d\u00e0i 18cm, \u0111\u01b0\u1eddng k\u00ednh kho\u1ea3ng 2.0 \u2013 3.0cm<\/p>\n<\/li>\n<li data-start=\"396\" data-end=\"516\">\n<p data-start=\"398\" data-end=\"516\"><strong data-start=\"398\" data-end=\"417\">Thi\u1ebft k\u1ebf 2 \u0111\u1ea7u:<\/strong> M\u1ed7i \u0111\u1ea7u c\u00f3 \u0111\u1ed9 to kh\u00e1c nhau, m\u1ed9t \u0111\u1ea7u 2cm v\u00e0 m\u1ed9t \u0111\u1ea7u 3cm, d\u1ec5 d\u00e0ng thay \u0111\u1ed5i c\u1ea3m gi\u00e1c theo s\u1edf th\u00edch.<\/p>\n<\/li>\n<li data-start=\"517\" data-end=\"652\">\n<p data-start=\"519\" data-end=\"652\"><strong data-start=\"519\" data-end=\"533\">Ch\u1ea5t li\u1ec7u:<\/strong> th\u1ee7y tinh c\u01b0\u1eddng l\u1ef1c m\u1ecbn m\u00e0ng, an to\u00e0n, th\u00e2n thi\u1ec7n v\u1edbi da, c\u00f3 th\u1ec3 d\u00f9ng v\u1edbi n\u01b0\u1edbc n\u00f3ng ho\u1eb7c l\u1ea1nh \u0111\u1ec3 t\u0103ng th\u00eam h\u1ee9ng th\u00fa.<\/p>\n<\/li>\n<li data-start=\"653\" data-end=\"713\">\n<p data-start=\"655\" data-end=\"713\"><strong data-start=\"655\" data-end=\"667\">M\u00e0u s\u1eafc:<\/strong> h\u1ed3ng trong su\u1ed1t v\u00e0 t\u00edm \u00e1nh s\u00e1ng sang tr\u1ecdng.<\/p>\n<\/li>\n<li data-start=\"714\" data-end=\"774\">\n<p data-start=\"716\" data-end=\"774\"><strong data-start=\"716\" data-end=\"728\">\u01afu \u0111i\u1ec3m:<\/strong> d\u1ec5 d\u00e0ng v\u1ec7 sinh, kh\u00f4ng b\u00e1m m\u00f9i, \u0111\u1ed9 b\u1ec1n cao.<\/p>\n<\/li>\n<\/ul>\n","protected":false},"featured_media":3305,"template":"","meta":[],"product_cat":[19,164,173,176,162],"product_tag":[],"class_list":{"0":"post-3482","1":"product","2":"type-product","3":"status-publish","4":"has-post-thumbnail","6":"product_cat-anal","7":"product_cat-anal-medium","8":"product_cat-co-trung-binh","9":"product_cat-do-choi-cho-chi-em","10":"product_cat-duong-vat-gia","12":"first","13":"instock","14":"shipping-taxable","15":"purchasable","16":"product-type-simple"},"jetpack_sharing_enabled":true,"_links":{"self":[{"href":"https:\/\/analvn.com\/index.php?rest_route=\/wp\/v2\/product\/3482","targetHints":{"allow":["GET"]}}],"collection":[{"href":"https:\/\/analvn.com\/index.php?rest_route=\/wp\/v2\/product"}],"about":[{"href":"https:\/\/analvn.com\/index.php?rest_route=\/wp\/v2\/types\/product"}],"wp:featuredmedia":[{"embeddable":true,"href":"https:\/\/analvn.com\/index.php?rest_route=\/wp\/v2\/media\/3305"}],"wp:attachment":[{"href":"https:\/\/analvn.com\/index.php?rest_route=%2Fwp%2Fv2%2Fmedia&parent=3482"}],"wp:term":[{"taxonomy":"product_cat","embeddable":true,"href":"https:\/\/analvn.com\/index.php?rest_route=%2Fwp%2Fv2%2Fproduct_cat&post=3482"},{"taxonomy":"product_tag","embeddable":true,"href":"https:\/\/analvn.com\/index.php?rest_route=%2Fwp%2Fv2%2Fproduct_tag&post=3482"}],"curies":[{"name":"wp","href":"https:\/\/api.w.org\/{rel}","templated":true}]}}