{"id":3483,"date":"2025-08-25T15:14:24","date_gmt":"2025-08-25T15:14:24","guid":{"rendered":"https:\/\/analvn.com\/?post_type=product&#038;p=3483"},"modified":"2025-08-25T15:14:24","modified_gmt":"2025-08-25T15:14:24","slug":"duong-vat-gia-xit-nuoc-co-lon-gan-guoc","status":"publish","type":"product","link":"https:\/\/analvn.com\/?product=duong-vat-gia-xit-nuoc-co-lon-gan-guoc","title":{"rendered":"D\u01b0\u01a1ng v\u1eadt gi\u1ea3 x\u1ecbt n\u01b0\u1edbc c\u1ee1 l\u1edbn g\u00e2n gu\u1ed1c"},"content":{"rendered":"<p><img loading=\"lazy\" decoding=\"async\" class=\"alignnone size-medium wp-image-3307\" src=\"https:\/\/analvn.com\/wp-content\/uploads\/2025\/08\/z6219726035427_d6b2a3547bc65f079a70ed071559671a-Copy-300x300.jpg\" alt=\"\" width=\"300\" height=\"300\" srcset=\"https:\/\/analvn.com\/wp-content\/uploads\/2025\/08\/z6219726035427_d6b2a3547bc65f079a70ed071559671a-Copy-300x300.jpg 300w, https:\/\/analvn.com\/wp-content\/uploads\/2025\/08\/z6219726035427_d6b2a3547bc65f079a70ed071559671a-Copy-150x150.jpg 150w, https:\/\/analvn.com\/wp-content\/uploads\/2025\/08\/z6219726035427_d6b2a3547bc65f079a70ed071559671a-Copy-100x100.jpg 100w, https:\/\/analvn.com\/wp-content\/uploads\/2025\/08\/z6219726035427_d6b2a3547bc65f079a70ed071559671a-Copy-50x50.jpg 50w, https:\/\/analvn.com\/wp-content\/uploads\/2025\/08\/z6219726035427_d6b2a3547bc65f079a70ed071559671a-Copy.jpg 583w\" sizes=\"auto, (max-width: 300px) 100vw, 300px\" \/> <img loading=\"lazy\" decoding=\"async\" class=\"alignnone size-medium wp-image-3313\" src=\"https:\/\/analvn.com\/wp-content\/uploads\/2025\/08\/z6219726116988_711ade982f58f77a8a24f193ccde7590-300x262.jpg\" alt=\"\" width=\"300\" height=\"262\" srcset=\"https:\/\/analvn.com\/wp-content\/uploads\/2025\/08\/z6219726116988_711ade982f58f77a8a24f193ccde7590-300x262.jpg 300w, https:\/\/analvn.com\/wp-content\/uploads\/2025\/08\/z6219726116988_711ade982f58f77a8a24f193ccde7590-600x523.jpg 600w, https:\/\/analvn.com\/wp-content\/uploads\/2025\/08\/z6219726116988_711ade982f58f77a8a24f193ccde7590.jpg 765w\" sizes=\"auto, (max-width: 300px) 100vw, 300px\" \/> <img loading=\"lazy\" decoding=\"async\" class=\"alignnone size-medium wp-image-3312\" src=\"https:\/\/analvn.com\/wp-content\/uploads\/2025\/08\/z6219726116987_edbb4cfd24ed612c4717f1f2aa74ec19-290x300.jpg\" alt=\"\" width=\"290\" height=\"300\" srcset=\"https:\/\/analvn.com\/wp-content\/uploads\/2025\/08\/z6219726116987_edbb4cfd24ed612c4717f1f2aa74ec19-290x300.jpg 290w, https:\/\/analvn.com\/wp-content\/uploads\/2025\/08\/z6219726116987_edbb4cfd24ed612c4717f1f2aa74ec19.jpg 594w\" sizes=\"auto, (max-width: 290px) 100vw, 290px\" \/> <img loading=\"lazy\" decoding=\"async\" class=\"alignnone size-medium wp-image-3311\" src=\"https:\/\/analvn.com\/wp-content\/uploads\/2025\/08\/z6219726076536_aa5f4b206f08e5ff265fd25b749bbfa2-300x300.jpg\" alt=\"\" width=\"300\" height=\"300\" srcset=\"https:\/\/analvn.com\/wp-content\/uploads\/2025\/08\/z6219726076536_aa5f4b206f08e5ff265fd25b749bbfa2-300x300.jpg 300w, https:\/\/analvn.com\/wp-content\/uploads\/2025\/08\/z6219726076536_aa5f4b206f08e5ff265fd25b749bbfa2-150x150.jpg 150w, https:\/\/analvn.com\/wp-content\/uploads\/2025\/08\/z6219726076536_aa5f4b206f08e5ff265fd25b749bbfa2-600x602.jpg 600w, https:\/\/analvn.com\/wp-content\/uploads\/2025\/08\/z6219726076536_aa5f4b206f08e5ff265fd25b749bbfa2-100x100.jpg 100w, https:\/\/analvn.com\/wp-content\/uploads\/2025\/08\/z6219726076536_aa5f4b206f08e5ff265fd25b749bbfa2-50x50.jpg 50w, https:\/\/analvn.com\/wp-content\/uploads\/2025\/08\/z6219726076536_aa5f4b206f08e5ff265fd25b749bbfa2.jpg 611w\" sizes=\"auto, (max-width: 300px) 100vw, 300px\" \/> <img loading=\"lazy\" decoding=\"async\" class=\"alignnone size-medium wp-image-3310\" src=\"https:\/\/analvn.com\/wp-content\/uploads\/2025\/08\/z6219726076510_82816ad09997cb15215371afd30ebfbb-284x300.jpg\" alt=\"\" width=\"284\" height=\"300\" srcset=\"https:\/\/analvn.com\/wp-content\/uploads\/2025\/08\/z6219726076510_82816ad09997cb15215371afd30ebfbb-284x300.jpg 284w, https:\/\/analvn.com\/wp-content\/uploads\/2025\/08\/z6219726076510_82816ad09997cb15215371afd30ebfbb.jpg 593w\" sizes=\"auto, (max-width: 284px) 100vw, 284px\" \/> <img loading=\"lazy\" decoding=\"async\" class=\"alignnone size-medium wp-image-3309\" src=\"https:\/\/analvn.com\/wp-content\/uploads\/2025\/08\/z6219726035441_a25a3de78e111cadf2d90173344deb4d-275x300.jpg\" alt=\"\" width=\"275\" height=\"300\" srcset=\"https:\/\/analvn.com\/wp-content\/uploads\/2025\/08\/z6219726035441_a25a3de78e111cadf2d90173344deb4d-275x300.jpg 275w, https:\/\/analvn.com\/wp-content\/uploads\/2025\/08\/z6219726035441_a25a3de78e111cadf2d90173344deb4d.jpg 533w\" sizes=\"auto, (max-width: 275px) 100vw, 275px\" \/><\/p>\n","protected":false},"excerpt":{"rendered":"<p data-start=\"61\" data-end=\"237\">S\u1ea3n ph\u1ea9m \u0111\u01b0\u1ee3c thi\u1ebft k\u1ebf \u0111\u1ed9c \u0111\u00e1o v\u1edbi t\u1ea1o h\u00ecnh g\u00e2n gu\u1ed1c m\u1ea1nh m\u1ebd, k\u1ebft h\u1ee3p m\u00e0u s\u1eafc loang chuy\u1ec3n t\u1eeb h\u1ed3ng sang t\u00edm \u0111\u1ea7y l\u1ea1 m\u1eaft, mang l\u1ea1i tr\u1ea3i nghi\u1ec7m ch\u00e2n th\u1ef1c v\u00e0 k\u00edch th\u00edch th\u1ecb gi\u00e1c.<\/p>\n<h4 data-start=\"239\" data-end=\"268\"><strong data-start=\"244\" data-end=\"266\">Th\u00f4ng s\u1ed1 k\u1ef9 thu\u1eadt:<\/strong><\/h4>\n<ul data-start=\"269\" data-end=\"474\">\n<li data-start=\"269\" data-end=\"298\">\n<p data-start=\"271\" data-end=\"298\"><strong data-start=\"271\" data-end=\"290\">Chi\u1ec1u d\u00e0i t\u1ed5ng:<\/strong> 25 cm<\/p>\n<\/li>\n<li data-start=\"299\" data-end=\"331\">\n<p data-start=\"301\" data-end=\"331\"><strong data-start=\"301\" data-end=\"323\">Chi\u1ec1u d\u00e0i s\u1eed d\u1ee5ng:<\/strong> 22 cm<\/p>\n<\/li>\n<li data-start=\"332\" data-end=\"362\">\n<p data-start=\"334\" data-end=\"362\"><strong data-start=\"334\" data-end=\"353\">\u0110\u01b0\u1eddng k\u00ednh \u0111\u1ea7u:<\/strong> 4.2 cm<\/p>\n<\/li>\n<li data-start=\"363\" data-end=\"405\">\n<p data-start=\"365\" data-end=\"405\"><strong data-start=\"365\" data-end=\"396\">\u0110\u01b0\u1eddng k\u00ednh th\u00e2n trung b\u00ecnh:<\/strong> 5.6 cm<\/p>\n<\/li>\n<li data-start=\"406\" data-end=\"448\">\n<p data-start=\"408\" data-end=\"448\"><strong data-start=\"408\" data-end=\"439\">\u0110\u01b0\u1eddng k\u00ednh t\u1ed1i \u0111a ph\u1ea7n g\u1ed1c:<\/strong> 6.7 cm<\/p>\n<\/li>\n<li data-start=\"449\" data-end=\"474\">\n<p data-start=\"451\" data-end=\"474\"><strong data-start=\"451\" data-end=\"467\">Tr\u1ecdng l\u01b0\u1ee3ng:<\/strong> 563g<\/p>\n<\/li>\n<\/ul>\n<h4 data-start=\"476\" data-end=\"504\"><strong data-start=\"481\" data-end=\"502\">\u0110\u1eb7c \u0111i\u1ec3m n\u1ed5i b\u1eadt:<\/strong><\/h4>\n<ul data-start=\"505\" data-end=\"982\">\n<li data-start=\"505\" data-end=\"586\">\n<p data-start=\"507\" data-end=\"586\"><strong data-start=\"507\" data-end=\"521\">Ch\u1ea5t li\u1ec7u:<\/strong> Silicone y t\u1ebf cao c\u1ea5p, an to\u00e0n cho da, m\u1ec1m d\u1ebbo v\u00e0 \u0111\u00e0n h\u1ed3i t\u1ed1t.<\/p>\n<\/li>\n<li data-start=\"587\" data-end=\"655\">\n<p data-start=\"589\" data-end=\"655\"><strong data-start=\"589\" data-end=\"625\">Thi\u1ebft k\u1ebf g\u00e2n n\u1ed5i &amp; v\u00e2n chi ti\u1ebft:<\/strong> T\u0103ng kho\u00e1i c\u1ea3m khi s\u1eed d\u1ee5ng.<\/p>\n<\/li>\n<li data-start=\"802\" data-end=\"882\">\n<p data-start=\"804\" data-end=\"882\"><strong data-start=\"804\" data-end=\"821\">\u0110\u1ebf v\u1eefng ch\u1eafc:<\/strong> D\u1ec5 d\u00e0ng c\u1ed1 \u0111\u1ecbnh tr\u00ean nhi\u1ec1u b\u1ec1 m\u1eb7t \u0111\u1ec3 r\u1ea3nh tay khi s\u1eed d\u1ee5ng.<\/p>\n<\/li>\n<li data-start=\"883\" data-end=\"982\">\n<p data-start=\"885\" data-end=\"982\"><strong data-start=\"885\" data-end=\"900\">D\u1ec5 v\u1ec7 sinh:<\/strong> Ch\u1ed1ng th\u1ea5m n\u01b0\u1edbc, c\u00f3 th\u1ec3 r\u1eeda s\u1ea1ch b\u1eb1ng n\u01b0\u1edbc \u1ea5m v\u00e0 dung d\u1ecbch v\u1ec7 sinh chuy\u00ean d\u1ee5ng.<\/p>\n<\/li>\n<li data-start=\"587\" data-end=\"655\"><\/li>\n<\/ul>\n","protected":false},"featured_media":3308,"template":"","meta":[],"product_cat":[174,176,162],"product_tag":[],"class_list":{"0":"post-3483","1":"product","2":"type-product","3":"status-publish","4":"has-post-thumbnail","6":"product_cat-co-lon","7":"product_cat-do-choi-cho-chi-em","8":"product_cat-duong-vat-gia","10":"first","11":"instock","12":"shipping-taxable","13":"purchasable","14":"product-type-simple"},"jetpack_sharing_enabled":true,"_links":{"self":[{"href":"https:\/\/analvn.com\/index.php?rest_route=\/wp\/v2\/product\/3483","targetHints":{"allow":["GET"]}}],"collection":[{"href":"https:\/\/analvn.com\/index.php?rest_route=\/wp\/v2\/product"}],"about":[{"href":"https:\/\/analvn.com\/index.php?rest_route=\/wp\/v2\/types\/product"}],"wp:featuredmedia":[{"embeddable":true,"href":"https:\/\/analvn.com\/index.php?rest_route=\/wp\/v2\/media\/3308"}],"wp:attachment":[{"href":"https:\/\/analvn.com\/index.php?rest_route=%2Fwp%2Fv2%2Fmedia&parent=3483"}],"wp:term":[{"taxonomy":"product_cat","embeddable":true,"href":"https:\/\/analvn.com\/index.php?rest_route=%2Fwp%2Fv2%2Fproduct_cat&post=3483"},{"taxonomy":"product_tag","embeddable":true,"href":"https:\/\/analvn.com\/index.php?rest_route=%2Fwp%2Fv2%2Fproduct_tag&post=3483"}],"curies":[{"name":"wp","href":"https:\/\/api.w.org\/{rel}","templated":true}]}}