{"id":3484,"date":"2025-08-25T15:19:59","date_gmt":"2025-08-25T15:19:59","guid":{"rendered":"https:\/\/analvn.com\/?post_type=product&#038;p=3484"},"modified":"2025-08-25T15:19:59","modified_gmt":"2025-08-25T15:19:59","slug":"duong-vat-gia-bom-hoi-xit-nuoc-quai-thu","status":"publish","type":"product","link":"https:\/\/analvn.com\/?product=duong-vat-gia-bom-hoi-xit-nuoc-quai-thu","title":{"rendered":"D\u01b0\u01a1ng v\u1eadt gi\u1ea3 b\u01a1m h\u01a1i x\u1ecbt n\u01b0\u1edbc qu\u00e1i th\u00fa"},"content":{"rendered":"<div style=\"width: 640px;\" class=\"wp-video\"><video class=\"wp-video-shortcode\" id=\"video-3484-1\" width=\"640\" height=\"360\" preload=\"metadata\" controls=\"controls\"><source type=\"video\/mp4\" src=\"https:\/\/analvn.com\/wp-content\/uploads\/2025\/08\/6699303696281.mp4?_=1\" \/><a href=\"https:\/\/analvn.com\/wp-content\/uploads\/2025\/08\/6699303696281.mp4\">https:\/\/analvn.com\/wp-content\/uploads\/2025\/08\/6699303696281.mp4<\/a><\/video><\/div>\n<p><img loading=\"lazy\" decoding=\"async\" class=\"alignnone size-medium wp-image-3314\" src=\"https:\/\/analvn.com\/wp-content\/uploads\/2025\/08\/z6698146558611_5a6373d02d113b3f03b94cbd692b035e-300x268.jpg\" alt=\"\" width=\"300\" height=\"268\" srcset=\"https:\/\/analvn.com\/wp-content\/uploads\/2025\/08\/z6698146558611_5a6373d02d113b3f03b94cbd692b035e-300x268.jpg 300w, https:\/\/analvn.com\/wp-content\/uploads\/2025\/08\/z6698146558611_5a6373d02d113b3f03b94cbd692b035e-600x537.jpg 600w, https:\/\/analvn.com\/wp-content\/uploads\/2025\/08\/z6698146558611_5a6373d02d113b3f03b94cbd692b035e.jpg 683w\" sizes=\"auto, (max-width: 300px) 100vw, 300px\" \/> <img loading=\"lazy\" decoding=\"async\" class=\"alignnone size-medium wp-image-3319\" src=\"https:\/\/analvn.com\/wp-content\/uploads\/2025\/08\/z6699276075461_e648660ea16f7b1a095fb5241ec362a5-300x300.jpg\" alt=\"\" width=\"300\" height=\"300\" srcset=\"https:\/\/analvn.com\/wp-content\/uploads\/2025\/08\/z6699276075461_e648660ea16f7b1a095fb5241ec362a5-300x300.jpg 300w, https:\/\/analvn.com\/wp-content\/uploads\/2025\/08\/z6699276075461_e648660ea16f7b1a095fb5241ec362a5-150x150.jpg 150w, https:\/\/analvn.com\/wp-content\/uploads\/2025\/08\/z6699276075461_e648660ea16f7b1a095fb5241ec362a5-600x602.jpg 600w, https:\/\/analvn.com\/wp-content\/uploads\/2025\/08\/z6699276075461_e648660ea16f7b1a095fb5241ec362a5-100x100.jpg 100w, https:\/\/analvn.com\/wp-content\/uploads\/2025\/08\/z6699276075461_e648660ea16f7b1a095fb5241ec362a5-50x50.jpg 50w, https:\/\/analvn.com\/wp-content\/uploads\/2025\/08\/z6699276075461_e648660ea16f7b1a095fb5241ec362a5.jpg 646w\" sizes=\"auto, (max-width: 300px) 100vw, 300px\" \/> <img loading=\"lazy\" decoding=\"async\" class=\"alignnone size-medium wp-image-3318\" src=\"https:\/\/analvn.com\/wp-content\/uploads\/2025\/08\/z6699276075416_f4dc5189ae2ef208dc912ff4e568e5e3-300x300.jpg\" alt=\"\" width=\"300\" height=\"300\" srcset=\"https:\/\/analvn.com\/wp-content\/uploads\/2025\/08\/z6699276075416_f4dc5189ae2ef208dc912ff4e568e5e3-300x300.jpg 300w, https:\/\/analvn.com\/wp-content\/uploads\/2025\/08\/z6699276075416_f4dc5189ae2ef208dc912ff4e568e5e3-150x150.jpg 150w, https:\/\/analvn.com\/wp-content\/uploads\/2025\/08\/z6699276075416_f4dc5189ae2ef208dc912ff4e568e5e3-600x602.jpg 600w, https:\/\/analvn.com\/wp-content\/uploads\/2025\/08\/z6699276075416_f4dc5189ae2ef208dc912ff4e568e5e3-100x100.jpg 100w, https:\/\/analvn.com\/wp-content\/uploads\/2025\/08\/z6699276075416_f4dc5189ae2ef208dc912ff4e568e5e3-50x50.jpg 50w, https:\/\/analvn.com\/wp-content\/uploads\/2025\/08\/z6699276075416_f4dc5189ae2ef208dc912ff4e568e5e3.jpg 650w\" sizes=\"auto, (max-width: 300px) 100vw, 300px\" \/> <img loading=\"lazy\" decoding=\"async\" class=\"alignnone size-medium wp-image-3317\" src=\"https:\/\/analvn.com\/wp-content\/uploads\/2025\/08\/z6699276075370_be06f27ec6cdc0830ea5019caa46055e-297x300.jpg\" alt=\"\" width=\"297\" height=\"300\" srcset=\"https:\/\/analvn.com\/wp-content\/uploads\/2025\/08\/z6699276075370_be06f27ec6cdc0830ea5019caa46055e-297x300.jpg 297w, https:\/\/analvn.com\/wp-content\/uploads\/2025\/08\/z6699276075370_be06f27ec6cdc0830ea5019caa46055e-600x606.jpg 600w, https:\/\/analvn.com\/wp-content\/uploads\/2025\/08\/z6699276075370_be06f27ec6cdc0830ea5019caa46055e-100x100.jpg 100w, https:\/\/analvn.com\/wp-content\/uploads\/2025\/08\/z6699276075370_be06f27ec6cdc0830ea5019caa46055e-50x50.jpg 50w, https:\/\/analvn.com\/wp-content\/uploads\/2025\/08\/z6699276075370_be06f27ec6cdc0830ea5019caa46055e.jpg 632w\" sizes=\"auto, (max-width: 297px) 100vw, 297px\" \/> <img loading=\"lazy\" decoding=\"async\" class=\"alignnone size-medium wp-image-3316\" src=\"https:\/\/analvn.com\/wp-content\/uploads\/2025\/08\/z6699276075368_47349dee29e6e376913a40dc6b860c8d-300x296.jpg\" alt=\"\" width=\"300\" height=\"296\" srcset=\"https:\/\/analvn.com\/wp-content\/uploads\/2025\/08\/z6699276075368_47349dee29e6e376913a40dc6b860c8d-300x296.jpg 300w, https:\/\/analvn.com\/wp-content\/uploads\/2025\/08\/z6699276075368_47349dee29e6e376913a40dc6b860c8d-600x591.jpg 600w, https:\/\/analvn.com\/wp-content\/uploads\/2025\/08\/z6699276075368_47349dee29e6e376913a40dc6b860c8d-100x100.jpg 100w, https:\/\/analvn.com\/wp-content\/uploads\/2025\/08\/z6699276075368_47349dee29e6e376913a40dc6b860c8d-50x50.jpg 50w, https:\/\/analvn.com\/wp-content\/uploads\/2025\/08\/z6699276075368_47349dee29e6e376913a40dc6b860c8d.jpg 755w\" sizes=\"auto, (max-width: 300px) 100vw, 300px\" \/> <img loading=\"lazy\" decoding=\"async\" class=\"alignnone size-medium wp-image-3315\" src=\"https:\/\/analvn.com\/wp-content\/uploads\/2025\/08\/z6699276075367_8bd2e68a2368e88d410ea618a8a2491f-300x259.jpg\" alt=\"\" width=\"300\" height=\"259\" srcset=\"https:\/\/analvn.com\/wp-content\/uploads\/2025\/08\/z6699276075367_8bd2e68a2368e88d410ea618a8a2491f-300x259.jpg 300w, https:\/\/analvn.com\/wp-content\/uploads\/2025\/08\/z6699276075367_8bd2e68a2368e88d410ea618a8a2491f-768x664.jpg 768w, https:\/\/analvn.com\/wp-content\/uploads\/2025\/08\/z6699276075367_8bd2e68a2368e88d410ea618a8a2491f-600x518.jpg 600w, https:\/\/analvn.com\/wp-content\/uploads\/2025\/08\/z6699276075367_8bd2e68a2368e88d410ea618a8a2491f.jpg 802w\" sizes=\"auto, (max-width: 300px) 100vw, 300px\" \/><\/p>\n","protected":false},"excerpt":{"rendered":"<ul data-start=\"214\" data-end=\"888\">\n<li data-start=\"214\" data-end=\"293\">\n<p data-start=\"216\" data-end=\"293\"><strong data-start=\"216\" data-end=\"229\">Ch\u1ea5t li\u1ec7u<\/strong>: Silicone y t\u1ebf cao c\u1ea5p, m\u1ec1m m\u1ea1i, \u0111\u00e0n h\u1ed3i, an to\u00e0n cho c\u01a1 th\u1ec3.<\/p>\n<\/li>\n<li data-start=\"294\" data-end=\"361\">\n<p data-start=\"296\" data-end=\"361\"><strong data-start=\"296\" data-end=\"314\">Chi\u1ec1u d\u00e0i t\u1ed5ng<\/strong>: ~20.4 cm tr\u01b0\u1edbc khi b\u01a1m, ~20 cm sau khi b\u01a1m.<\/p>\n<\/li>\n<li data-start=\"362\" data-end=\"472\">\n<p data-start=\"364\" data-end=\"390\"><strong data-start=\"364\" data-end=\"387\">\u0110\u01b0\u1eddng k\u00ednh thay \u0111\u1ed5i<\/strong>:<\/p>\n<ul data-start=\"393\" data-end=\"472\">\n<li data-start=\"393\" data-end=\"417\">\n<p data-start=\"395\" data-end=\"417\">\u0110\u1ea7u: 3.3 cm \u2013 3.8 cm Th\u00e2n: 3.9 cm \u2013 6.5 cm G\u1ed1c: 8.2 cm \u2013 8.4 cm<\/p>\n<\/li>\n<\/ul>\n<\/li>\n<li data-start=\"473\" data-end=\"528\">\n<p data-start=\"475\" data-end=\"528\"><strong data-start=\"475\" data-end=\"490\">Tr\u1ecdng l\u01b0\u1ee3ng<\/strong>: ch\u1eafc tay, ph\u00f9 h\u1ee3p s\u1eed d\u1ee5ng l\u00e2u d\u00e0i.<\/p>\n<\/li>\n<li data-start=\"529\" data-end=\"683\">\n<p data-start=\"531\" data-end=\"555\"><strong data-start=\"531\" data-end=\"552\">C\u00f4ng ngh\u1ec7 b\u01a1m h\u01a1i<\/strong>:<\/p>\n<ul data-start=\"558\" data-end=\"683\">\n<li data-start=\"558\" data-end=\"635\">\n<p data-start=\"560\" data-end=\"635\">K\u00e8m b\u00f3ng b\u01a1m tay ti\u1ec7n l\u1ee3i, ch\u1ec9 c\u1ea7n b\u00f3p \u0111\u1ec3 t\u0103ng k\u00edch th\u01b0\u1edbc theo mong mu\u1ed1n.<\/p>\n<\/li>\n<li data-start=\"638\" data-end=\"683\">\n<p data-start=\"640\" data-end=\"683\">C\u00f3 th\u1ec3 x\u1ea3 h\u01a1i d\u1ec5 d\u00e0ng qua van x\u1ea3 an to\u00e0n.<\/p>\n<\/li>\n<\/ul>\n<\/li>\n<li data-start=\"684\" data-end=\"794\">\n<p data-start=\"686\" data-end=\"794\"><strong data-start=\"686\" data-end=\"704\">T\u0103ng kho\u00e1i c\u1ea3m<\/strong>: B\u1ec1 m\u1eb7t nhi\u1ec1u g\u00e2n n\u1ed5i v\u00e0 chi ti\u1ebft ph\u1ee9c t\u1ea1p, mang \u0111\u1ebfn c\u1ea3m gi\u00e1c ma s\u00e1t m\u1ea1nh m\u1ebd v\u00e0 m\u1edbi l\u1ea1.<\/p>\n<\/li>\n<li data-start=\"795\" data-end=\"888\">\n<p data-start=\"797\" data-end=\"888\"><strong data-start=\"797\" data-end=\"818\">\u0110\u1ebf h\u00fat ch\u00e2n kh\u00f4ng<\/strong>: Gi\u00fap c\u1ed1 \u0111\u1ecbnh s\u1ea3n ph\u1ea9m tr\u00ean nhi\u1ec1u b\u1ec1 m\u1eb7t ph\u1eb3ng, gi\u1ea3i ph\u00f3ng \u0111\u00f4i tay.<\/p>\n<\/li>\n<\/ul>\n<h4 data-start=\"890\" data-end=\"903\">\u01afu \u0111i\u1ec3m:<\/h4>\n<ul data-start=\"904\" data-end=\"1060\">\n<li data-start=\"904\" data-end=\"952\">\n<p data-start=\"906\" data-end=\"952\">Thay \u0111\u1ed5i k\u00edch th\u01b0\u1edbc linh ho\u1ea1t theo s\u1edf th\u00edch.<\/p>\n<\/li>\n<li data-start=\"953\" data-end=\"1023\">\n<p data-start=\"955\" data-end=\"1023\">Ph\u00f9 h\u1ee3p cho c\u1ea3 ng\u01b0\u1eddi m\u1edbi mu\u1ed1n kh\u00e1m ph\u00e1 v\u00e0 ng\u01b0\u1eddi \u0111\u00e3 c\u00f3 kinh nghi\u1ec7m.<\/p>\n<\/li>\n<li data-start=\"1024\" data-end=\"1060\">\n<p data-start=\"1026\" data-end=\"1060\">D\u1ec5 d\u00e0ng v\u1ec7 sinh sau khi s\u1eed d\u1ee5ng.<\/p>\n<\/li>\n<\/ul>\n","protected":false},"featured_media":3316,"template":"","meta":[],"product_cat":[174,176,162],"product_tag":[],"class_list":{"0":"post-3484","1":"product","2":"type-product","3":"status-publish","4":"has-post-thumbnail","6":"product_cat-co-lon","7":"product_cat-do-choi-cho-chi-em","8":"product_cat-duong-vat-gia","10":"first","11":"instock","12":"shipping-taxable","13":"purchasable","14":"product-type-simple"},"jetpack_sharing_enabled":true,"_links":{"self":[{"href":"https:\/\/analvn.com\/index.php?rest_route=\/wp\/v2\/product\/3484","targetHints":{"allow":["GET"]}}],"collection":[{"href":"https:\/\/analvn.com\/index.php?rest_route=\/wp\/v2\/product"}],"about":[{"href":"https:\/\/analvn.com\/index.php?rest_route=\/wp\/v2\/types\/product"}],"wp:featuredmedia":[{"embeddable":true,"href":"https:\/\/analvn.com\/index.php?rest_route=\/wp\/v2\/media\/3316"}],"wp:attachment":[{"href":"https:\/\/analvn.com\/index.php?rest_route=%2Fwp%2Fv2%2Fmedia&parent=3484"}],"wp:term":[{"taxonomy":"product_cat","embeddable":true,"href":"https:\/\/analvn.com\/index.php?rest_route=%2Fwp%2Fv2%2Fproduct_cat&post=3484"},{"taxonomy":"product_tag","embeddable":true,"href":"https:\/\/analvn.com\/index.php?rest_route=%2Fwp%2Fv2%2Fproduct_tag&post=3484"}],"curies":[{"name":"wp","href":"https:\/\/api.w.org\/{rel}","templated":true}]}}