{"id":3496,"date":"2025-08-25T16:12:49","date_gmt":"2025-08-25T16:12:49","guid":{"rendered":"https:\/\/analvn.com\/?post_type=product&#038;p=3496"},"modified":"2025-08-25T16:12:50","modified_gmt":"2025-08-25T16:12:50","slug":"may-massage-mini-dau-tron-cam-tay-sac-usb","status":"publish","type":"product","link":"https:\/\/analvn.com\/?product=may-massage-mini-dau-tron-cam-tay-sac-usb","title":{"rendered":"M\u00e1y Massage Mini \u0110\u1ea7u Tr\u00f2n C\u1ea7m Tay S\u1ea1c USB"},"content":{"rendered":"","protected":false},"excerpt":{"rendered":"<ul data-start=\"330\" data-end=\"868\">\n<li data-start=\"330\" data-end=\"421\">\n<p data-start=\"332\" data-end=\"421\"><strong data-start=\"332\" data-end=\"352\">Thi\u1ebft k\u1ebf nh\u1ecf g\u1ecdn<\/strong>: K\u00edch th\u01b0\u1edbc ch\u1ec9 <strong data-start=\"369\" data-end=\"380\">10.8 cm<\/strong>, d\u1ec5 d\u00e0ng c\u1ea7m n\u1eafm v\u00e0 mang theo m\u1ecdi n\u01a1i.<\/p>\n<\/li>\n<li data-start=\"422\" data-end=\"506\">\n<p data-start=\"424\" data-end=\"506\"><strong data-start=\"424\" data-end=\"451\">\u0110\u1ea7u massage tr\u00f2n 3.8 cm<\/strong>: \u00cam \u00e1i, ti\u1ebfp x\u00fac \u0111\u1ec1u, ph\u00f9 h\u1ee3p cho nhi\u1ec1u v\u00f9ng c\u01a1 th\u1ec3.<\/p>\n<\/li>\n<li data-start=\"507\" data-end=\"625\">\n<p data-start=\"509\" data-end=\"625\"><strong data-start=\"509\" data-end=\"530\">Nhi\u1ec1u ch\u1ebf \u0111\u1ed9 rung<\/strong>: \u0110\u01b0\u1ee3c t\u00edch h\u1ee3p <strong data-start=\"546\" data-end=\"578\">nhi\u1ec1u t\u1ea7n s\u1ed1 rung m\u1ea1nh \u2013 nh\u1eb9<\/strong>, d\u1ec5 d\u00e0ng \u0111i\u1ec1u ch\u1ec9nh b\u1eb1ng 2 n\u00fat b\u1ea5m ti\u1ec7n l\u1ee3i.<\/p>\n<\/li>\n<li data-start=\"626\" data-end=\"735\">\n<p data-start=\"628\" data-end=\"735\"><strong data-start=\"628\" data-end=\"649\">S\u1ea1c USB ti\u1ec7n d\u1ee5ng<\/strong>: Pin s\u1ea1c qua c\u1ed5ng USB, c\u00f3 th\u1ec3 s\u1ea1c b\u1eb1ng laptop, s\u1ea1c d\u1ef1 ph\u00f2ng ho\u1eb7c c\u1ee7 s\u1ea1c \u0111i\u1ec7n tho\u1ea1i.<\/p>\n<\/li>\n<li data-start=\"736\" data-end=\"795\">\n<p data-start=\"738\" data-end=\"795\"><strong data-start=\"738\" data-end=\"756\">Ch\u1ed1ng n\u01b0\u1edbc nh\u1eb9<\/strong>: Thu\u1eadn ti\u1ec7n v\u1ec7 sinh sau khi s\u1eed d\u1ee5ng.<\/p>\n<\/li>\n<li data-start=\"796\" data-end=\"868\">\n<p data-start=\"798\" data-end=\"868\"><strong data-start=\"798\" data-end=\"817\">Ho\u1ea1t \u0111\u1ed9ng \u00eam \u00e1i<\/strong>: C\u00f4ng ngh\u1ec7 gi\u1ea3m \u1ed3n, kh\u00f4ng g\u00e2y kh\u00f3 ch\u1ecbu khi d\u00f9ng.<\/p>\n<\/li>\n<\/ul>\n<p data-start=\"870\" data-end=\"895\">\ud83d\udd39 <strong data-start=\"873\" data-end=\"894\">Th\u00f4ng s\u1ed1 k\u1ef9 thu\u1eadt<\/strong>:<\/p>\n<ul data-start=\"896\" data-end=\"1051\">\n<li data-start=\"896\" data-end=\"933\">\n<p data-start=\"898\" data-end=\"933\">Ch\u1ea5t li\u1ec7u: Silicone + ABS cao c\u1ea5p<\/p>\n<\/li>\n<li data-start=\"999\" data-end=\"1017\">\n<p data-start=\"1001\" data-end=\"1017\">Ngu\u1ed3n: S\u1ea1c USB<\/p>\n<\/li>\n<\/ul>\n","protected":false},"featured_media":3369,"template":"","meta":[],"product_cat":[21,176],"product_tag":[],"class_list":{"0":"post-3496","1":"product","2":"type-product","3":"status-publish","4":"has-post-thumbnail","6":"product_cat-chay-rung","7":"product_cat-do-choi-cho-chi-em","9":"first","10":"instock","11":"shipping-taxable","12":"purchasable","13":"product-type-variable"},"jetpack_sharing_enabled":true,"_links":{"self":[{"href":"https:\/\/analvn.com\/index.php?rest_route=\/wp\/v2\/product\/3496","targetHints":{"allow":["GET"]}}],"collection":[{"href":"https:\/\/analvn.com\/index.php?rest_route=\/wp\/v2\/product"}],"about":[{"href":"https:\/\/analvn.com\/index.php?rest_route=\/wp\/v2\/types\/product"}],"wp:featuredmedia":[{"embeddable":true,"href":"https:\/\/analvn.com\/index.php?rest_route=\/wp\/v2\/media\/3369"}],"wp:attachment":[{"href":"https:\/\/analvn.com\/index.php?rest_route=%2Fwp%2Fv2%2Fmedia&parent=3496"}],"wp:term":[{"taxonomy":"product_cat","embeddable":true,"href":"https:\/\/analvn.com\/index.php?rest_route=%2Fwp%2Fv2%2Fproduct_cat&post=3496"},{"taxonomy":"product_tag","embeddable":true,"href":"https:\/\/analvn.com\/index.php?rest_route=%2Fwp%2Fv2%2Fproduct_tag&post=3496"}],"curies":[{"name":"wp","href":"https:\/\/api.w.org\/{rel}","templated":true}]}}