{"id":3577,"date":"2025-09-25T13:03:29","date_gmt":"2025-09-25T13:03:29","guid":{"rendered":"https:\/\/analvn.com\/?post_type=product&#038;p=3577"},"modified":"2025-09-25T13:04:52","modified_gmt":"2025-09-25T13:04:52","slug":"combo-2","status":"publish","type":"product","link":"https:\/\/analvn.com\/?product=combo-2","title":{"rendered":"Combo 3 Plug h\u1eadu m\u00f4n Black Metal"},"content":{"rendered":"<p><img loading=\"lazy\" decoding=\"async\" class=\"alignnone size-medium wp-image-3517\" src=\"https:\/\/analvn.com\/wp-content\/uploads\/2025\/09\/z7007470038172_4ca28b19477267c3db5a60f65ce25809-300x266.jpg\" alt=\"\" width=\"300\" height=\"266\" srcset=\"https:\/\/analvn.com\/wp-content\/uploads\/2025\/09\/z7007470038172_4ca28b19477267c3db5a60f65ce25809-300x266.jpg 300w, https:\/\/analvn.com\/wp-content\/uploads\/2025\/09\/z7007470038172_4ca28b19477267c3db5a60f65ce25809-600x532.jpg 600w, https:\/\/analvn.com\/wp-content\/uploads\/2025\/09\/z7007470038172_4ca28b19477267c3db5a60f65ce25809.jpg 724w\" sizes=\"auto, (max-width: 300px) 100vw, 300px\" \/><\/p>\n","protected":false},"excerpt":{"rendered":"<h4 data-start=\"380\" data-end=\"407\">\ud83d\udd39 \u0110\u1eb7c \u0111i\u1ec3m n\u1ed5i b\u1eadt:<\/h4>\n<ul data-start=\"408\" data-end=\"1059\">\n<li data-start=\"408\" data-end=\"496\">\n<p data-start=\"410\" data-end=\"496\"><strong data-start=\"410\" data-end=\"431\">Ch\u1ea5t li\u1ec7u cao c\u1ea5p<\/strong>: h\u1ee3p kim kh\u00f4ng g\u1ec9, b\u1ec1 m\u1eb7t m\u1ecbn v\u00e0 m\u00e1t l\u1ea1nh, an to\u00e0n cho c\u01a1 th\u1ec3.<\/p>\n<\/li>\n<li data-start=\"497\" data-end=\"611\">\n<p data-start=\"499\" data-end=\"611\"><strong data-start=\"499\" data-end=\"522\">Thi\u1ebft k\u1ebf sang tr\u1ecdng<\/strong>: \u0111u\u00f4i plug \u0111\u01b0\u1ee3c g\u1eafn \u0111\u00e1 qu\u00fd nhi\u1ec1u m\u00e0u s\u1eafc, v\u1eeba g\u1ee3i c\u1ea3m v\u1eeba th\u1eddi trang.<\/p>\n<\/li>\n<li data-start=\"777\" data-end=\"846\">\n<p data-start=\"779\" data-end=\"846\"><strong data-start=\"779\" data-end=\"797\">\u0110\u1ebf loe an to\u00e0n<\/strong>: gi\u1eef plug c\u1ed1 \u0111\u1ecbnh, ng\u0103n tr\u01b0\u1ee3t s\u00e2u khi s\u1eed d\u1ee5ng.<\/p>\n<\/li>\n<li data-start=\"847\" data-end=\"961\">\n<p data-start=\"849\" data-end=\"961\"><strong data-start=\"849\" data-end=\"872\">Tr\u1ea3i nghi\u1ec7m \u0111a d\u1ea1ng<\/strong>: ph\u00f9 h\u1ee3p cho c\u1ea3 ng\u01b0\u1eddi m\u1edbi b\u1eaft \u0111\u1ea7u v\u00e0 ng\u01b0\u1eddi \u0111\u00e3 quen, t\u1eeb nh\u1eb9 nh\u00e0ng \u0111\u1ebfn c\u1ea3m gi\u00e1c \u0111\u1ea7y \u0111\u1eb7n.<\/p>\n<\/li>\n<li data-start=\"962\" data-end=\"1059\">\n<p data-start=\"964\" data-end=\"1059\"><strong data-start=\"964\" data-end=\"978\">D\u1ec5 v\u1ec7 sinh<\/strong>: b\u1ec1 m\u1eb7t nh\u1eb5n b\u00f3ng, kh\u00f4ng b\u00e1m m\u00f9i, c\u00f3 th\u1ec3 r\u1eeda s\u1ea1ch nhanh ch\u00f3ng sau khi s\u1eed d\u1ee5ng.<\/p>\n<\/li>\n<\/ul>\n","protected":false},"featured_media":3518,"template":"","meta":[],"product_cat":[19,163,164],"product_tag":[],"class_list":{"0":"post-3577","1":"product","2":"type-product","3":"status-publish","4":"has-post-thumbnail","6":"product_cat-anal","7":"product_cat-anal-small","8":"product_cat-anal-medium","10":"first","11":"instock","12":"shipping-taxable","13":"purchasable","14":"product-type-variable"},"jetpack_sharing_enabled":true,"_links":{"self":[{"href":"https:\/\/analvn.com\/index.php?rest_route=\/wp\/v2\/product\/3577","targetHints":{"allow":["GET"]}}],"collection":[{"href":"https:\/\/analvn.com\/index.php?rest_route=\/wp\/v2\/product"}],"about":[{"href":"https:\/\/analvn.com\/index.php?rest_route=\/wp\/v2\/types\/product"}],"wp:featuredmedia":[{"embeddable":true,"href":"https:\/\/analvn.com\/index.php?rest_route=\/wp\/v2\/media\/3518"}],"wp:attachment":[{"href":"https:\/\/analvn.com\/index.php?rest_route=%2Fwp%2Fv2%2Fmedia&parent=3577"}],"wp:term":[{"taxonomy":"product_cat","embeddable":true,"href":"https:\/\/analvn.com\/index.php?rest_route=%2Fwp%2Fv2%2Fproduct_cat&post=3577"},{"taxonomy":"product_tag","embeddable":true,"href":"https:\/\/analvn.com\/index.php?rest_route=%2Fwp%2Fv2%2Fproduct_tag&post=3577"}],"curies":[{"name":"wp","href":"https:\/\/api.w.org\/{rel}","templated":true}]}}